{"id":82523,"date":"2023-07-14T23:03:01","date_gmt":"2023-07-14T21:03:01","guid":{"rendered":"https:\/\/www.tendenzeshabbychic.it\/prodotto\/nuvole-di-stoffa-cuillere-a-cafe-ceramique-demetra-rose-h-16\/"},"modified":"2025-07-08T08:41:42","modified_gmt":"2025-07-08T07:41:42","slug":"nuvole-di-stoffa-cuillere-a-cafe-ceramique-demetra-rose-h-16","status":"publish","type":"product","link":"https:\/\/www.tendenzeshabbychic.it\/fr\/produit\/nuvole-di-stoffa-cuillere-a-cafe-ceramique-demetra-rose-h-16\/","title":{"rendered":"Nuvole di Stoffa Cuill\u00e8re en c\u00e9ramique rose Demetra H 16"},"content":{"rendered":"<p>Cuill\u00e8re en c\u00e9ramique rose de la collection Demetra de Nuvole di Stoffa.<\/p>\n","protected":false},"excerpt":{"rendered":"<p>Cuill\u00e8re en c\u00e9ramique rose de la collection Demetra de Nuvole di Stoffa.<\/p>\n","protected":false},"featured_media":194559,"comment_status":"open","ping_status":"closed","template":"","meta":{"_joinchat":[]},"pwb-brand":[1563],"product_brand":[],"product_cat":[1471],"product_tag":[2916,1377,3285],"class_list":{"0":"post-82523","1":"product","2":"type-product","3":"status-publish","4":"has-post-thumbnail","6":"pwb-brand-nuvole-di-stoffa-fr","7":"product_cat-accessoires-de-cuisine","8":"product_tag-ceramique-et-porcelaine","9":"product_tag-demetra-fr","10":"product_tag-ventes","11":"pa_colore-rose","13":"first","14":"outofstock","15":"sale","16":"taxable","17":"shipping-taxable","18":"purchasable","19":"product-type-simple"},"brands":[{"id":1563,"name":"Nuvole di Stoffa","slug":"nuvole-di-stoffa-fr"}],"_links":{"self":[{"href":"https:\/\/www.tendenzeshabbychic.it\/fr\/wp-json\/wp\/v2\/product\/82523","targetHints":{"allow":["GET"]}}],"collection":[{"href":"https:\/\/www.tendenzeshabbychic.it\/fr\/wp-json\/wp\/v2\/product"}],"about":[{"href":"https:\/\/www.tendenzeshabbychic.it\/fr\/wp-json\/wp\/v2\/types\/product"}],"replies":[{"embeddable":true,"href":"https:\/\/www.tendenzeshabbychic.it\/fr\/wp-json\/wp\/v2\/comments?post=82523"}],"wp:featuredmedia":[{"embeddable":true,"href":"https:\/\/www.tendenzeshabbychic.it\/fr\/wp-json\/wp\/v2\/media\/194559"}],"wp:attachment":[{"href":"https:\/\/www.tendenzeshabbychic.it\/fr\/wp-json\/wp\/v2\/media?parent=82523"}],"wp:term":[{"taxonomy":"pwb-brand","embeddable":true,"href":"https:\/\/www.tendenzeshabbychic.it\/fr\/wp-json\/wp\/v2\/pwb-brand?post=82523"},{"taxonomy":"product_brand","embeddable":true,"href":"https:\/\/www.tendenzeshabbychic.it\/fr\/wp-json\/wp\/v2\/product_brand?post=82523"},{"taxonomy":"product_cat","embeddable":true,"href":"https:\/\/www.tendenzeshabbychic.it\/fr\/wp-json\/wp\/v2\/product_cat?post=82523"},{"taxonomy":"product_tag","embeddable":true,"href":"https:\/\/www.tendenzeshabbychic.it\/fr\/wp-json\/wp\/v2\/product_tag?post=82523"}],"curies":[{"name":"wp","href":"https:\/\/api.w.org\/{rel}","templated":true}]}}