{"id":82461,"date":"2025-02-11T13:45:09","date_gmt":"2025-02-11T12:45:09","guid":{"rendered":"https:\/\/www.tendenzeshabbychic.it\/prodotto\/mathilde-m-ensemble-de-salle-de-bains-en-ceramique-madame-de-recamier-rose-4-pieces\/"},"modified":"2026-02-11T13:48:50","modified_gmt":"2026-02-11T12:48:50","slug":"mathilde-m-ensemble-de-salle-de-bains-en-ceramique-madame-de-recamier-rose-4-pieces","status":"publish","type":"product","link":"https:\/\/www.tendenzeshabbychic.it\/fr\/produit\/mathilde-m-ensemble-de-salle-de-bains-en-ceramique-madame-de-recamier-rose-4-pieces\/","title":{"rendered":"Mathilde M Rose Madame de R\u00e9camier ensemble de salle de bain en c\u00e9ramique 4 pi\u00e8ces"},"content":{"rendered":"","protected":false},"excerpt":{"rendered":"<p>Ensemble de salle de bain Mathilde M Madame de R\u00e9camier en c\u00e9ramique rose, blanche et d\u00e9tails dor\u00e9s compos\u00e9 de 4 pi\u00e8ces :<\/p>\n<ul>\n<li>1 porte-savon liquide L 7 x P 7 x H 22,5 cm<\/li>\n<li>1 sac en coton L 8 x P 8 x H 16 cm<\/li>\n<li>1 porte tout L 7 x P 7 x H 12 cm<\/li>\n<li>1 porte-savon L 10 x P 10 x H 3,5 cm<\/li>\n<\/ul>\n","protected":false},"featured_media":117504,"comment_status":"open","ping_status":"closed","template":"","meta":{"_joinchat":[]},"pwb-brand":[621],"product_brand":[],"product_cat":[1463],"product_tag":[636],"class_list":{"0":"post-82461","1":"product","2":"type-product","3":"status-publish","4":"has-post-thumbnail","6":"pwb-brand-mathilde-m","7":"product_cat-accessoires-de-bains","8":"product_tag-madame-de-recamier","9":"pa_colore-bianco","10":"pa_colore-oro","11":"pa_colore-rosa","13":"first","14":"instock","15":"taxable","16":"shipping-taxable","17":"purchasable","18":"product-type-simple"},"brands":[{"id":1562,"name":"Mathilde M.","slug":"mathilde-m-fr"}],"_links":{"self":[{"href":"https:\/\/www.tendenzeshabbychic.it\/fr\/wp-json\/wp\/v2\/product\/82461","targetHints":{"allow":["GET"]}}],"collection":[{"href":"https:\/\/www.tendenzeshabbychic.it\/fr\/wp-json\/wp\/v2\/product"}],"about":[{"href":"https:\/\/www.tendenzeshabbychic.it\/fr\/wp-json\/wp\/v2\/types\/product"}],"replies":[{"embeddable":true,"href":"https:\/\/www.tendenzeshabbychic.it\/fr\/wp-json\/wp\/v2\/comments?post=82461"}],"wp:featuredmedia":[{"embeddable":true,"href":"https:\/\/www.tendenzeshabbychic.it\/fr\/wp-json\/wp\/v2\/media\/117504"}],"wp:attachment":[{"href":"https:\/\/www.tendenzeshabbychic.it\/fr\/wp-json\/wp\/v2\/media?parent=82461"}],"wp:term":[{"taxonomy":"pwb-brand","embeddable":true,"href":"https:\/\/www.tendenzeshabbychic.it\/fr\/wp-json\/wp\/v2\/pwb-brand?post=82461"},{"taxonomy":"product_brand","embeddable":true,"href":"https:\/\/www.tendenzeshabbychic.it\/fr\/wp-json\/wp\/v2\/product_brand?post=82461"},{"taxonomy":"product_cat","embeddable":true,"href":"https:\/\/www.tendenzeshabbychic.it\/fr\/wp-json\/wp\/v2\/product_cat?post=82461"},{"taxonomy":"product_tag","embeddable":true,"href":"https:\/\/www.tendenzeshabbychic.it\/fr\/wp-json\/wp\/v2\/product_tag?post=82461"}],"curies":[{"name":"wp","href":"https:\/\/api.w.org\/{rel}","templated":true}]}}