{"id":80195,"date":"2023-06-25T10:57:33","date_gmt":"2023-06-25T08:57:33","guid":{"rendered":"https:\/\/www.tendenzeshabbychic.it\/prodotto\/service-d-assiettes-madame-de-recamier-pour-6-personnes-noir-mathilde-m\/"},"modified":"2023-06-16T22:24:33","modified_gmt":"2023-06-16T20:24:33","slug":"service-d-assiettes-madame-de-recamier-pour-6-personnes-noir-mathilde-m","status":"publish","type":"product","link":"https:\/\/www.tendenzeshabbychic.it\/fr\/produit\/service-d-assiettes-madame-de-recamier-pour-6-personnes-noir-mathilde-m\/","title":{"rendered":"Service de table Madame de R\u00e9camier pour 6 personnes Noir &#8211; Mathilde M."},"content":{"rendered":"<ul>\n<li>mat\u00e9riau: <strong>porcelaine<\/strong><\/li>\n<li>lavage des mains<\/li>\n<\/ul>\n","protected":false},"excerpt":{"rendered":"<p>Service de table <strong>en porcelaine<\/strong> Madame de R\u00e9camier pour six personnes &#8211; Noir r\u00e9alis\u00e9 par Mathilde M. La couleur noire raffin\u00e9e associ\u00e9e \u00e0 la bordure dor\u00e9e donnera \u00e0 votre table une touche d&rsquo;\u00e9l\u00e9gance tr\u00e8s chic. Il y a 18 pi\u00e8ces dans le paquet.<\/p>\n<p><strong>6 ASSIETTES FRUITS :<\/strong> D 21 x H 1 cm<\/p>\n<p><strong>6 ASSIETTES PLATES :<\/strong> D 28 x H 2 cm<\/p>\n<p><strong>6 ASSIETTES CREUSES :<\/strong> D 23 x H 3 cm<\/p>\n<p>&nbsp;<\/p>\n","protected":false},"featured_media":80193,"comment_status":"open","ping_status":"closed","template":"","meta":{"_joinchat":[]},"pwb-brand":[1562],"product_brand":[],"product_cat":[1528],"product_tag":[2916,1297],"class_list":{"0":"post-80195","1":"product","2":"type-product","3":"status-publish","4":"has-post-thumbnail","6":"pwb-brand-mathilde-m-fr","7":"product_cat-arts-de-la-table","8":"product_tag-ceramique-et-porcelaine","9":"product_tag-madame-de-recamier-fr","11":"first","12":"outofstock","13":"taxable","14":"shipping-taxable","15":"purchasable","16":"product-type-simple"},"brands":[{"id":1562,"name":"Mathilde M.","slug":"mathilde-m-fr"}],"_links":{"self":[{"href":"https:\/\/www.tendenzeshabbychic.it\/fr\/wp-json\/wp\/v2\/product\/80195","targetHints":{"allow":["GET"]}}],"collection":[{"href":"https:\/\/www.tendenzeshabbychic.it\/fr\/wp-json\/wp\/v2\/product"}],"about":[{"href":"https:\/\/www.tendenzeshabbychic.it\/fr\/wp-json\/wp\/v2\/types\/product"}],"replies":[{"embeddable":true,"href":"https:\/\/www.tendenzeshabbychic.it\/fr\/wp-json\/wp\/v2\/comments?post=80195"}],"wp:featuredmedia":[{"embeddable":true,"href":"https:\/\/www.tendenzeshabbychic.it\/fr\/wp-json\/wp\/v2\/media\/80193"}],"wp:attachment":[{"href":"https:\/\/www.tendenzeshabbychic.it\/fr\/wp-json\/wp\/v2\/media?parent=80195"}],"wp:term":[{"taxonomy":"pwb-brand","embeddable":true,"href":"https:\/\/www.tendenzeshabbychic.it\/fr\/wp-json\/wp\/v2\/pwb-brand?post=80195"},{"taxonomy":"product_brand","embeddable":true,"href":"https:\/\/www.tendenzeshabbychic.it\/fr\/wp-json\/wp\/v2\/product_brand?post=80195"},{"taxonomy":"product_cat","embeddable":true,"href":"https:\/\/www.tendenzeshabbychic.it\/fr\/wp-json\/wp\/v2\/product_cat?post=80195"},{"taxonomy":"product_tag","embeddable":true,"href":"https:\/\/www.tendenzeshabbychic.it\/fr\/wp-json\/wp\/v2\/product_tag?post=80195"}],"curies":[{"name":"wp","href":"https:\/\/api.w.org\/{rel}","templated":true}]}}