{"id":79830,"date":"2023-06-13T10:02:34","date_gmt":"2023-06-13T08:02:34","guid":{"rendered":"https:\/\/www.tendenzeshabbychic.it\/prodotto\/chemin-de-tour-a-volants-en-coton-et-lin-tiepolo\/"},"modified":"2021-06-17T21:39:34","modified_gmt":"2021-06-17T19:39:34","slug":"chemin-de-tour-a-volants-en-coton-et-lin-tiepolo","status":"publish","type":"product","link":"https:\/\/www.tendenzeshabbychic.it\/fr\/produit\/chemin-de-tour-a-volants-en-coton-et-lin-tiepolo\/","title":{"rendered":"Chemin de table Tiepolo en coton et lin \u00e0 volants"},"content":{"rendered":"<ul>\n<li>Mati\u00e8re : 70% coton &#8211; 30% lin<\/li>\n<li>couleur : blanc naturel<\/li>\n<\/ul>\n","protected":false},"excerpt":{"rendered":"<p><strong>DIMENSIONS: <\/strong>50 x 140 cm<\/p>\n<p>Beau chemin de table \u00e0 volants en m\u00e9lange de lin, fabriqu\u00e9 par <strong>Blanc Maricl\u00f2<\/strong> , fait partie de la collection <em>Tiepolo<\/em> .<\/p>\n","protected":false},"featured_media":66033,"comment_status":"open","ping_status":"closed","template":"","meta":{"_joinchat":[]},"pwb-brand":[1561],"product_brand":[],"product_cat":[1490],"product_tag":[1301,2844],"class_list":{"0":"post-79830","1":"product","2":"type-product","3":"status-publish","4":"has-post-thumbnail","6":"pwb-brand-blanc-mariclo-fr","7":"product_cat-chemin-de-table","8":"product_tag-lin","9":"product_tag-salle-a-manger","10":"pa_colore-blanc","12":"first","13":"outofstock","14":"taxable","15":"shipping-taxable","16":"purchasable","17":"product-type-simple"},"brands":[{"id":1561,"name":"Blanc Mariclo","slug":"blanc-mariclo-fr"}],"_links":{"self":[{"href":"https:\/\/www.tendenzeshabbychic.it\/fr\/wp-json\/wp\/v2\/product\/79830","targetHints":{"allow":["GET"]}}],"collection":[{"href":"https:\/\/www.tendenzeshabbychic.it\/fr\/wp-json\/wp\/v2\/product"}],"about":[{"href":"https:\/\/www.tendenzeshabbychic.it\/fr\/wp-json\/wp\/v2\/types\/product"}],"replies":[{"embeddable":true,"href":"https:\/\/www.tendenzeshabbychic.it\/fr\/wp-json\/wp\/v2\/comments?post=79830"}],"wp:featuredmedia":[{"embeddable":true,"href":"https:\/\/www.tendenzeshabbychic.it\/fr\/wp-json\/wp\/v2\/media\/66033"}],"wp:attachment":[{"href":"https:\/\/www.tendenzeshabbychic.it\/fr\/wp-json\/wp\/v2\/media?parent=79830"}],"wp:term":[{"taxonomy":"pwb-brand","embeddable":true,"href":"https:\/\/www.tendenzeshabbychic.it\/fr\/wp-json\/wp\/v2\/pwb-brand?post=79830"},{"taxonomy":"product_brand","embeddable":true,"href":"https:\/\/www.tendenzeshabbychic.it\/fr\/wp-json\/wp\/v2\/product_brand?post=79830"},{"taxonomy":"product_cat","embeddable":true,"href":"https:\/\/www.tendenzeshabbychic.it\/fr\/wp-json\/wp\/v2\/product_cat?post=79830"},{"taxonomy":"product_tag","embeddable":true,"href":"https:\/\/www.tendenzeshabbychic.it\/fr\/wp-json\/wp\/v2\/product_tag?post=79830"}],"curies":[{"name":"wp","href":"https:\/\/api.w.org\/{rel}","templated":true}]}}