{"id":79297,"date":"2023-05-30T10:25:58","date_gmt":"2023-05-30T08:25:58","guid":{"rendered":"https:\/\/www.tendenzeshabbychic.it\/prodotto\/feuille-complete-feuille-de-mariage-vertibalza-blanc-mariclo\/"},"modified":"2023-05-30T10:25:58","modified_gmt":"2023-05-30T08:25:58","slug":"feuille-complete-feuille-de-mariage-vertibalza-blanc-mariclo","status":"publish","type":"product","link":"https:\/\/www.tendenzeshabbychic.it\/fr\/produit\/feuille-complete-feuille-de-mariage-vertibalza-blanc-mariclo\/","title":{"rendered":"Balza Borgo Blanc Mariclo set de draps doubles Vert"},"content":{"rendered":"<p>Draps doubles blancs avec cadre sur les oreillers et drap sup\u00e9rieur vert. Un produit 100 % coton fabriqu\u00e9 en Italie par Blanc Mariclo. Dimensions : Drap sup\u00e9rieur 245&#215;290, drap inf\u00e9rieur 180&#215;200+28, housse de taie d&rsquo;oreiller 52&#215;82. Elles font partie de la nouvelle collection Balza Borgo.<\/p>\n","protected":false},"excerpt":{"rendered":"<p>Draps doubles blancs avec cadre sur les oreillers et drap sup\u00e9rieur vert. Un produit 100 % coton fabriqu\u00e9 en Italie par Blanc Mariclo.<\/p>\n<p>Dimensions :<\/p>\n<ul>\n<li>Feuille sup\u00e9rieure 245&#215;290<\/li>\n<li>feuille inf\u00e9rieure avec coins 180&#215;200+28<\/li>\n<li>2 housses de taie d&rsquo;oreiller 52&#215;82.<\/li>\n<\/ul>\n<p>Elles font partie de la nouvelle collection Balza Borgo.<\/p>\n","protected":false},"featured_media":78921,"comment_status":"open","ping_status":"closed","template":"","meta":{"_joinchat":[]},"pwb-brand":[456],"product_brand":[],"product_cat":[1478],"product_tag":[2846,788,3284],"class_list":{"0":"post-79297","1":"product","2":"type-product","3":"status-publish","4":"has-post-thumbnail","6":"pwb-brand-blanc-mariclo","7":"product_cat-feuilles-doubles","8":"product_tag-camera-da-letto","9":"product_tag-made-in-italy","10":"product_tag-saldi","11":"pa_colore-bianco","12":"pa_colore-verde","14":"first","15":"instock","16":"sale","17":"taxable","18":"shipping-taxable","19":"purchasable","20":"product-type-simple"},"brands":[{"id":1561,"name":"Blanc Mariclo","slug":"blanc-mariclo-fr"}],"_links":{"self":[{"href":"https:\/\/www.tendenzeshabbychic.it\/fr\/wp-json\/wp\/v2\/product\/79297","targetHints":{"allow":["GET"]}}],"collection":[{"href":"https:\/\/www.tendenzeshabbychic.it\/fr\/wp-json\/wp\/v2\/product"}],"about":[{"href":"https:\/\/www.tendenzeshabbychic.it\/fr\/wp-json\/wp\/v2\/types\/product"}],"replies":[{"embeddable":true,"href":"https:\/\/www.tendenzeshabbychic.it\/fr\/wp-json\/wp\/v2\/comments?post=79297"}],"wp:featuredmedia":[{"embeddable":true,"href":"https:\/\/www.tendenzeshabbychic.it\/fr\/wp-json\/wp\/v2\/media\/78921"}],"wp:attachment":[{"href":"https:\/\/www.tendenzeshabbychic.it\/fr\/wp-json\/wp\/v2\/media?parent=79297"}],"wp:term":[{"taxonomy":"pwb-brand","embeddable":true,"href":"https:\/\/www.tendenzeshabbychic.it\/fr\/wp-json\/wp\/v2\/pwb-brand?post=79297"},{"taxonomy":"product_brand","embeddable":true,"href":"https:\/\/www.tendenzeshabbychic.it\/fr\/wp-json\/wp\/v2\/product_brand?post=79297"},{"taxonomy":"product_cat","embeddable":true,"href":"https:\/\/www.tendenzeshabbychic.it\/fr\/wp-json\/wp\/v2\/product_cat?post=79297"},{"taxonomy":"product_tag","embeddable":true,"href":"https:\/\/www.tendenzeshabbychic.it\/fr\/wp-json\/wp\/v2\/product_tag?post=79297"}],"curies":[{"name":"wp","href":"https:\/\/api.w.org\/{rel}","templated":true}]}}