{"id":78065,"date":"2021-03-04T23:52:02","date_gmt":"2021-03-04T22:52:02","guid":{"rendered":"https:\/\/www.tendenzeshabbychic.it\/prodotto\/coureur-en-lacets\/"},"modified":"2023-06-16T15:46:58","modified_gmt":"2023-06-16T13:46:58","slug":"coureur-en-lacets","status":"publish","type":"product","link":"https:\/\/www.tendenzeshabbychic.it\/fr\/produit\/coureur-en-lacets\/","title":{"rendered":"Chemin de table en dentelle Aurore"},"content":{"rendered":"<h2>Chemin de table en dentelle shabby chic, mod\u00e8le Aurore par L&rsquo;Atelier 17<\/h2>\n<ul>\n<li>couleurs : ivoire, blanc et mauve<\/li>\n<li>mati\u00e8re : 100 % polyester<\/li>\n<\/ul>\n","protected":false},"excerpt":{"rendered":"<p>Chemin de table rectangulaire en dentelle Aurore, fabriqu\u00e9 par L&rsquo;Atelier 17.<br \/>\n<strong>DIMENSIONS<\/strong> 50&#215;150 cm<\/p>\n<p><strong>Pour acheter : choisissez la couleur d\u00e9sir\u00e9e, la quantit\u00e9 et cliquez sur ajouter au panier.<\/strong><\/p>\n","protected":false},"featured_media":62828,"comment_status":"open","ping_status":"closed","template":"","meta":{"_joinchat":[]},"pwb-brand":[1560],"product_brand":[],"product_cat":[1490],"product_tag":[1354,1308,2844],"class_list":{"0":"post-78065","1":"product","2":"type-product","3":"status-publish","4":"has-post-thumbnail","6":"pwb-brand-atelier-17-fr","7":"product_cat-chemin-de-table","8":"product_tag-aurore-fr","9":"product_tag-dentelle","10":"product_tag-salle-a-manger","11":"pa_colore-blanc","12":"pa_colore-ivoire","13":"pa_colore-mauve","15":"first","16":"outofstock","17":"taxable","18":"shipping-taxable","19":"product-type-variable"},"brands":[{"id":1560,"name":"L\u2019Atelier 17","slug":"atelier-17-fr"}],"_links":{"self":[{"href":"https:\/\/www.tendenzeshabbychic.it\/fr\/wp-json\/wp\/v2\/product\/78065","targetHints":{"allow":["GET"]}}],"collection":[{"href":"https:\/\/www.tendenzeshabbychic.it\/fr\/wp-json\/wp\/v2\/product"}],"about":[{"href":"https:\/\/www.tendenzeshabbychic.it\/fr\/wp-json\/wp\/v2\/types\/product"}],"replies":[{"embeddable":true,"href":"https:\/\/www.tendenzeshabbychic.it\/fr\/wp-json\/wp\/v2\/comments?post=78065"}],"wp:featuredmedia":[{"embeddable":true,"href":"https:\/\/www.tendenzeshabbychic.it\/fr\/wp-json\/wp\/v2\/media\/62828"}],"wp:attachment":[{"href":"https:\/\/www.tendenzeshabbychic.it\/fr\/wp-json\/wp\/v2\/media?parent=78065"}],"wp:term":[{"taxonomy":"pwb-brand","embeddable":true,"href":"https:\/\/www.tendenzeshabbychic.it\/fr\/wp-json\/wp\/v2\/pwb-brand?post=78065"},{"taxonomy":"product_brand","embeddable":true,"href":"https:\/\/www.tendenzeshabbychic.it\/fr\/wp-json\/wp\/v2\/product_brand?post=78065"},{"taxonomy":"product_cat","embeddable":true,"href":"https:\/\/www.tendenzeshabbychic.it\/fr\/wp-json\/wp\/v2\/product_cat?post=78065"},{"taxonomy":"product_tag","embeddable":true,"href":"https:\/\/www.tendenzeshabbychic.it\/fr\/wp-json\/wp\/v2\/product_tag?post=78065"}],"curies":[{"name":"wp","href":"https:\/\/api.w.org\/{rel}","templated":true}]}}