{"id":77598,"date":"2023-05-05T10:31:14","date_gmt":"2023-05-05T09:31:14","guid":{"rendered":"https:\/\/www.tendenzeshabbychic.it\/prodotto\/rideau-avec-passeurs-et-nappets-bordeaux-infinity-150x300\/"},"modified":"2023-07-06T13:06:01","modified_gmt":"2023-07-06T11:06:01","slug":"rideau-avec-passeurs-et-nappets-bordeaux-infinity-150x300","status":"publish","type":"product","link":"https:\/\/www.tendenzeshabbychic.it\/fr\/produit\/rideau-avec-passeurs-et-nappets-bordeaux-infinity-150x300\/","title":{"rendered":"Rideau avec boucles et pompons bordeaux Infinity 150&#215;300"},"content":{"rendered":"<p>Rideau avec boucles et pompons de couleur bordeaux en 100 % coton, faisant partie de la c\u00e9l\u00e8bre collection Infinity de Blanc Maricl\u00f2.<\/p>\n","protected":false},"excerpt":{"rendered":"<p>Dimensions : L 150 x H 300 cm<\/p>\n<p>Rideau avec boucles et pompons de couleur bordeaux en 100 % coton, faisant partie de la c\u00e9l\u00e8bre collection Infinity de Blanc Maricl\u00f2.<\/p>\n","protected":false},"featured_media":77148,"comment_status":"open","ping_status":"closed","template":"","meta":{"_joinchat":[]},"pwb-brand":[456],"product_brand":[],"product_cat":[1535],"product_tag":[694,3284],"class_list":{"0":"post-77598","1":"product","2":"type-product","3":"status-publish","4":"has-post-thumbnail","6":"pwb-brand-blanc-mariclo","7":"product_cat-rideaux","8":"product_tag-infinity","9":"product_tag-saldi","10":"pa_colore-bordeaux","12":"first","13":"outofstock","14":"sale","15":"taxable","16":"shipping-taxable","17":"purchasable","18":"product-type-simple"},"brands":[{"id":1561,"name":"Blanc Mariclo","slug":"blanc-mariclo-fr"}],"_links":{"self":[{"href":"https:\/\/www.tendenzeshabbychic.it\/fr\/wp-json\/wp\/v2\/product\/77598","targetHints":{"allow":["GET"]}}],"collection":[{"href":"https:\/\/www.tendenzeshabbychic.it\/fr\/wp-json\/wp\/v2\/product"}],"about":[{"href":"https:\/\/www.tendenzeshabbychic.it\/fr\/wp-json\/wp\/v2\/types\/product"}],"replies":[{"embeddable":true,"href":"https:\/\/www.tendenzeshabbychic.it\/fr\/wp-json\/wp\/v2\/comments?post=77598"}],"wp:featuredmedia":[{"embeddable":true,"href":"https:\/\/www.tendenzeshabbychic.it\/fr\/wp-json\/wp\/v2\/media\/77148"}],"wp:attachment":[{"href":"https:\/\/www.tendenzeshabbychic.it\/fr\/wp-json\/wp\/v2\/media?parent=77598"}],"wp:term":[{"taxonomy":"pwb-brand","embeddable":true,"href":"https:\/\/www.tendenzeshabbychic.it\/fr\/wp-json\/wp\/v2\/pwb-brand?post=77598"},{"taxonomy":"product_brand","embeddable":true,"href":"https:\/\/www.tendenzeshabbychic.it\/fr\/wp-json\/wp\/v2\/product_brand?post=77598"},{"taxonomy":"product_cat","embeddable":true,"href":"https:\/\/www.tendenzeshabbychic.it\/fr\/wp-json\/wp\/v2\/product_cat?post=77598"},{"taxonomy":"product_tag","embeddable":true,"href":"https:\/\/www.tendenzeshabbychic.it\/fr\/wp-json\/wp\/v2\/product_tag?post=77598"}],"curies":[{"name":"wp","href":"https:\/\/api.w.org\/{rel}","templated":true}]}}