{"id":77370,"date":"2025-01-07T00:00:01","date_gmt":"2025-01-06T23:00:01","guid":{"rendered":"https:\/\/www.tendenzeshabbychic.it\/prodotto\/runner-moutarde-shabby-chic-avec-frille-infinite-blanc-mariclo-140x4010-cm\/"},"modified":"2025-09-02T06:49:51","modified_gmt":"2025-09-02T05:49:51","slug":"runner-moutarde-shabby-chic-avec-frille-infinite-blanc-mariclo-140x4010-cm","status":"publish","type":"product","link":"https:\/\/www.tendenzeshabbychic.it\/fr\/produit\/runner-moutarde-shabby-chic-avec-frille-infinite-blanc-mariclo-140x4010-cm\/","title":{"rendered":"Chemin de table moutarde Shabby Chic avec volant Infinity Blanc MariClo 140&#215;40+10 cm"},"content":{"rendered":"","protected":false},"excerpt":{"rendered":"<p>Chemin de table en pur coton moutarde avec volants (10 cm) sur les deux c\u00f4t\u00e9s, faisant partie de la c\u00e9l\u00e8bre collection Infinity de Blanc MariClo&rsquo;.<\/p>\n","protected":false},"featured_media":201706,"comment_status":"open","ping_status":"closed","template":"","meta":{"_joinchat":[]},"pwb-brand":[456],"product_brand":[],"product_cat":[1490],"product_tag":[880,842,694,2843,3284],"class_list":{"0":"post-77370","1":"product","2":"type-product","3":"status-publish","4":"has-post-thumbnail","6":"pwb-brand-blanc-mariclo","7":"product_cat-chemin-de-table","8":"product_tag-autunno","9":"product_tag-frill","10":"product_tag-infinity","11":"product_tag-sala-da-pranzo","12":"product_tag-saldi","13":"pa_colore-senape","15":"first","16":"instock","17":"sale","18":"taxable","19":"shipping-taxable","20":"purchasable","21":"product-type-simple"},"brands":[{"id":1561,"name":"Blanc Mariclo","slug":"blanc-mariclo-fr"}],"_links":{"self":[{"href":"https:\/\/www.tendenzeshabbychic.it\/fr\/wp-json\/wp\/v2\/product\/77370","targetHints":{"allow":["GET"]}}],"collection":[{"href":"https:\/\/www.tendenzeshabbychic.it\/fr\/wp-json\/wp\/v2\/product"}],"about":[{"href":"https:\/\/www.tendenzeshabbychic.it\/fr\/wp-json\/wp\/v2\/types\/product"}],"replies":[{"embeddable":true,"href":"https:\/\/www.tendenzeshabbychic.it\/fr\/wp-json\/wp\/v2\/comments?post=77370"}],"wp:featuredmedia":[{"embeddable":true,"href":"https:\/\/www.tendenzeshabbychic.it\/fr\/wp-json\/wp\/v2\/media\/201706"}],"wp:attachment":[{"href":"https:\/\/www.tendenzeshabbychic.it\/fr\/wp-json\/wp\/v2\/media?parent=77370"}],"wp:term":[{"taxonomy":"pwb-brand","embeddable":true,"href":"https:\/\/www.tendenzeshabbychic.it\/fr\/wp-json\/wp\/v2\/pwb-brand?post=77370"},{"taxonomy":"product_brand","embeddable":true,"href":"https:\/\/www.tendenzeshabbychic.it\/fr\/wp-json\/wp\/v2\/product_brand?post=77370"},{"taxonomy":"product_cat","embeddable":true,"href":"https:\/\/www.tendenzeshabbychic.it\/fr\/wp-json\/wp\/v2\/product_cat?post=77370"},{"taxonomy":"product_tag","embeddable":true,"href":"https:\/\/www.tendenzeshabbychic.it\/fr\/wp-json\/wp\/v2\/product_tag?post=77370"}],"curies":[{"name":"wp","href":"https:\/\/api.w.org\/{rel}","templated":true}]}}