{"id":76948,"date":"2023-04-30T10:43:58","date_gmt":"2023-04-30T08:43:58","guid":{"rendered":"https:\/\/www.tendenzeshabbychic.it\/prodotto\/nappe-en-linen-avec-balza-et-fleurs-appliquees-fleur\/"},"modified":"2023-04-30T10:43:58","modified_gmt":"2023-04-30T08:43:58","slug":"nappe-en-linen-avec-balza-et-fleurs-appliquees-fleur","status":"publish","type":"product","link":"https:\/\/www.tendenzeshabbychic.it\/fr\/produit\/nappe-en-linen-avec-balza-et-fleurs-appliquees-fleur\/","title":{"rendered":"Nappe en lin avec volant contrast\u00e9 et fleurs appliqu\u00e9es Fleuri."},"content":{"rendered":"","protected":false},"excerpt":{"rendered":"<p>Nappe en pur lin blanc naturel avec volant beige contrastant et fleurs appliqu\u00e9es. Disponible en plusieurs tailles. Il fait partie de la collection Fleuri de Chez Moi.<\/p>\n<p>Comme il s&rsquo;agit d&rsquo;un produit fait \u00e0 la main en Italie, nous pouvons le fabriquer dans de nombreuses couleurs, contacte-nous pour conna\u00eetre la disponibilit\u00e9.<\/p>\n<p><strong><span style=\"background-color: #333399; color: #ffffff;\">Disponible sur commande, d\u00e9lai de production et de livraison d&rsquo;environ 25 jours ouvrables, pour plus d&rsquo;infos contacte-nous sur whatsapp.<\/span><\/strong><\/p>\n","protected":false},"featured_media":76933,"comment_status":"open","ping_status":"closed","template":"","meta":{"_joinchat":[]},"pwb-brand":[1567],"product_brand":[],"product_cat":[1491],"product_tag":[1300,1301,1298,2844],"class_list":{"0":"post-76948","1":"product","2":"type-product","3":"status-publish","4":"has-post-thumbnail","6":"pwb-brand-chez-moi-fr","7":"product_cat-nappes","8":"product_tag-fatto-a-mano-fr","9":"product_tag-lin","10":"product_tag-made-in-italy-fr","11":"product_tag-salle-a-manger","12":"product_shipping_class-no-contrassegno-fr","14":"first","15":"onbackorder","16":"taxable","17":"shipping-taxable","18":"purchasable","19":"product-type-variable"},"brands":[{"id":1567,"name":"Chez Moi","slug":"chez-moi-fr"}],"_links":{"self":[{"href":"https:\/\/www.tendenzeshabbychic.it\/fr\/wp-json\/wp\/v2\/product\/76948","targetHints":{"allow":["GET"]}}],"collection":[{"href":"https:\/\/www.tendenzeshabbychic.it\/fr\/wp-json\/wp\/v2\/product"}],"about":[{"href":"https:\/\/www.tendenzeshabbychic.it\/fr\/wp-json\/wp\/v2\/types\/product"}],"replies":[{"embeddable":true,"href":"https:\/\/www.tendenzeshabbychic.it\/fr\/wp-json\/wp\/v2\/comments?post=76948"}],"wp:featuredmedia":[{"embeddable":true,"href":"https:\/\/www.tendenzeshabbychic.it\/fr\/wp-json\/wp\/v2\/media\/76933"}],"wp:attachment":[{"href":"https:\/\/www.tendenzeshabbychic.it\/fr\/wp-json\/wp\/v2\/media?parent=76948"}],"wp:term":[{"taxonomy":"pwb-brand","embeddable":true,"href":"https:\/\/www.tendenzeshabbychic.it\/fr\/wp-json\/wp\/v2\/pwb-brand?post=76948"},{"taxonomy":"product_brand","embeddable":true,"href":"https:\/\/www.tendenzeshabbychic.it\/fr\/wp-json\/wp\/v2\/product_brand?post=76948"},{"taxonomy":"product_cat","embeddable":true,"href":"https:\/\/www.tendenzeshabbychic.it\/fr\/wp-json\/wp\/v2\/product_cat?post=76948"},{"taxonomy":"product_tag","embeddable":true,"href":"https:\/\/www.tendenzeshabbychic.it\/fr\/wp-json\/wp\/v2\/product_tag?post=76948"}],"curies":[{"name":"wp","href":"https:\/\/api.w.org\/{rel}","templated":true}]}}