{"id":76245,"date":"2022-12-02T18:38:04","date_gmt":"2022-12-02T17:38:04","guid":{"rendered":"https:\/\/www.tendenzeshabbychic.it\/prodotto\/mat-de-rideau-shabby-chic-bouquet-ivoire-et-or-120-210\/"},"modified":"2022-12-02T18:38:04","modified_gmt":"2022-12-02T17:38:04","slug":"mat-de-rideau-shabby-chic-bouquet-ivoire-et-or-120-210","status":"publish","type":"product","link":"https:\/\/www.tendenzeshabbychic.it\/fr\/produit\/mat-de-rideau-shabby-chic-bouquet-ivoire-et-or-120-210\/","title":{"rendered":"M\u00e2t de rideau Shabby Chic Bouquet Ivoire et or 120-210"},"content":{"rendered":"<ul>\n<li>mat\u00e9riau : m\u00e9tal<\/li>\n<\/ul>\n","protected":false},"excerpt":{"rendered":"<p><strong>DIMENSIONS : <\/strong> min 120 max 210 cm<\/p>\n<p>Tringle \u00e0 rideaux avec deux bouquets en ivoire avec des tons dor\u00e9s, \u00e9galement compl\u00e8te avec 15 anneaux (que vous pouvez enlever). Parfait pour une tente shabby chic et une ambiance romantique. L&rsquo;installation est facile, tout est compris dans l&#8217;emballage.<\/p>\n","protected":false},"featured_media":69589,"comment_status":"open","ping_status":"closed","template":"","meta":{"_joinchat":[]},"pwb-brand":[1560],"product_brand":[],"product_cat":[1536,1535],"product_tag":[],"class_list":{"0":"post-76245","1":"product","2":"type-product","3":"status-publish","4":"has-post-thumbnail","6":"pwb-brand-atelier-17-fr","7":"product_cat-accessoires-pour-rideaux","8":"product_cat-rideaux","10":"first","11":"outofstock","12":"taxable","13":"shipping-taxable","14":"purchasable","15":"product-type-simple"},"brands":[{"id":1560,"name":"L\u2019Atelier 17","slug":"atelier-17-fr"}],"_links":{"self":[{"href":"https:\/\/www.tendenzeshabbychic.it\/fr\/wp-json\/wp\/v2\/product\/76245","targetHints":{"allow":["GET"]}}],"collection":[{"href":"https:\/\/www.tendenzeshabbychic.it\/fr\/wp-json\/wp\/v2\/product"}],"about":[{"href":"https:\/\/www.tendenzeshabbychic.it\/fr\/wp-json\/wp\/v2\/types\/product"}],"replies":[{"embeddable":true,"href":"https:\/\/www.tendenzeshabbychic.it\/fr\/wp-json\/wp\/v2\/comments?post=76245"}],"wp:featuredmedia":[{"embeddable":true,"href":"https:\/\/www.tendenzeshabbychic.it\/fr\/wp-json\/wp\/v2\/media\/69589"}],"wp:attachment":[{"href":"https:\/\/www.tendenzeshabbychic.it\/fr\/wp-json\/wp\/v2\/media?parent=76245"}],"wp:term":[{"taxonomy":"pwb-brand","embeddable":true,"href":"https:\/\/www.tendenzeshabbychic.it\/fr\/wp-json\/wp\/v2\/pwb-brand?post=76245"},{"taxonomy":"product_brand","embeddable":true,"href":"https:\/\/www.tendenzeshabbychic.it\/fr\/wp-json\/wp\/v2\/product_brand?post=76245"},{"taxonomy":"product_cat","embeddable":true,"href":"https:\/\/www.tendenzeshabbychic.it\/fr\/wp-json\/wp\/v2\/product_cat?post=76245"},{"taxonomy":"product_tag","embeddable":true,"href":"https:\/\/www.tendenzeshabbychic.it\/fr\/wp-json\/wp\/v2\/product_tag?post=76245"}],"curies":[{"name":"wp","href":"https:\/\/api.w.org\/{rel}","templated":true}]}}