{"id":75326,"date":"2023-04-04T18:51:07","date_gmt":"2023-04-04T16:51:07","guid":{"rendered":"https:\/\/www.tendenzeshabbychic.it\/?post_type=product&#038;p=75326"},"modified":"2023-04-22T19:38:36","modified_gmt":"2023-04-22T17:38:36","slug":"echarpe-lin-aux-motifs-de-lacee-chiara-mediterranee","status":"publish","type":"product","link":"https:\/\/www.tendenzeshabbychic.it\/fr\/produit\/echarpe-lin-aux-motifs-de-lacee-chiara-mediterranee\/","title":{"rendered":"Echarpe en lin avec dentelle mod\u00e8le Chiara Mediterraneo"},"content":{"rendered":"<ul>\n<li><strong>MADE IN ITALY<\/strong><\/li>\n<li>fait \u00e0 la main<\/li>\n<li><strong>mati\u00e8re<\/strong> : lin et dentelle (80% nylon, 20% coton)<\/li>\n<li><strong>couleur: <\/strong>M\u00e9diterran\u00e9e<\/li>\n<\/ul>\n","protected":false},"excerpt":{"rendered":"<p><strong>Dimensions:<\/strong> 95 cm x 180 cm.<\/p>\n<p>Echarpe en lin avec dentelle Versailles fabriqu\u00e9e \u00e0 la main en Italie par Chez Moi. Magnifique, associ\u00e9 \u00e0 un jean et \u00e0 des chaussures de sport, divin comme \u00e9tole de c\u00e9r\u00e9monie.<\/p>\n<p>Bleu nuit (M\u00e9diterran\u00e9e)<\/p>\n<p>&nbsp;<\/p>\n","protected":false},"featured_media":75330,"comment_status":"open","ping_status":"closed","template":"","meta":{"_joinchat":[]},"pwb-brand":[1567],"product_brand":[],"product_cat":[1454],"product_tag":[1307,1300,1301,1298],"class_list":{"0":"post-75326","1":"product","2":"type-product","3":"status-publish","4":"has-post-thumbnail","6":"pwb-brand-chez-moi-fr","7":"product_cat-foulards","8":"product_tag-dentelle-versailles","9":"product_tag-fatto-a-mano-fr","10":"product_tag-lin","11":"product_tag-made-in-italy-fr","13":"first","14":"outofstock","15":"taxable","16":"shipping-taxable","17":"purchasable","18":"product-type-simple"},"brands":[{"id":1567,"name":"Chez Moi","slug":"chez-moi-fr"}],"_links":{"self":[{"href":"https:\/\/www.tendenzeshabbychic.it\/fr\/wp-json\/wp\/v2\/product\/75326","targetHints":{"allow":["GET"]}}],"collection":[{"href":"https:\/\/www.tendenzeshabbychic.it\/fr\/wp-json\/wp\/v2\/product"}],"about":[{"href":"https:\/\/www.tendenzeshabbychic.it\/fr\/wp-json\/wp\/v2\/types\/product"}],"replies":[{"embeddable":true,"href":"https:\/\/www.tendenzeshabbychic.it\/fr\/wp-json\/wp\/v2\/comments?post=75326"}],"wp:featuredmedia":[{"embeddable":true,"href":"https:\/\/www.tendenzeshabbychic.it\/fr\/wp-json\/wp\/v2\/media\/75330"}],"wp:attachment":[{"href":"https:\/\/www.tendenzeshabbychic.it\/fr\/wp-json\/wp\/v2\/media?parent=75326"}],"wp:term":[{"taxonomy":"pwb-brand","embeddable":true,"href":"https:\/\/www.tendenzeshabbychic.it\/fr\/wp-json\/wp\/v2\/pwb-brand?post=75326"},{"taxonomy":"product_brand","embeddable":true,"href":"https:\/\/www.tendenzeshabbychic.it\/fr\/wp-json\/wp\/v2\/product_brand?post=75326"},{"taxonomy":"product_cat","embeddable":true,"href":"https:\/\/www.tendenzeshabbychic.it\/fr\/wp-json\/wp\/v2\/product_cat?post=75326"},{"taxonomy":"product_tag","embeddable":true,"href":"https:\/\/www.tendenzeshabbychic.it\/fr\/wp-json\/wp\/v2\/product_tag?post=75326"}],"curies":[{"name":"wp","href":"https:\/\/api.w.org\/{rel}","templated":true}]}}