{"id":75315,"date":"2023-04-04T18:04:42","date_gmt":"2023-04-04T16:04:42","guid":{"rendered":"https:\/\/www.tendenzeshabbychic.it\/prodotto\/foulard-en-dentelle-provenza-noir-chez-moi\/"},"modified":"2023-04-04T18:04:42","modified_gmt":"2023-04-04T16:04:42","slug":"scarf-in-lace-black-chez-moi","status":"publish","type":"product","link":"https:\/\/www.tendenzeshabbychic.it\/fr\/produit\/scarf-in-lace-black-chez-moi\/","title":{"rendered":"Foulard en dentelle Provenza Noir &#8211; Chez Moi"},"content":{"rendered":"<ul>\n<li>mati\u00e8re : 60 % nylon &#8211; 40 % coton<\/li>\n<li><strong>MADE IN ITALY<\/strong><\/li>\n<\/ul>\n","protected":false},"excerpt":{"rendered":"<p><strong>DIMENSIONS: <\/strong>177 x 75 cm<\/p>\n<p>Foulard en dentelle de Provence avec volant noir. Fabriqu\u00e9 en Italie par des ma\u00eetres artisans <strong>Chez Moi<\/strong>. Les d\u00e9corations florales brod\u00e9es en coton le rendent tr\u00e8s polyvalent. Il peut \u00eatre utilis\u00e9 comme \u00e9tole sur une robe ou comme pashmina. Un v\u00eatement qui peut embellir n&rsquo;importe quelle tenue.<\/p>\n<p><strong>Id\u00e9al \u00e9galement comme chemin de table ou housse de table.<\/strong><\/p>\n<p><iframe loading=\"lazy\" title=\"YouTube video player\" src=\"https:\/\/www.youtube.com\/embed\/385Mv99snEk\" width=\"560\" height=\"315\" frameborder=\"0\" allowfullscreen=\"allowfullscreen\"><\/iframe><\/p>\n","protected":false},"featured_media":65515,"comment_status":"open","ping_status":"closed","template":"","meta":{"_joinchat":[]},"pwb-brand":[1567],"product_brand":[],"product_cat":[1454],"product_tag":[1308,1300,1296,1298],"class_list":{"0":"post-75315","1":"product","2":"type-product","3":"status-publish","4":"has-post-thumbnail","6":"pwb-brand-chez-moi-fr","7":"product_cat-foulards","8":"product_tag-dentelle","9":"product_tag-fatto-a-mano-fr","10":"product_tag-idee-de-cadeau","11":"product_tag-made-in-italy-fr","13":"first","14":"outofstock","15":"taxable","16":"shipping-taxable","17":"purchasable","18":"product-type-simple"},"brands":[{"id":1567,"name":"Chez Moi","slug":"chez-moi-fr"}],"_links":{"self":[{"href":"https:\/\/www.tendenzeshabbychic.it\/fr\/wp-json\/wp\/v2\/product\/75315","targetHints":{"allow":["GET"]}}],"collection":[{"href":"https:\/\/www.tendenzeshabbychic.it\/fr\/wp-json\/wp\/v2\/product"}],"about":[{"href":"https:\/\/www.tendenzeshabbychic.it\/fr\/wp-json\/wp\/v2\/types\/product"}],"replies":[{"embeddable":true,"href":"https:\/\/www.tendenzeshabbychic.it\/fr\/wp-json\/wp\/v2\/comments?post=75315"}],"wp:featuredmedia":[{"embeddable":true,"href":"https:\/\/www.tendenzeshabbychic.it\/fr\/wp-json\/wp\/v2\/media\/65515"}],"wp:attachment":[{"href":"https:\/\/www.tendenzeshabbychic.it\/fr\/wp-json\/wp\/v2\/media?parent=75315"}],"wp:term":[{"taxonomy":"pwb-brand","embeddable":true,"href":"https:\/\/www.tendenzeshabbychic.it\/fr\/wp-json\/wp\/v2\/pwb-brand?post=75315"},{"taxonomy":"product_brand","embeddable":true,"href":"https:\/\/www.tendenzeshabbychic.it\/fr\/wp-json\/wp\/v2\/product_brand?post=75315"},{"taxonomy":"product_cat","embeddable":true,"href":"https:\/\/www.tendenzeshabbychic.it\/fr\/wp-json\/wp\/v2\/product_cat?post=75315"},{"taxonomy":"product_tag","embeddable":true,"href":"https:\/\/www.tendenzeshabbychic.it\/fr\/wp-json\/wp\/v2\/product_tag?post=75315"}],"curies":[{"name":"wp","href":"https:\/\/api.w.org\/{rel}","templated":true}]}}