{"id":75308,"date":"2023-04-04T17:15:49","date_gmt":"2023-04-04T15:15:49","guid":{"rendered":"https:\/\/www.tendenzeshabbychic.it\/prodotto\/fondoletto-blanc-naturel-colette-chez-moi\/"},"modified":"2023-07-09T11:50:32","modified_gmt":"2023-07-09T09:50:32","slug":"fondant-colette-naturel-blanc-chez-moi","status":"publish","type":"product","link":"https:\/\/www.tendenzeshabbychic.it\/fr\/produit\/fondant-colette-naturel-blanc-chez-moi\/","title":{"rendered":"Fondoletto Blanc naturel Colette Chez Moi"},"content":{"rendered":"","protected":false},"excerpt":{"rendered":"<p>Bas blanc avec des volants en pur coton et la toute nouvelle dentelle Flora de Chez Moi.<\/p>\n<p>Id\u00e9al pour les saisons printemps\/\u00e9t\u00e9, pour compl\u00e9ter un lit au go\u00fbt romantique.<\/p>\n<p>Dimensions : 120 x 180.<\/p>\n<p>Mati\u00e8re : 100% pur coton &#8211; dentelle : 60% nylon, 40% coton.<\/p>\n","protected":false},"featured_media":75307,"comment_status":"open","ping_status":"closed","template":"","meta":{"_joinchat":[]},"pwb-brand":[1567],"product_brand":[],"product_cat":[1483],"product_tag":[2509,2847,1300,1298],"class_list":{"0":"post-75308","1":"product","2":"type-product","3":"status-publish","4":"has-post-thumbnail","6":"pwb-brand-chez-moi-fr","7":"product_cat-quilts-doubles","8":"product_tag-bianco-naturale-fr","9":"product_tag-chambre","10":"product_tag-fatto-a-mano-fr","11":"product_tag-made-in-italy-fr","12":"product_shipping_class-no-contrassegno-fr","13":"pa_colore-blanc","15":"first","16":"onbackorder","17":"taxable","18":"shipping-taxable","19":"purchasable","20":"product-type-simple"},"brands":[{"id":1567,"name":"Chez Moi","slug":"chez-moi-fr"}],"_links":{"self":[{"href":"https:\/\/www.tendenzeshabbychic.it\/fr\/wp-json\/wp\/v2\/product\/75308","targetHints":{"allow":["GET"]}}],"collection":[{"href":"https:\/\/www.tendenzeshabbychic.it\/fr\/wp-json\/wp\/v2\/product"}],"about":[{"href":"https:\/\/www.tendenzeshabbychic.it\/fr\/wp-json\/wp\/v2\/types\/product"}],"replies":[{"embeddable":true,"href":"https:\/\/www.tendenzeshabbychic.it\/fr\/wp-json\/wp\/v2\/comments?post=75308"}],"wp:featuredmedia":[{"embeddable":true,"href":"https:\/\/www.tendenzeshabbychic.it\/fr\/wp-json\/wp\/v2\/media\/75307"}],"wp:attachment":[{"href":"https:\/\/www.tendenzeshabbychic.it\/fr\/wp-json\/wp\/v2\/media?parent=75308"}],"wp:term":[{"taxonomy":"pwb-brand","embeddable":true,"href":"https:\/\/www.tendenzeshabbychic.it\/fr\/wp-json\/wp\/v2\/pwb-brand?post=75308"},{"taxonomy":"product_brand","embeddable":true,"href":"https:\/\/www.tendenzeshabbychic.it\/fr\/wp-json\/wp\/v2\/product_brand?post=75308"},{"taxonomy":"product_cat","embeddable":true,"href":"https:\/\/www.tendenzeshabbychic.it\/fr\/wp-json\/wp\/v2\/product_cat?post=75308"},{"taxonomy":"product_tag","embeddable":true,"href":"https:\/\/www.tendenzeshabbychic.it\/fr\/wp-json\/wp\/v2\/product_tag?post=75308"}],"curies":[{"name":"wp","href":"https:\/\/api.w.org\/{rel}","templated":true}]}}