{"id":75273,"date":"2022-06-07T16:07:29","date_gmt":"2022-06-07T14:07:29","guid":{"rendered":"https:\/\/www.tendenzeshabbychic.it\/prodotto\/cantonniere-prestige-en-dentelle-corinzio-rose-antique-160x60-cm\/"},"modified":"2022-06-07T16:07:29","modified_gmt":"2022-06-07T14:07:29","slug":"cantonniere-prestige-en-lace-rose-corinthienne-antique-160x60-cm","status":"publish","type":"product","link":"https:\/\/www.tendenzeshabbychic.it\/fr\/produit\/cantonniere-prestige-en-lace-rose-corinthienne-antique-160x60-cm\/","title":{"rendered":"Cantonni\u00e8re Prestige en dentelle Corinzio Rose antique 160&#215;60 cm"},"content":{"rendered":"<ul>\n<li><strong>MADE IN ITALY<\/strong><\/li>\n<li>fait \u00e0 la main<\/li>\n<li><strong>mat\u00e9riel: <\/strong>dentelle (80% nylon, 20% coton)<\/li>\n<li><strong>couleur<\/strong> : rose<\/li>\n<\/ul>\n","protected":false},"excerpt":{"rendered":"<p><strong>DIMENSIONS : <\/strong>L 160 x H 60 cm<\/p>\n<p>Chemin\u00e9e \u00e0 dentelle corinthienne mod\u00e8le Prestige, couleur rose antique. Fabriqu\u00e9 \u00e0 la main en Italie par Chez Moi.<\/p>\n<p><iframe loading=\"lazy\" title=\"YouTube video player\" src=\"https:\/\/www.youtube.com\/embed\/eDnXpACokZQ\" width=\"540\" height=\"960\" frameborder=\"0\" allowfullscreen=\"allowfullscreen\"><\/iframe><\/p>\n","protected":false},"featured_media":66767,"comment_status":"open","ping_status":"closed","template":"","meta":{"_joinchat":[]},"pwb-brand":[1567],"product_brand":[],"product_cat":[1537],"product_tag":[1305,1300,1298,1425],"class_list":{"0":"post-75273","1":"product","2":"type-product","3":"status-publish","4":"has-post-thumbnail","6":"pwb-brand-chez-moi-fr","7":"product_cat-mantovans","8":"product_tag-dentelle-corinzio","9":"product_tag-fatto-a-mano-fr","10":"product_tag-made-in-italy-fr","11":"product_tag-rose-antique","13":"first","14":"outofstock","15":"taxable","16":"shipping-taxable","17":"purchasable","18":"product-type-simple"},"brands":[{"id":1567,"name":"Chez Moi","slug":"chez-moi-fr"}],"_links":{"self":[{"href":"https:\/\/www.tendenzeshabbychic.it\/fr\/wp-json\/wp\/v2\/product\/75273","targetHints":{"allow":["GET"]}}],"collection":[{"href":"https:\/\/www.tendenzeshabbychic.it\/fr\/wp-json\/wp\/v2\/product"}],"about":[{"href":"https:\/\/www.tendenzeshabbychic.it\/fr\/wp-json\/wp\/v2\/types\/product"}],"replies":[{"embeddable":true,"href":"https:\/\/www.tendenzeshabbychic.it\/fr\/wp-json\/wp\/v2\/comments?post=75273"}],"wp:featuredmedia":[{"embeddable":true,"href":"https:\/\/www.tendenzeshabbychic.it\/fr\/wp-json\/wp\/v2\/media\/66767"}],"wp:attachment":[{"href":"https:\/\/www.tendenzeshabbychic.it\/fr\/wp-json\/wp\/v2\/media?parent=75273"}],"wp:term":[{"taxonomy":"pwb-brand","embeddable":true,"href":"https:\/\/www.tendenzeshabbychic.it\/fr\/wp-json\/wp\/v2\/pwb-brand?post=75273"},{"taxonomy":"product_brand","embeddable":true,"href":"https:\/\/www.tendenzeshabbychic.it\/fr\/wp-json\/wp\/v2\/product_brand?post=75273"},{"taxonomy":"product_cat","embeddable":true,"href":"https:\/\/www.tendenzeshabbychic.it\/fr\/wp-json\/wp\/v2\/product_cat?post=75273"},{"taxonomy":"product_tag","embeddable":true,"href":"https:\/\/www.tendenzeshabbychic.it\/fr\/wp-json\/wp\/v2\/product_tag?post=75273"}],"curies":[{"name":"wp","href":"https:\/\/api.w.org\/{rel}","templated":true}]}}