{"id":75271,"date":"2022-07-26T14:00:53","date_gmt":"2022-07-26T12:00:53","guid":{"rendered":"https:\/\/www.tendenzeshabbychic.it\/prodotto\/paire-de-rideaux-en-lin-et-dentelle-corinzio-lesena-blanc-naturel-60-x-160\/"},"modified":"2023-06-21T11:50:14","modified_gmt":"2023-06-21T09:50:14","slug":"paire-de-rideaux-en-lin-et-lace-corinthien-lena-blanc-naturel-60-x-160","status":"publish","type":"product","link":"https:\/\/www.tendenzeshabbychic.it\/fr\/produit\/paire-de-rideaux-en-lin-et-lace-corinthien-lena-blanc-naturel-60-x-160\/","title":{"rendered":"Paire de rideaux en lin et dentelle Corinzio Lesena Blanc naturel 60 x 160"},"content":{"rendered":"<p>Paire de rideaux en gaze de lin l\u00e9g\u00e8re et raffin\u00e9e avec un insert romantique en dentelle de Corinzio en Lesena, apportera luminosit\u00e9 et \u00e9l\u00e9gance \u00e0 tes pi\u00e8ces.<\/p>\n<p>Les rideaux sont munis d&rsquo;une petite boucle o\u00f9 l&rsquo;on peut ins\u00e9rer le b\u00e2ton pour les fixer aux fen\u00eatres.<\/p>\n<p>Particuli\u00e8rement adapt\u00e9es \u00e0 diff\u00e9rents environnements et styles, elles peuvent \u00eatre utilis\u00e9es dans la salle de bain, la cuisine, le salon, et gr\u00e2ce \u00e0 leurs lignes droites et contemporaines, je les trouve \u00e9galement adapt\u00e9es \u00e0 des environnements plus modernes et minimalistes, parfaites m\u00eame dans des environnements industriels.<\/p>\n<p>La paire de rideaux en lin et dentelle Corinzio est enti\u00e8rement r\u00e9alis\u00e9e \u00e0 la main en Italie par Chez Moi<\/p>\n<ul>\n<li>taille : 60 x 160 cm<\/li>\n<li>mati\u00e8re : gaze de lin, d\u00e9coration en dentelle : 80% nylon 20% coton<\/li>\n<li><strong>MADE IN ITALY<\/strong><\/li>\n<li>lavable en machine \u00e0 30\u00b0, de pr\u00e9f\u00e9rence en douceur.<\/li>\n<li>syst\u00e8me de fixation : boucle unique pour l&rsquo;insertion du b\u00e2ton<\/li>\n<\/ul>\n\n\t<section class=\"section\" id=\"section_235154593\">\n\t\t<div class=\"section-bg fill\" >\n\t\t\t\t\t\t\t\t\t\n\t\t\t\n\n\t\t<\/div>\n\n\t\t\n\n\t\t<div class=\"section-content relative\">\n\t\t\t\n\n<div class=\"row\"  id=\"row-763875823\">\n\n\n\t<div id=\"col-2034777176\" class=\"col small-12 large-12\"  >\n\t\t\t\t<div class=\"col-inner\"  >\n\t\t\t\n\t\t\t\n\n\t<div id=\"text-1118923663\" class=\"text\">\n\t\t\n\n<h3><span style=\"font-size: 115%;\">Les conseils de Serena...<\/span><\/h3>\n<p>Traitez vos v\u00eatements comme ils le m\u00e9ritent, utilisez le spray et l'adoucissant originaux <strong>Chez Moi<\/strong> pour vos tissus pr\u00e9cieux.<\/p>\n\t\t\n<style>\n#text-1118923663 {\n  font-size: 1.3rem;\n}\n<\/style>\n\t<\/div>\n\t\n\n\t\t<\/div>\n\t\t\t\t\t<\/div>\n\n\t\n\n<\/div>\n<div class=\"row\"  id=\"row-1052855150\">\n\n\n\t<div id=\"col-779310590\" class=\"col medium-6 small-6 large-6\"  >\n\t\t\t\t<div class=\"col-inner\"  >\n\t\t\t\n\t\t\t\n\n\t\n  \n    <div class=\"row large-columns-1 medium-columns- small-columns- row-small has-shadow row-box-shadow-1\" >\n  \n\t     <div class=\"product-small col has-hover product type-product post-74454 status-publish first instock product_cat-parfums-pour-tissus product_tag-dentelle product_tag-made-in-italy-fr has-post-thumbnail taxable shipping-taxable purchasable product-type-simple\">\n\t<div class=\"col-inner\">\n\t\n<div class=\"badge-container absolute left top z-1\">\n\n<\/div>\n\t<div class=\"product-small box \">\n\t\t<div class=\"box-image\">\n\t\t\t<div class=\"image-fade_in_back\">\n\t\t\t\t<a href=\"https:\/\/www.tendenzeshabbychic.it\/fr\/produit\/spray-pour-fleurs-en-tissu-chez-moi\/\">\n\t\t\t\t\t<img loading=\"lazy\" decoding=\"async\" width=\"500\" height=\"500\" src=\"https:\/\/www.tendenzeshabbychic.it\/wp-content\/uploads\/2022\/05\/soray-per-tessuti-fior-di-pizzo-chez-moi-500x500.jpg\" class=\"attachment-woocommerce_thumbnail size-woocommerce_thumbnail\" alt=\"spray Chez Moi fragrance dentelle fleur\" srcset=\"https:\/\/www.tendenzeshabbychic.it\/wp-content\/uploads\/2022\/05\/soray-per-tessuti-fior-di-pizzo-chez-moi-500x500.jpg 500w, https:\/\/www.tendenzeshabbychic.it\/wp-content\/uploads\/2022\/05\/soray-per-tessuti-fior-di-pizzo-chez-moi-100x100.jpg 100w, https:\/\/www.tendenzeshabbychic.it\/wp-content\/uploads\/2022\/05\/soray-per-tessuti-fior-di-pizzo-chez-moi-64x64.jpg 64w, https:\/\/www.tendenzeshabbychic.it\/wp-content\/uploads\/2022\/05\/soray-per-tessuti-fior-di-pizzo-chez-moi-400x400.jpg 400w, https:\/\/www.tendenzeshabbychic.it\/wp-content\/uploads\/2022\/05\/soray-per-tessuti-fior-di-pizzo-chez-moi-800x800.jpg 800w, https:\/\/www.tendenzeshabbychic.it\/wp-content\/uploads\/2022\/05\/soray-per-tessuti-fior-di-pizzo-chez-moi-280x280.jpg 280w, https:\/\/www.tendenzeshabbychic.it\/wp-content\/uploads\/2022\/05\/soray-per-tessuti-fior-di-pizzo-chez-moi-768x768.jpg 768w, https:\/\/www.tendenzeshabbychic.it\/wp-content\/uploads\/2022\/05\/soray-per-tessuti-fior-di-pizzo-chez-moi-247x247.jpg 247w, https:\/\/www.tendenzeshabbychic.it\/wp-content\/uploads\/2022\/05\/soray-per-tessuti-fior-di-pizzo-chez-moi-510x510.jpg 510w, https:\/\/www.tendenzeshabbychic.it\/wp-content\/uploads\/2022\/05\/soray-per-tessuti-fior-di-pizzo-chez-moi.jpg 1000w\" sizes=\"auto, (max-width: 500px) 100vw, 500px\" \/>\t\t\t\t<\/a>\n\t\t\t<\/div>\n\t\t\t<div class=\"image-tools is-small top right show-on-hover\">\n\t\t\t\t\t\t\t<\/div>\n\t\t\t<div class=\"image-tools is-small hide-for-small bottom left show-on-hover\">\n\t\t\t\t\t\t\t<\/div>\n\t\t\t<div class=\"image-tools grid-tools text-center hide-for-small bottom hover-slide-in show-on-hover\">\n\t\t\t\t\t\t\t<\/div>\n\t\t\t\t\t<\/div>\n\n\t\t<div class=\"box-text box-text-products\">\n\t\t\t<div class=\"title-wrapper\"><p class=\"name product-title woocommerce-loop-product__title\"><a href=\"https:\/\/www.tendenzeshabbychic.it\/fr\/produit\/spray-pour-fleurs-en-tissu-chez-moi\/\" class=\"woocommerce-LoopProduct-link woocommerce-loop-product__link\">Spray pour Tissus Fior di Pizzo Chez Moi<\/a><\/p><\/div><div class=\"price-wrapper\"><div class=\"star-rating star-rating--inline\" role=\"img\" aria-label=\"Note 5 sur 5\"><span style=\"width:100%\">Note <strong class=\"rating\">5<\/strong> sur 5<\/span><\/div>\n\t<span class=\"price\"><span class=\"woocommerce-Price-amount amount\"><bdi>14,90&nbsp;<span class=\"woocommerce-Price-currencySymbol\">&euro;<\/span><\/bdi><\/span><\/span>\n<\/div>\t\t<\/div>\n\t<\/div>\n\t\t\t\t<input type=\"hidden\" class=\"pmwProductId\" data-id=\"74454\">\n\t\t\t\t\t<script>\n\t\t\t(window.pmwDataLayer = window.pmwDataLayer || {}).products                = window.pmwDataLayer.products || {};\n\t\t\twindow.pmwDataLayer.products[74454] = {\"id\":\"74454\",\"sku\":\"SPRAYCHEZMOI\",\"price\":14.9,\"brand\":\"\",\"quantity\":1,\"dyn_r_ids\":{\"post_id\":\"74454\",\"sku\":\"SPRAYCHEZMOI\",\"gpf\":\"woocommerce_gpf_74454\",\"gla\":\"gla_74454\"},\"is_variable\":false,\"type\":\"simple\",\"name\":\"Spray pour Tissus Fior di Pizzo Chez Moi\",\"category\":[\"Parfums pour tissus\"],\"is_variation\":false};\n\t\t\t\t\twindow.pmw_product_position = window.pmw_product_position || 1;\n\t\twindow.pmwDataLayer.products[74454]['position'] = window.pmw_product_position++;\n\t\t\t\t<\/script>\n\t\t\t<\/div>\n<\/div><\/div>\n\n\n\t\t<\/div>\n\t\t\t\t\t<\/div>\n\n\t\n\n\t<div id=\"col-541421903\" class=\"col medium-6 small-6 large-6\"  >\n\t\t\t\t<div class=\"col-inner\"  >\n\t\t\t\n\t\t\t\n\n\t\n  \n    <div class=\"row large-columns-1 medium-columns- small-columns- row-small has-shadow row-box-shadow-1\" >\n  \n\t     <\/div>\n\n\n\t\t<\/div>\n\t\t\t\t\t<\/div>\n\n\t\n\n<\/div>\n\n\t\t<\/div>\n\n\t\t\n<style>\n#section_235154593 {\n  padding-top: 30px;\n  padding-bottom: 30px;\n}\n<\/style>\n\t<\/section>\n\t\n","protected":false},"excerpt":{"rendered":"<p><strong>DIMENSIONS :<\/strong> L.60 x H 160 cm<\/p>\n<p>Paire de rideaux de fen\u00eatre en lin et dentelle Corinzio, mod\u00e8le Lesena en blanc naturel. Fabriqu\u00e9 \u00e0 la main en Italie par Chez Moi. Le raffinement de la dentelle de Corinzio la rend particuli\u00e8rement adapt\u00e9e au style shabby chic et romantique.<\/p>\n","protected":false},"featured_media":65366,"comment_status":"open","ping_status":"closed","template":"","meta":{"_joinchat":[]},"pwb-brand":[1567],"product_brand":[],"product_cat":[1535,2758],"product_tag":[2509,1308,1305,1300,1301,1298,1323],"class_list":{"0":"post-75271","1":"product","2":"type-product","3":"status-publish","4":"has-post-thumbnail","6":"pwb-brand-chez-moi-fr","7":"product_cat-rideaux","8":"product_cat-rideaux-de-fenetre","9":"product_tag-bianco-naturale-fr","10":"product_tag-dentelle","11":"product_tag-dentelle-corinzio","12":"product_tag-fatto-a-mano-fr","13":"product_tag-lin","14":"product_tag-made-in-italy-fr","15":"product_tag-mer","17":"","18":"outofstock","19":"taxable","20":"shipping-taxable","21":"purchasable","22":"product-type-simple"},"brands":[{"id":1567,"name":"Chez Moi","slug":"chez-moi-fr"}],"_links":{"self":[{"href":"https:\/\/www.tendenzeshabbychic.it\/fr\/wp-json\/wp\/v2\/product\/75271","targetHints":{"allow":["GET"]}}],"collection":[{"href":"https:\/\/www.tendenzeshabbychic.it\/fr\/wp-json\/wp\/v2\/product"}],"about":[{"href":"https:\/\/www.tendenzeshabbychic.it\/fr\/wp-json\/wp\/v2\/types\/product"}],"replies":[{"embeddable":true,"href":"https:\/\/www.tendenzeshabbychic.it\/fr\/wp-json\/wp\/v2\/comments?post=75271"}],"wp:featuredmedia":[{"embeddable":true,"href":"https:\/\/www.tendenzeshabbychic.it\/fr\/wp-json\/wp\/v2\/media\/65366"}],"wp:attachment":[{"href":"https:\/\/www.tendenzeshabbychic.it\/fr\/wp-json\/wp\/v2\/media?parent=75271"}],"wp:term":[{"taxonomy":"pwb-brand","embeddable":true,"href":"https:\/\/www.tendenzeshabbychic.it\/fr\/wp-json\/wp\/v2\/pwb-brand?post=75271"},{"taxonomy":"product_brand","embeddable":true,"href":"https:\/\/www.tendenzeshabbychic.it\/fr\/wp-json\/wp\/v2\/product_brand?post=75271"},{"taxonomy":"product_cat","embeddable":true,"href":"https:\/\/www.tendenzeshabbychic.it\/fr\/wp-json\/wp\/v2\/product_cat?post=75271"},{"taxonomy":"product_tag","embeddable":true,"href":"https:\/\/www.tendenzeshabbychic.it\/fr\/wp-json\/wp\/v2\/product_tag?post=75271"}],"curies":[{"name":"wp","href":"https:\/\/api.w.org\/{rel}","templated":true}]}}