{"id":75175,"date":"2022-03-12T21:53:29","date_gmt":"2022-03-12T20:53:29","guid":{"rendered":"https:\/\/www.tendenzeshabbychic.it\/prodotto\/rideau-prestige-en-dentelle-corinzio-avec-boucles-et-noeuds-en-papier-de-sucre-230x300-cm\/"},"modified":"2023-07-09T11:49:33","modified_gmt":"2023-07-09T09:49:33","slug":"rideau-de-dentelle-prestige-avec-passage-et-flocons-papier-sucre-230x300-cm","status":"publish","type":"product","link":"https:\/\/www.tendenzeshabbychic.it\/fr\/produit\/rideau-de-dentelle-prestige-avec-passage-et-flocons-papier-sucre-230x300-cm\/","title":{"rendered":"Rideau Prestige en dentelle Corinzio avec boucles et n\u0153uds en papier de sucre 230&#215;300 cm"},"content":{"rendered":"<p>Magnifique rideau en prestigieuse dentelle de Corinzio r\u00e9alis\u00e9 par Chez Moi, sur tout le tulle il y a une riche broderie, sur les c\u00f4t\u00e9s un beau festonnage rend ce rideau de taille g\u00e9n\u00e9reuse riche et luxueux, il est parfait pour rendre vos pi\u00e8ces \u00e9l\u00e9gantes et majestueuses sans \u00eatre exag\u00e9r\u00e9es.<\/p>\n<p>Vous pouvez d\u00e9cider de le suspendre \u00e0 la tringle \u00e0 rideaux, soit \u00e0 l&rsquo;aide de la boucle de dentelle r\u00e9tractable, soit \u00e0 l&rsquo;aide des attaches en lin, parfaites pour faire de jolis n\u0153uds.<\/p>\n<p>Ce rideau en dentelle corinzio est id\u00e9al pour d\u00e9corer parfaitement votre int\u00e9rieur, qu&rsquo;il soit de style classique, shabby ou romantique proven\u00e7al, et donnera \u00e0 vos pi\u00e8ces une touche suppl\u00e9mentaire.<\/p>\n<p>Avec son design unique et sophistiqu\u00e9, Chez Moi, une entreprise fabriqu\u00e9e en Italie, meuble votre maison avec un style romantique et princier depuis des ann\u00e9es.<\/p>\n<p>Ce rideau en dentelle corinzio de Chez Moi, avec ses dimensions g\u00e9n\u00e9reuses de 230 cm de largeur et 300 cm de hauteur, est id\u00e9al pour meubler la chambre \u00e0 coucher de vos r\u00eaves ou pour donner \u00e0 un salon un style shabby et romantique parfait.<\/p>\n<ul>\n<li><strong>Mati\u00e8re<\/strong> : 80% nylon, 20% coton<\/li>\n<li><strong>mesure: <\/strong>230&#215;300<\/li>\n<li><strong>couleur : <\/strong> papier de sucre (bleu clair)<\/li>\n<\/ul>\n","protected":false},"excerpt":{"rendered":"<p><strong>DIMENSIONS: <\/strong>L 230 x H 300 cm<\/p>\n<p>Rideau en dentelle corinthienne mod\u00e8le Prestige, avec boucles et n\u0153uds en lin. Une tr\u00e8s belle marquise en pure dentelle italienne. En papier sucre, le tulle et les broderies riches en coton blanc chaud donneront \u00e0 la maison un air de luxe et de romantisme, parfait pour un style classique ou shabby chic.<\/p>\n","protected":false},"featured_media":65398,"comment_status":"open","ping_status":"closed","template":"","meta":{"_joinchat":[]},"pwb-brand":[1567],"product_brand":[],"product_cat":[1535],"product_tag":[1305,1300,1298,1366],"class_list":{"0":"post-75175","1":"product","2":"type-product","3":"status-publish","4":"has-post-thumbnail","6":"pwb-brand-chez-moi-fr","7":"product_cat-rideaux","8":"product_tag-dentelle-corinzio","9":"product_tag-fatto-a-mano-fr","10":"product_tag-made-in-italy-fr","11":"product_tag-papier-a-sucre","12":"product_shipping_class-no-contrassegno-fr","14":"first","15":"onbackorder","16":"taxable","17":"shipping-taxable","18":"purchasable","19":"product-type-simple"},"brands":[{"id":1567,"name":"Chez Moi","slug":"chez-moi-fr"}],"_links":{"self":[{"href":"https:\/\/www.tendenzeshabbychic.it\/fr\/wp-json\/wp\/v2\/product\/75175","targetHints":{"allow":["GET"]}}],"collection":[{"href":"https:\/\/www.tendenzeshabbychic.it\/fr\/wp-json\/wp\/v2\/product"}],"about":[{"href":"https:\/\/www.tendenzeshabbychic.it\/fr\/wp-json\/wp\/v2\/types\/product"}],"replies":[{"embeddable":true,"href":"https:\/\/www.tendenzeshabbychic.it\/fr\/wp-json\/wp\/v2\/comments?post=75175"}],"wp:featuredmedia":[{"embeddable":true,"href":"https:\/\/www.tendenzeshabbychic.it\/fr\/wp-json\/wp\/v2\/media\/65398"}],"wp:attachment":[{"href":"https:\/\/www.tendenzeshabbychic.it\/fr\/wp-json\/wp\/v2\/media?parent=75175"}],"wp:term":[{"taxonomy":"pwb-brand","embeddable":true,"href":"https:\/\/www.tendenzeshabbychic.it\/fr\/wp-json\/wp\/v2\/pwb-brand?post=75175"},{"taxonomy":"product_brand","embeddable":true,"href":"https:\/\/www.tendenzeshabbychic.it\/fr\/wp-json\/wp\/v2\/product_brand?post=75175"},{"taxonomy":"product_cat","embeddable":true,"href":"https:\/\/www.tendenzeshabbychic.it\/fr\/wp-json\/wp\/v2\/product_cat?post=75175"},{"taxonomy":"product_tag","embeddable":true,"href":"https:\/\/www.tendenzeshabbychic.it\/fr\/wp-json\/wp\/v2\/product_tag?post=75175"}],"curies":[{"name":"wp","href":"https:\/\/api.w.org\/{rel}","templated":true}]}}