{"id":75126,"date":"2021-11-16T20:18:32","date_gmt":"2021-11-16T19:18:32","guid":{"rendered":"https:\/\/www.tendenzeshabbychic.it\/prodotto\/double-couette-boutis-toile-de-jouy-blanc-mariclo-tortora\/"},"modified":"2025-02-03T13:28:25","modified_gmt":"2025-02-03T12:28:25","slug":"quilt-wedding-boutis-toile-de-jouy-blanc-mariclo-tortora","status":"publish","type":"product","link":"https:\/\/www.tendenzeshabbychic.it\/fr\/produit\/quilt-wedding-boutis-toile-de-jouy-blanc-mariclo-tortora\/","title":{"rendered":"Double couette Boutis Toile de Jouy Blanc Maricl\u00f2 Tortora"},"content":{"rendered":"<ul>\n<li>mat\u00e9riau : ext\u00e9rieur 100% COTON &#8211; int\u00e9rieur 100% polyester rembourrage<\/li>\n<\/ul>\n<h2>Une magnifique couverture double de style shabby chic.<\/h2>\n<h3>L&rsquo;ex\u00e9cution de l&rsquo;\u00e9dredon en toile de jouy de boutis rappelle le travail artisanal d&rsquo;antan. Les coutures gaufr\u00e9es rappellent la fabrication fran\u00e7aise \u00e0 la main.<\/h3>\n<p>L&rsquo;une des plus belles collections de linge de lit de Blanc maricl\u00f2 pour cet hiver est la courtepointe en toile de jouy de la collection Vintage Velvet.<\/p>\n<p>La particularit\u00e9, outre le motif pastoral intemporel, est qu&rsquo;il est r\u00e9versible. En effet, nous avons une face en coton avec un imprim\u00e9 gris tourterelle tr\u00e8s d\u00e9licat sur un fond ivoire.<\/p>\n<p>Le Boutis avec le travail en relief est comme fait \u00e0 la main, comme le travail fran\u00e7ais d&rsquo;antan, tout le p\u00e9rim\u00e8tre entour\u00e9 de ce velours tr\u00e8s doux dans ce beau ton o\u00f9 l&rsquo;on retrouve les coutures en relief.<\/p>\n<p>Des housses d&rsquo;oreiller sont \u00e9galement disponibles dans la m\u00eame gamme.<\/p>\n<p>Parfait pour ceux qui souhaitent meubler leur chambre \u00e0 coucher dans un style shabby ou proven\u00e7al.<\/p>\n<p>L&rsquo;autre c\u00f4t\u00e9, celui du velours uni, avec cette couture en relief, cr\u00e9e un tr\u00e8s beau mouvement. Le velours permet notamment de l&rsquo;associer \u00e0 une chambre \u00e0 coucher un peu plus moderne, plus glamour, avec une touche vintage.<\/p>\n","protected":false},"excerpt":{"rendered":"<p><strong>DIMENSIONS: <\/strong>260 x 260 cm<br \/>\n<iframe loading=\"lazy\" title=\"YouTube video player\" src=\"https:\/\/www.youtube.com\/embed\/Ok7RAWAuNR0\" width=\"360\" height=\"640\" frameborder=\"0\" allowfullscreen=\"allowfullscreen\"><\/iframe><br \/>\nDouble couette \u00e0 Boutis. Le motif Toile de Jouy est parfait pour une chambre double exprimant le romantisme et la chaleur, id\u00e9al pour une chambre au style shabby et proven\u00e7al parfait. Fait partie de la collection Vintage Velvet de Blanc Maricl\u00f2.<\/p>\n<p>L&rsquo;\u00e9dredon est r\u00e9versible, un c\u00f4t\u00e9 est en velours uni avec une bordure en coton imprim\u00e9 toile de jouy, ce qui le rend \u00e9l\u00e9gant et intemporel.<\/p>\n<p>L&rsquo;autre est un fond en coton ivoire avec une toile de jouy, soigneusement et \u00e9l\u00e9gamment combin\u00e9e avec une bordure en velours assortie pour donner du caract\u00e8re et un romantisme absolu \u00e0 l&rsquo;endroit o\u00f9 l&rsquo;on se trouve.<\/p>\n<p>Le velours unicolore associ\u00e9 \u00e0 la toile de jouy permet de ne jamais s&rsquo;en lasser.<\/p>\n<p>D\u00e9couvre les coussins de la m\u00eame ligne en cliquant <a href=\"https:\/\/www.tendenzeshabbychic.it\/prodotto\/copri-guanciale-toile-de-jouy\/\"><br \/>\n  <strong>ICI<\/strong><br \/>\n<\/a>.<\/p>\n<p><strong>Pour acheter, cliquer sur la couleur d\u00e9sir\u00e9e, s\u00e9lectionner la quantit\u00e9 et cliquer sur ajouter au panier.<\/strong><\/p>\n","protected":false},"featured_media":64359,"comment_status":"open","ping_status":"closed","template":"","meta":{"_joinchat":[]},"pwb-brand":[1561],"product_brand":[],"product_cat":[1483],"product_tag":[2847,1542,1318],"class_list":{"0":"post-75126","1":"product","2":"type-product","3":"status-publish","4":"has-post-thumbnail","6":"pwb-brand-blanc-mariclo-fr","7":"product_cat-quilts-doubles","8":"product_tag-chambre","9":"product_tag-toile-de-jouy-fr","10":"product_tag-velours","12":"first","13":"outofstock","14":"sale","15":"taxable","16":"shipping-taxable","17":"purchasable","18":"product-type-simple"},"brands":[{"id":1561,"name":"Blanc Mariclo","slug":"blanc-mariclo-fr"}],"_links":{"self":[{"href":"https:\/\/www.tendenzeshabbychic.it\/fr\/wp-json\/wp\/v2\/product\/75126","targetHints":{"allow":["GET"]}}],"collection":[{"href":"https:\/\/www.tendenzeshabbychic.it\/fr\/wp-json\/wp\/v2\/product"}],"about":[{"href":"https:\/\/www.tendenzeshabbychic.it\/fr\/wp-json\/wp\/v2\/types\/product"}],"replies":[{"embeddable":true,"href":"https:\/\/www.tendenzeshabbychic.it\/fr\/wp-json\/wp\/v2\/comments?post=75126"}],"wp:featuredmedia":[{"embeddable":true,"href":"https:\/\/www.tendenzeshabbychic.it\/fr\/wp-json\/wp\/v2\/media\/64359"}],"wp:attachment":[{"href":"https:\/\/www.tendenzeshabbychic.it\/fr\/wp-json\/wp\/v2\/media?parent=75126"}],"wp:term":[{"taxonomy":"pwb-brand","embeddable":true,"href":"https:\/\/www.tendenzeshabbychic.it\/fr\/wp-json\/wp\/v2\/pwb-brand?post=75126"},{"taxonomy":"product_brand","embeddable":true,"href":"https:\/\/www.tendenzeshabbychic.it\/fr\/wp-json\/wp\/v2\/product_brand?post=75126"},{"taxonomy":"product_cat","embeddable":true,"href":"https:\/\/www.tendenzeshabbychic.it\/fr\/wp-json\/wp\/v2\/product_cat?post=75126"},{"taxonomy":"product_tag","embeddable":true,"href":"https:\/\/www.tendenzeshabbychic.it\/fr\/wp-json\/wp\/v2\/product_tag?post=75126"}],"curies":[{"name":"wp","href":"https:\/\/api.w.org\/{rel}","templated":true}]}}