{"id":75050,"date":"2026-02-11T09:00:25","date_gmt":"2026-02-11T08:00:25","guid":{"rendered":"https:\/\/www.tendenzeshabbychic.it\/prodotto\/tige-de-piedestal-en-metal-mathilde-m\/"},"modified":"2026-02-11T14:51:34","modified_gmt":"2026-02-11T13:51:34","slug":"piedestal-en-metal-mathilde-m","status":"publish","type":"product","link":"https:\/\/www.tendenzeshabbychic.it\/fr\/produit\/piedestal-en-metal-mathilde-m\/","title":{"rendered":"Tringle Pi\u00e9destal M\u00e9tal Mathilde M."},"content":{"rendered":"<ul>\n<li>mat\u00e9riau : m\u00e9tal<\/li>\n<li>couleur : gris antique<\/li>\n<li>Vendu sans d\u00e9coration en pl\u00e2tre.<\/li>\n<\/ul>\n","protected":false},"excerpt":{"rendered":"<p><strong>PETITE TAILLE : <\/strong>P 8 x H 28 cm<\/p>\n<p><strong>GRANDES DIMENSIONS : <\/strong>P 8 x H 35 cm<\/p>\n<p>Le <strong>pi\u00e9destal <\/strong>est l&rsquo;accessoire id\u00e9al pour <strong>suspendre des pi\u00e8ces en pl\u00e2tre ou des objets en porcelaine<\/strong>, donnant ainsi une touche distinctive \u00e0 la d\u00e9coration de la maison. Son aspect d\u00e9lib\u00e9r\u00e9ment vintage en fait un objet plein de style et de d\u00e9tails. En m\u00e9tal.<\/p>\n<p>&nbsp;<\/p>\n","protected":false},"featured_media":64860,"comment_status":"open","ping_status":"closed","template":"","meta":{"_joinchat":[]},"pwb-brand":[1562],"product_brand":[],"product_cat":[1505],"product_tag":[1310,3285],"class_list":{"0":"post-75050","1":"product","2":"type-product","3":"status-publish","4":"has-post-thumbnail","6":"pwb-brand-mathilde-m-fr","7":"product_cat-objets","8":"product_tag-patine-vintage","9":"product_tag-ventes","11":"first","12":"instock","13":"taxable","14":"shipping-taxable","15":"purchasable","16":"product-type-variable"},"brands":[{"id":1562,"name":"Mathilde M.","slug":"mathilde-m-fr"}],"_links":{"self":[{"href":"https:\/\/www.tendenzeshabbychic.it\/fr\/wp-json\/wp\/v2\/product\/75050","targetHints":{"allow":["GET"]}}],"collection":[{"href":"https:\/\/www.tendenzeshabbychic.it\/fr\/wp-json\/wp\/v2\/product"}],"about":[{"href":"https:\/\/www.tendenzeshabbychic.it\/fr\/wp-json\/wp\/v2\/types\/product"}],"replies":[{"embeddable":true,"href":"https:\/\/www.tendenzeshabbychic.it\/fr\/wp-json\/wp\/v2\/comments?post=75050"}],"wp:featuredmedia":[{"embeddable":true,"href":"https:\/\/www.tendenzeshabbychic.it\/fr\/wp-json\/wp\/v2\/media\/64860"}],"wp:attachment":[{"href":"https:\/\/www.tendenzeshabbychic.it\/fr\/wp-json\/wp\/v2\/media?parent=75050"}],"wp:term":[{"taxonomy":"pwb-brand","embeddable":true,"href":"https:\/\/www.tendenzeshabbychic.it\/fr\/wp-json\/wp\/v2\/pwb-brand?post=75050"},{"taxonomy":"product_brand","embeddable":true,"href":"https:\/\/www.tendenzeshabbychic.it\/fr\/wp-json\/wp\/v2\/product_brand?post=75050"},{"taxonomy":"product_cat","embeddable":true,"href":"https:\/\/www.tendenzeshabbychic.it\/fr\/wp-json\/wp\/v2\/product_cat?post=75050"},{"taxonomy":"product_tag","embeddable":true,"href":"https:\/\/www.tendenzeshabbychic.it\/fr\/wp-json\/wp\/v2\/product_tag?post=75050"}],"curies":[{"name":"wp","href":"https:\/\/api.w.org\/{rel}","templated":true}]}}