{"id":74981,"date":"2023-03-31T15:05:28","date_gmt":"2023-03-31T13:05:28","guid":{"rendered":"https:\/\/www.tendenzeshabbychic.it\/prodotto\/paire-deponges-pour-le-visage-et-les-invites-et-dentelle-arabesque-fiordaliso\/"},"modified":"2023-04-15T18:13:42","modified_gmt":"2023-04-15T16:13:42","slug":"coppia-spugne-viso-e-ospiti-e-pizzo-arabesque-fiordaliso","status":"publish","type":"product","link":"https:\/\/www.tendenzeshabbychic.it\/fr\/produit\/coppia-spugne-viso-e-ospiti-e-pizzo-arabesque-fiordaliso\/","title":{"rendered":"Paire d&rsquo;\u00e9ponges pour le visage et les invit\u00e9s et dentelle arabesque Fiordaliso"},"content":{"rendered":"<ul>\n<li><strong>mat\u00e9riaux: <\/strong>100% coton et dentelle<\/li>\n<li><strong>MADE IN ITALY<\/strong><\/li>\n<\/ul>\n","protected":false},"excerpt":{"rendered":"<p><strong>TAILLE DE LA SERVIETTE DE TOILETTE: <\/strong>100 x 60 cm<\/p>\n<p><strong>TAILLE DE LA SERVIETTE POUR LES INVIT\u00c9S: <\/strong>60 x 40 cm<\/p>\n<p>Set de serviettes de toilette et d&rsquo;invit\u00e9s en \u00e9ponge (100% coton) et la nouvelle dentelle arabesque, fabriqu\u00e9es \u00e0 la main en Italie par Chez Moi. Couleur fiordaliso (bleu clair).<\/p>\n","protected":false},"featured_media":74974,"comment_status":"open","ping_status":"closed","template":"","meta":{"_joinchat":[]},"pwb-brand":[1567],"product_brand":[],"product_cat":[1473],"product_tag":[1345,1308,1304,1300,1298,1323],"class_list":{"0":"post-74981","1":"product","2":"type-product","3":"status-publish","4":"has-post-thumbnail","6":"pwb-brand-chez-moi-fr","7":"product_cat-serviettes","8":"product_tag-argile","9":"product_tag-dentelle","10":"product_tag-dentelle-arabesque","11":"product_tag-fatto-a-mano-fr","12":"product_tag-made-in-italy-fr","13":"product_tag-mer","14":"pa_colore-azure","16":"first","17":"outofstock","18":"taxable","19":"shipping-taxable","20":"purchasable","21":"product-type-simple"},"brands":[{"id":1567,"name":"Chez Moi","slug":"chez-moi-fr"}],"_links":{"self":[{"href":"https:\/\/www.tendenzeshabbychic.it\/fr\/wp-json\/wp\/v2\/product\/74981","targetHints":{"allow":["GET"]}}],"collection":[{"href":"https:\/\/www.tendenzeshabbychic.it\/fr\/wp-json\/wp\/v2\/product"}],"about":[{"href":"https:\/\/www.tendenzeshabbychic.it\/fr\/wp-json\/wp\/v2\/types\/product"}],"replies":[{"embeddable":true,"href":"https:\/\/www.tendenzeshabbychic.it\/fr\/wp-json\/wp\/v2\/comments?post=74981"}],"wp:featuredmedia":[{"embeddable":true,"href":"https:\/\/www.tendenzeshabbychic.it\/fr\/wp-json\/wp\/v2\/media\/74974"}],"wp:attachment":[{"href":"https:\/\/www.tendenzeshabbychic.it\/fr\/wp-json\/wp\/v2\/media?parent=74981"}],"wp:term":[{"taxonomy":"pwb-brand","embeddable":true,"href":"https:\/\/www.tendenzeshabbychic.it\/fr\/wp-json\/wp\/v2\/pwb-brand?post=74981"},{"taxonomy":"product_brand","embeddable":true,"href":"https:\/\/www.tendenzeshabbychic.it\/fr\/wp-json\/wp\/v2\/product_brand?post=74981"},{"taxonomy":"product_cat","embeddable":true,"href":"https:\/\/www.tendenzeshabbychic.it\/fr\/wp-json\/wp\/v2\/product_cat?post=74981"},{"taxonomy":"product_tag","embeddable":true,"href":"https:\/\/www.tendenzeshabbychic.it\/fr\/wp-json\/wp\/v2\/product_tag?post=74981"}],"curies":[{"name":"wp","href":"https:\/\/api.w.org\/{rel}","templated":true}]}}