{"id":74831,"date":"2024-02-25T13:16:17","date_gmt":"2024-02-25T12:16:17","guid":{"rendered":"https:\/\/www.tendenzeshabbychic.it\/prodotto\/vase-en-metal-shabby-chic-coupe-h-51-cm\/"},"modified":"2023-03-31T02:38:13","modified_gmt":"2023-03-31T00:38:13","slug":"vase-en-metal-shabby-chic-coupe-h-51-cm","status":"publish","type":"product","link":"https:\/\/www.tendenzeshabbychic.it\/fr\/produit\/vase-en-metal-shabby-chic-coupe-h-51-cm\/","title":{"rendered":"Vase en m\u00e9tal Shabby Chic Coupe H 51 cm"},"content":{"rendered":"<ul>\n<li>mat\u00e9riau : m\u00e9tal<\/li>\n<li>couleur : ivoire et patine vintage<\/li>\n<\/ul>\n","protected":false},"excerpt":{"rendered":"<p><strong>DIMENSIONS : <\/strong>D 35 x H 51 cm<\/p>\n<p>Vase en m\u00e9tal avec poign\u00e9es. Les teintes dor\u00e9es et l&rsquo;\u00e9caillage lui conf\u00e8rent un charme authentiquement vintage.<\/p>\n","protected":false},"featured_media":216469,"comment_status":"open","ping_status":"closed","template":"","meta":{"_joinchat":[]},"pwb-brand":[1564],"product_brand":[],"product_cat":[1526],"product_tag":[1310,3285],"class_list":{"0":"post-74831","1":"product","2":"type-product","3":"status-publish","4":"has-post-thumbnail","6":"pwb-brand-edg-fr","7":"product_cat-vases","8":"product_tag-patine-vintage","9":"product_tag-ventes","11":"first","12":"outofstock","13":"sale","14":"taxable","15":"shipping-taxable","16":"purchasable","17":"product-type-simple"},"brands":[{"id":1564,"name":"EDG \u2013 Enzo De Gasperi","slug":"edg-fr"}],"_links":{"self":[{"href":"https:\/\/www.tendenzeshabbychic.it\/fr\/wp-json\/wp\/v2\/product\/74831","targetHints":{"allow":["GET"]}}],"collection":[{"href":"https:\/\/www.tendenzeshabbychic.it\/fr\/wp-json\/wp\/v2\/product"}],"about":[{"href":"https:\/\/www.tendenzeshabbychic.it\/fr\/wp-json\/wp\/v2\/types\/product"}],"replies":[{"embeddable":true,"href":"https:\/\/www.tendenzeshabbychic.it\/fr\/wp-json\/wp\/v2\/comments?post=74831"}],"wp:featuredmedia":[{"embeddable":true,"href":"https:\/\/www.tendenzeshabbychic.it\/fr\/wp-json\/wp\/v2\/media\/216469"}],"wp:attachment":[{"href":"https:\/\/www.tendenzeshabbychic.it\/fr\/wp-json\/wp\/v2\/media?parent=74831"}],"wp:term":[{"taxonomy":"pwb-brand","embeddable":true,"href":"https:\/\/www.tendenzeshabbychic.it\/fr\/wp-json\/wp\/v2\/pwb-brand?post=74831"},{"taxonomy":"product_brand","embeddable":true,"href":"https:\/\/www.tendenzeshabbychic.it\/fr\/wp-json\/wp\/v2\/product_brand?post=74831"},{"taxonomy":"product_cat","embeddable":true,"href":"https:\/\/www.tendenzeshabbychic.it\/fr\/wp-json\/wp\/v2\/product_cat?post=74831"},{"taxonomy":"product_tag","embeddable":true,"href":"https:\/\/www.tendenzeshabbychic.it\/fr\/wp-json\/wp\/v2\/product_tag?post=74831"}],"curies":[{"name":"wp","href":"https:\/\/api.w.org\/{rel}","templated":true}]}}