{"id":74824,"date":"2024-02-25T13:17:55","date_gmt":"2024-02-25T12:17:55","guid":{"rendered":"https:\/\/www.tendenzeshabbychic.it\/prodotto\/vase-en-pierre-shabby-chic-h-61-cm\/"},"modified":"2023-03-31T02:38:12","modified_gmt":"2023-03-31T00:38:12","slug":"vase-en-pierre-shabby-chic-h-61-cm","status":"publish","type":"product","link":"https:\/\/www.tendenzeshabbychic.it\/fr\/produit\/vase-en-pierre-shabby-chic-h-61-cm\/","title":{"rendered":"Vase en pierre Shabby Chic H 61 cm"},"content":{"rendered":"<ul>\n<li>mat\u00e9riau : pierre<\/li>\n<\/ul>\n","protected":false},"excerpt":{"rendered":"<p><strong>DIMENSIONS :<\/strong> D 49 x H 61 cm<\/p>\n<p>Vase en pierre Shabby Chic avec d\u00e9corations r\u00e9alis\u00e9 par EDG. Sa grande taille permet de l&rsquo;utiliser \u00e0 l&rsquo;ext\u00e9rieur, car il est en pierre et ne craint ni le froid ni les intemp\u00e9ries.<\/p>\n","protected":false},"featured_media":65189,"comment_status":"open","ping_status":"closed","template":"","meta":{"_joinchat":[]},"pwb-brand":[1564],"product_brand":[],"product_cat":[1526],"product_tag":[1310,3285],"class_list":{"0":"post-74824","1":"product","2":"type-product","3":"status-publish","4":"has-post-thumbnail","6":"pwb-brand-edg-fr","7":"product_cat-vases","8":"product_tag-patine-vintage","9":"product_tag-ventes","10":"product_shipping_class-no-contrassegno-fr","12":"first","13":"outofstock","14":"taxable","15":"shipping-taxable","16":"purchasable","17":"product-type-simple"},"brands":[{"id":1564,"name":"EDG \u2013 Enzo De Gasperi","slug":"edg-fr"}],"_links":{"self":[{"href":"https:\/\/www.tendenzeshabbychic.it\/fr\/wp-json\/wp\/v2\/product\/74824","targetHints":{"allow":["GET"]}}],"collection":[{"href":"https:\/\/www.tendenzeshabbychic.it\/fr\/wp-json\/wp\/v2\/product"}],"about":[{"href":"https:\/\/www.tendenzeshabbychic.it\/fr\/wp-json\/wp\/v2\/types\/product"}],"replies":[{"embeddable":true,"href":"https:\/\/www.tendenzeshabbychic.it\/fr\/wp-json\/wp\/v2\/comments?post=74824"}],"wp:featuredmedia":[{"embeddable":true,"href":"https:\/\/www.tendenzeshabbychic.it\/fr\/wp-json\/wp\/v2\/media\/65189"}],"wp:attachment":[{"href":"https:\/\/www.tendenzeshabbychic.it\/fr\/wp-json\/wp\/v2\/media?parent=74824"}],"wp:term":[{"taxonomy":"pwb-brand","embeddable":true,"href":"https:\/\/www.tendenzeshabbychic.it\/fr\/wp-json\/wp\/v2\/pwb-brand?post=74824"},{"taxonomy":"product_brand","embeddable":true,"href":"https:\/\/www.tendenzeshabbychic.it\/fr\/wp-json\/wp\/v2\/product_brand?post=74824"},{"taxonomy":"product_cat","embeddable":true,"href":"https:\/\/www.tendenzeshabbychic.it\/fr\/wp-json\/wp\/v2\/product_cat?post=74824"},{"taxonomy":"product_tag","embeddable":true,"href":"https:\/\/www.tendenzeshabbychic.it\/fr\/wp-json\/wp\/v2\/product_tag?post=74824"}],"curies":[{"name":"wp","href":"https:\/\/api.w.org\/{rel}","templated":true}]}}