{"id":74801,"date":"2022-02-26T20:11:16","date_gmt":"2022-02-26T19:11:16","guid":{"rendered":"https:\/\/www.tendenzeshabbychic.it\/prodotto\/tringle-a-rideaux-shabby-chic-avec-fleurs-ivoire-et-or-160-300\/"},"modified":"2026-04-10T15:49:28","modified_gmt":"2026-04-10T13:49:28","slug":"baton-rideau-shabby-chic-avec-fleurs-ivoire-et-or-160-300","status":"publish","type":"product","link":"https:\/\/www.tendenzeshabbychic.it\/fr\/produit\/baton-rideau-shabby-chic-avec-fleurs-ivoire-et-or-160-300\/","title":{"rendered":"Tringle \u00e0 Rideau Shabby Chic \u00e0 Fleurs Ivoire et Or 160-300"},"content":{"rendered":"<ul>\n<li>mat\u00e9riau : m\u00e9tal<\/li>\n<\/ul>\n","protected":false},"excerpt":{"rendered":"<p><strong>DIMENSIONS:<\/strong> min 160 max 300 cm Tringle \u00e0 rideau \u00e0 fleurs ivoire avec nuances dor\u00e9es, \u00e9galement compl\u00e8te de 48 anneaux (que vous pouvez retirer). Parfait pour une tente shabby chic et une ambiance romantique. Installation facile, dans le colis vous trouverez tout ce dont vous avez besoin pour le montage.  <\/p>\n<ul>\n<li>3 supports de rideaux<\/li>\n<\/ul>\n","protected":false},"featured_media":65289,"comment_status":"open","ping_status":"closed","template":"","meta":{"_joinchat":[]},"pwb-brand":[449],"product_brand":[],"product_cat":[1536,1535],"product_tag":[],"class_list":{"0":"post-74801","1":"product","2":"type-product","3":"status-publish","4":"has-post-thumbnail","6":"pwb-brand-atelier-17","7":"product_cat-accessoires-pour-rideaux","8":"product_cat-rideaux","10":"first","11":"instock","12":"taxable","13":"shipping-taxable","14":"purchasable","15":"product-type-simple"},"brands":[{"id":1560,"name":"L\u2019Atelier 17","slug":"atelier-17-fr"}],"_links":{"self":[{"href":"https:\/\/www.tendenzeshabbychic.it\/fr\/wp-json\/wp\/v2\/product\/74801","targetHints":{"allow":["GET"]}}],"collection":[{"href":"https:\/\/www.tendenzeshabbychic.it\/fr\/wp-json\/wp\/v2\/product"}],"about":[{"href":"https:\/\/www.tendenzeshabbychic.it\/fr\/wp-json\/wp\/v2\/types\/product"}],"replies":[{"embeddable":true,"href":"https:\/\/www.tendenzeshabbychic.it\/fr\/wp-json\/wp\/v2\/comments?post=74801"}],"wp:featuredmedia":[{"embeddable":true,"href":"https:\/\/www.tendenzeshabbychic.it\/fr\/wp-json\/wp\/v2\/media\/65289"}],"wp:attachment":[{"href":"https:\/\/www.tendenzeshabbychic.it\/fr\/wp-json\/wp\/v2\/media?parent=74801"}],"wp:term":[{"taxonomy":"pwb-brand","embeddable":true,"href":"https:\/\/www.tendenzeshabbychic.it\/fr\/wp-json\/wp\/v2\/pwb-brand?post=74801"},{"taxonomy":"product_brand","embeddable":true,"href":"https:\/\/www.tendenzeshabbychic.it\/fr\/wp-json\/wp\/v2\/product_brand?post=74801"},{"taxonomy":"product_cat","embeddable":true,"href":"https:\/\/www.tendenzeshabbychic.it\/fr\/wp-json\/wp\/v2\/product_cat?post=74801"},{"taxonomy":"product_tag","embeddable":true,"href":"https:\/\/www.tendenzeshabbychic.it\/fr\/wp-json\/wp\/v2\/product_tag?post=74801"}],"curies":[{"name":"wp","href":"https:\/\/api.w.org\/{rel}","templated":true}]}}