{"id":74520,"date":"2022-04-21T17:02:33","date_gmt":"2022-04-21T15:02:33","guid":{"rendered":"https:\/\/www.tendenzeshabbychic.it\/prodotto\/rideau-en-dentelle-corinzio-avec-boucle-et-noeuds-blanc-optique-120-x-300\/"},"modified":"2022-04-21T17:02:33","modified_gmt":"2022-04-21T15:02:33","slug":"tenda-in-pizzo-corinzio-con-passante-e-fiocchi-bianco-ottico-120-x-300","status":"publish","type":"product","link":"https:\/\/www.tendenzeshabbychic.it\/fr\/produit\/tenda-in-pizzo-corinzio-con-passante-e-fiocchi-bianco-ottico-120-x-300\/","title":{"rendered":"Rideau en dentelle Corinzio avec boucle et n\u0153uds Blanc optique 120 x 300"},"content":{"rendered":"<p>Le rideau en dentelle de Corinzio est enti\u00e8rement fabriqu\u00e9 en Italie par Chez Moi. La merveilleuse broderie en coton fin sur le tulle doux de la dentelle de Corinthe laissera filtrer la lumi\u00e8re et fera briller votre pi\u00e8ce.<\/p>\n<p>Des bords festonn\u00e9s romantiques entourent les deux c\u00f4t\u00e9s, tandis que l&rsquo;ourlet du dessous est droit, ce qui est parfait si vous avez besoin de le raccourcir.<\/p>\n<p>Vous pouvez installer le rideau soit par le biais de la boucle de lacet r\u00e9tractable unique, soit avec les lacets pour cr\u00e9er de magnifiques n\u0153uds romantiques.<\/p>\n<p>Id\u00e9al dans les diff\u00e9rentes pi\u00e8ces de votre maison, de la chambre \u00e0 coucher au salon, en passant par la salle de bain, il embellira n&rsquo;importe quelle pi\u00e8ce de votre maison, magnifique d\u00e9pos\u00e9 directement sur le balcon ou la fen\u00eatre, mais aussi remont\u00e9 d&rsquo;un c\u00f4t\u00e9 avec une embrasse.<\/p>\n<ul>\n<li>Mati\u00e8re : 80% nylon, 20% coton<\/li>\n<li>mesure 120 x 300 H<\/li>\n<li>couleur : blanc optique<\/li>\n<li><strong>MADE IN ITALY<\/strong><\/li>\n<\/ul>\n","protected":false},"excerpt":{"rendered":"<p><strong>DIMENSIONS: <\/strong> 120 x H 300 cm<\/p>\n<p>Rideau au design sophistiqu\u00e9 et raffin\u00e9, la dentelle Corinthian de Chez Moi rendra vos pi\u00e8ces luxueuses et \u00e9l\u00e9gantes. Le rideau de dentelle Corinzio lignes romantiques et essentielles et \u00e0 ses festons lat\u00e9raux, il peut \u00eatre utilis\u00e9 dans diff\u00e9rentes pi\u00e8ces de votre maison. Qu&rsquo;il soit romantique, classique ou qu&rsquo;il ait une saveur shabby chic ou proven\u00e7ale, ce rideau sera parfait pour vous.<\/p>\n","protected":false},"featured_media":68644,"comment_status":"open","ping_status":"closed","template":"","meta":{"_joinchat":[]},"pwb-brand":[1567],"product_brand":[],"product_cat":[1535],"product_tag":[1348,1308,1305,1300,1298],"class_list":{"0":"post-74520","1":"product","2":"type-product","3":"status-publish","4":"has-post-thumbnail","6":"pwb-brand-chez-moi-fr","7":"product_cat-rideaux","8":"product_tag-blanc-optique","9":"product_tag-dentelle","10":"product_tag-dentelle-corinzio","11":"product_tag-fatto-a-mano-fr","12":"product_tag-made-in-italy-fr","14":"first","15":"outofstock","16":"taxable","17":"shipping-taxable","18":"purchasable","19":"product-type-simple"},"brands":[{"id":1567,"name":"Chez Moi","slug":"chez-moi-fr"}],"_links":{"self":[{"href":"https:\/\/www.tendenzeshabbychic.it\/fr\/wp-json\/wp\/v2\/product\/74520","targetHints":{"allow":["GET"]}}],"collection":[{"href":"https:\/\/www.tendenzeshabbychic.it\/fr\/wp-json\/wp\/v2\/product"}],"about":[{"href":"https:\/\/www.tendenzeshabbychic.it\/fr\/wp-json\/wp\/v2\/types\/product"}],"replies":[{"embeddable":true,"href":"https:\/\/www.tendenzeshabbychic.it\/fr\/wp-json\/wp\/v2\/comments?post=74520"}],"wp:featuredmedia":[{"embeddable":true,"href":"https:\/\/www.tendenzeshabbychic.it\/fr\/wp-json\/wp\/v2\/media\/68644"}],"wp:attachment":[{"href":"https:\/\/www.tendenzeshabbychic.it\/fr\/wp-json\/wp\/v2\/media?parent=74520"}],"wp:term":[{"taxonomy":"pwb-brand","embeddable":true,"href":"https:\/\/www.tendenzeshabbychic.it\/fr\/wp-json\/wp\/v2\/pwb-brand?post=74520"},{"taxonomy":"product_brand","embeddable":true,"href":"https:\/\/www.tendenzeshabbychic.it\/fr\/wp-json\/wp\/v2\/product_brand?post=74520"},{"taxonomy":"product_cat","embeddable":true,"href":"https:\/\/www.tendenzeshabbychic.it\/fr\/wp-json\/wp\/v2\/product_cat?post=74520"},{"taxonomy":"product_tag","embeddable":true,"href":"https:\/\/www.tendenzeshabbychic.it\/fr\/wp-json\/wp\/v2\/product_tag?post=74520"}],"curies":[{"name":"wp","href":"https:\/\/api.w.org\/{rel}","templated":true}]}}