{"id":74485,"date":"2025-03-24T11:18:56","date_gmt":"2025-03-24T10:18:56","guid":{"rendered":"https:\/\/www.tendenzeshabbychic.it\/prodotto\/nappe-en-resine-garden-fond-ciel-et-collerette-ivoire\/"},"modified":"2025-03-24T21:17:45","modified_gmt":"2025-03-24T20:17:45","slug":"tovaglia-resinata-garden-fondo-sky-e-frill-avorio","status":"publish","type":"product","link":"https:\/\/www.tendenzeshabbychic.it\/fr\/produit\/tovaglia-resinata-garden-fondo-sky-e-frill-avorio\/","title":{"rendered":"Nappe en r\u00e9sine Garden fond ciel et collerette ivoire"},"content":{"rendered":"<ul>\n<li><strong>mat\u00e9riel: <\/strong>80% coton &#8211; 20% polyr\u00e9sinate<\/li>\n<\/ul>\n","protected":false},"excerpt":{"rendered":"<p><strong>DIMENSIONS: <\/strong>155 x 220 cm pour 8 places de table<\/p>\n<p><strong>DIMENSIONS: <\/strong>155&#215;270 cm pour les places de table 12\/16<\/p>\n<p><strong>DIMENSIONS : <\/strong>155&#215;360 cm pour 16\/22 places de table<\/p>\n<p>Nappe en coton r\u00e9sin\u00e9 \u00e0 motif floral <em>Garden<\/em> avec un fond bleu ciel et une collerette ivoire. Gr\u00e2ce au traitement de la r\u00e9sine anti-taches, le nettoyage est tr\u00e8s facile : vous pouvez le laver avec un chiffon humide et les taches dispara\u00eetront imm\u00e9diatement. Produit fait \u00e0 la main <strong>Made in Italy<\/strong>.<\/p>\n<p><iframe loading=\"lazy\" title=\"YouTube video player\" src=\"https:\/\/www.youtube.com\/embed\/UyhIJ7jDFxA\" width=\"540\" height=\"960\" frameborder=\"0\" allowfullscreen=\"allowfullscreen\"><\/iframe><\/p>\n","protected":false},"featured_media":65735,"comment_status":"open","ping_status":"closed","template":"","meta":{"_joinchat":[]},"pwb-brand":[1560],"product_brand":[],"product_cat":[1491],"product_tag":[1300,1298,2844],"class_list":{"0":"post-74485","1":"product","2":"type-product","3":"status-publish","4":"has-post-thumbnail","6":"pwb-brand-atelier-17-fr","7":"product_cat-nappes","8":"product_tag-fatto-a-mano-fr","9":"product_tag-made-in-italy-fr","10":"product_tag-salle-a-manger","12":"first","13":"outofstock","14":"taxable","15":"shipping-taxable","16":"purchasable","17":"product-type-variable"},"brands":[{"id":1560,"name":"L\u2019Atelier 17","slug":"atelier-17-fr"}],"_links":{"self":[{"href":"https:\/\/www.tendenzeshabbychic.it\/fr\/wp-json\/wp\/v2\/product\/74485","targetHints":{"allow":["GET"]}}],"collection":[{"href":"https:\/\/www.tendenzeshabbychic.it\/fr\/wp-json\/wp\/v2\/product"}],"about":[{"href":"https:\/\/www.tendenzeshabbychic.it\/fr\/wp-json\/wp\/v2\/types\/product"}],"replies":[{"embeddable":true,"href":"https:\/\/www.tendenzeshabbychic.it\/fr\/wp-json\/wp\/v2\/comments?post=74485"}],"wp:featuredmedia":[{"embeddable":true,"href":"https:\/\/www.tendenzeshabbychic.it\/fr\/wp-json\/wp\/v2\/media\/65735"}],"wp:attachment":[{"href":"https:\/\/www.tendenzeshabbychic.it\/fr\/wp-json\/wp\/v2\/media?parent=74485"}],"wp:term":[{"taxonomy":"pwb-brand","embeddable":true,"href":"https:\/\/www.tendenzeshabbychic.it\/fr\/wp-json\/wp\/v2\/pwb-brand?post=74485"},{"taxonomy":"product_brand","embeddable":true,"href":"https:\/\/www.tendenzeshabbychic.it\/fr\/wp-json\/wp\/v2\/product_brand?post=74485"},{"taxonomy":"product_cat","embeddable":true,"href":"https:\/\/www.tendenzeshabbychic.it\/fr\/wp-json\/wp\/v2\/product_cat?post=74485"},{"taxonomy":"product_tag","embeddable":true,"href":"https:\/\/www.tendenzeshabbychic.it\/fr\/wp-json\/wp\/v2\/product_tag?post=74485"}],"curies":[{"name":"wp","href":"https:\/\/api.w.org\/{rel}","templated":true}]}}