{"id":74437,"date":"2022-06-06T13:00:09","date_gmt":"2022-06-06T11:00:09","guid":{"rendered":"https:\/\/www.tendenzeshabbychic.it\/prodotto\/chemin-de-table-en-lin-et-dentelle-corinzio-papier-de-sucre-colore-50-x-160-chez-moi\/"},"modified":"2022-06-06T13:00:09","modified_gmt":"2022-06-06T11:00:09","slug":"chemin-de-course-en-lin-et-dentelle-papier-sucre-colore-50-x-160-chez-moi","status":"publish","type":"product","link":"https:\/\/www.tendenzeshabbychic.it\/fr\/produit\/chemin-de-course-en-lin-et-dentelle-papier-sucre-colore-50-x-160-chez-moi\/","title":{"rendered":"Chemin de table en lin et dentelle Corinzio Papier de sucre color\u00e9 50 x 160 Chez Moi"},"content":{"rendered":"<p>Magnifique chemin de table en lin et dentelle, avec sur les deux petits c\u00f4t\u00e9s une bordure encadr\u00e9e de pr\u00e9cieuse dentelle de Corinzio. Vous pouvez l&rsquo;utiliser sur un buffet, une table console ou sur une table en tant que centre de table.<\/p>\n<p>Le lin pur associ\u00e9 \u00e0 une riche dentelle corinzio rend ce chemin de table id\u00e9al pour diff\u00e9rents styles et environnements, des plus classiques et formels aux plus modernes et industriels.<\/p>\n<p>Pour une ambiance plus d\u00e9contract\u00e9e pour 2 ou 4 personnes, utilisez-le verticalement pour rendre votre mise en place plus moderne et contemporaine.<\/p>\n<ul>\n<li>mati\u00e8re : bande de gaze 100% lin &#8211; dentelle : 80% lycra 20% coton<\/li>\n<li>Chemin de table en lin et dentelle fait \u00e0 la main en Italie<\/li>\n<li>lavable \u00e0 30\u00b0 et repassable<\/li>\n<li>MADE IN ITALY<\/li>\n<\/ul>\n","protected":false},"excerpt":{"rendered":"<p><strong>DIMENSIONS: <\/strong>50 x 160 cm<\/p>\n<p>Chemin de table en pur lin et dentelle avec incrustation et Corniche corinzio pr\u00e9sente sur les deux petits c\u00f4t\u00e9s Papier de sucre color\u00e9. Fabriqu\u00e9 enti\u00e8rement en Italie par Chez Moi<\/p>\n","protected":false},"featured_media":66659,"comment_status":"open","ping_status":"closed","template":"","meta":{"_joinchat":[]},"pwb-brand":[1567],"product_brand":[],"product_cat":[1490],"product_tag":[1305,1300,1301,1298,1366,2844],"class_list":{"0":"post-74437","1":"product","2":"type-product","3":"status-publish","4":"has-post-thumbnail","6":"pwb-brand-chez-moi-fr","7":"product_cat-chemin-de-table","8":"product_tag-dentelle-corinzio","9":"product_tag-fatto-a-mano-fr","10":"product_tag-lin","11":"product_tag-made-in-italy-fr","12":"product_tag-papier-a-sucre","13":"product_tag-salle-a-manger","15":"first","16":"outofstock","17":"taxable","18":"shipping-taxable","19":"purchasable","20":"product-type-simple"},"brands":[{"id":1567,"name":"Chez Moi","slug":"chez-moi-fr"}],"_links":{"self":[{"href":"https:\/\/www.tendenzeshabbychic.it\/fr\/wp-json\/wp\/v2\/product\/74437","targetHints":{"allow":["GET"]}}],"collection":[{"href":"https:\/\/www.tendenzeshabbychic.it\/fr\/wp-json\/wp\/v2\/product"}],"about":[{"href":"https:\/\/www.tendenzeshabbychic.it\/fr\/wp-json\/wp\/v2\/types\/product"}],"replies":[{"embeddable":true,"href":"https:\/\/www.tendenzeshabbychic.it\/fr\/wp-json\/wp\/v2\/comments?post=74437"}],"wp:featuredmedia":[{"embeddable":true,"href":"https:\/\/www.tendenzeshabbychic.it\/fr\/wp-json\/wp\/v2\/media\/66659"}],"wp:attachment":[{"href":"https:\/\/www.tendenzeshabbychic.it\/fr\/wp-json\/wp\/v2\/media?parent=74437"}],"wp:term":[{"taxonomy":"pwb-brand","embeddable":true,"href":"https:\/\/www.tendenzeshabbychic.it\/fr\/wp-json\/wp\/v2\/pwb-brand?post=74437"},{"taxonomy":"product_brand","embeddable":true,"href":"https:\/\/www.tendenzeshabbychic.it\/fr\/wp-json\/wp\/v2\/product_brand?post=74437"},{"taxonomy":"product_cat","embeddable":true,"href":"https:\/\/www.tendenzeshabbychic.it\/fr\/wp-json\/wp\/v2\/product_cat?post=74437"},{"taxonomy":"product_tag","embeddable":true,"href":"https:\/\/www.tendenzeshabbychic.it\/fr\/wp-json\/wp\/v2\/product_tag?post=74437"}],"curies":[{"name":"wp","href":"https:\/\/api.w.org\/{rel}","templated":true}]}}