{"id":74336,"date":"2022-06-07T20:00:33","date_gmt":"2022-06-07T18:00:33","guid":{"rendered":"https:\/\/www.tendenzeshabbychic.it\/prodotto\/paire-de-rideaux-de-fenetre-en-dentelle-provenza-avec-festons-et-volants-60x240-biscuit\/"},"modified":"2023-07-09T11:50:07","modified_gmt":"2023-07-09T09:50:07","slug":"paire-fenetre-rideau-lace-avec-merlo-et-volant-60x240-biscuit","status":"publish","type":"product","link":"https:\/\/www.tendenzeshabbychic.it\/fr\/produit\/paire-fenetre-rideau-lace-avec-merlo-et-volant-60x240-biscuit\/","title":{"rendered":"Paire de rideaux de fen\u00eatre en dentelle provenza avec festons et volants 60&#215;240 Biscuit"},"content":{"rendered":"<ul>\n<li>mati\u00e8re : 100% dentelle<\/li>\n<li><strong>MADE IN ITALY<\/strong><\/li>\n<\/ul>\n","protected":false},"excerpt":{"rendered":"<p><strong>DIMENSIONS: <\/strong>L 60 x H 240 cm<\/p>\n<p>Paire de rideaux de fen\u00eatre en dentelle de Provenza biscuit (ivoire) avec festonnage lat\u00e9ral et volants avec boucle. Fabriqu\u00e9 en Italie par Chez Moi.<\/p>\n<p><strong>Deux feuilles sont incluses dans le paquet.<\/strong><\/p>\n","protected":false},"featured_media":66775,"comment_status":"open","ping_status":"closed","template":"","meta":{"_joinchat":[]},"pwb-brand":[1567],"product_brand":[],"product_cat":[1535],"product_tag":[1356,1308,1306,1300,1298],"class_list":{"0":"post-74336","1":"product","2":"type-product","3":"status-publish","4":"has-post-thumbnail","6":"pwb-brand-chez-moi-fr","7":"product_cat-rideaux","8":"product_tag-biscuit","9":"product_tag-dentelle","10":"product_tag-dentelle-provenza","11":"product_tag-fatto-a-mano-fr","12":"product_tag-made-in-italy-fr","13":"product_shipping_class-no-contrassegno-fr","15":"first","16":"onbackorder","17":"featured","18":"taxable","19":"shipping-taxable","20":"purchasable","21":"product-type-simple"},"brands":[{"id":1567,"name":"Chez Moi","slug":"chez-moi-fr"}],"_links":{"self":[{"href":"https:\/\/www.tendenzeshabbychic.it\/fr\/wp-json\/wp\/v2\/product\/74336","targetHints":{"allow":["GET"]}}],"collection":[{"href":"https:\/\/www.tendenzeshabbychic.it\/fr\/wp-json\/wp\/v2\/product"}],"about":[{"href":"https:\/\/www.tendenzeshabbychic.it\/fr\/wp-json\/wp\/v2\/types\/product"}],"replies":[{"embeddable":true,"href":"https:\/\/www.tendenzeshabbychic.it\/fr\/wp-json\/wp\/v2\/comments?post=74336"}],"wp:featuredmedia":[{"embeddable":true,"href":"https:\/\/www.tendenzeshabbychic.it\/fr\/wp-json\/wp\/v2\/media\/66775"}],"wp:attachment":[{"href":"https:\/\/www.tendenzeshabbychic.it\/fr\/wp-json\/wp\/v2\/media?parent=74336"}],"wp:term":[{"taxonomy":"pwb-brand","embeddable":true,"href":"https:\/\/www.tendenzeshabbychic.it\/fr\/wp-json\/wp\/v2\/pwb-brand?post=74336"},{"taxonomy":"product_brand","embeddable":true,"href":"https:\/\/www.tendenzeshabbychic.it\/fr\/wp-json\/wp\/v2\/product_brand?post=74336"},{"taxonomy":"product_cat","embeddable":true,"href":"https:\/\/www.tendenzeshabbychic.it\/fr\/wp-json\/wp\/v2\/product_cat?post=74336"},{"taxonomy":"product_tag","embeddable":true,"href":"https:\/\/www.tendenzeshabbychic.it\/fr\/wp-json\/wp\/v2\/product_tag?post=74336"}],"curies":[{"name":"wp","href":"https:\/\/api.w.org\/{rel}","templated":true}]}}