{"id":74323,"date":"2024-04-23T16:01:58","date_gmt":"2024-04-23T14:01:58","guid":{"rendered":"https:\/\/www.tendenzeshabbychic.it\/prodotto\/rideau-en-organza-frufru-et-dentelle-de-provence-chez-moi\/"},"modified":"2026-01-24T16:57:16","modified_gmt":"2026-01-24T15:57:16","slug":"rideau-frufru-organza-et-dentelle-provenza-chez-moi","status":"publish","type":"product","link":"https:\/\/www.tendenzeshabbychic.it\/fr\/produit\/rideau-frufru-organza-et-dentelle-provenza-chez-moi\/","title":{"rendered":"Rideau organza et dentelle Provenza FruFru Chez Moi"},"content":{"rendered":"<p><strong>mati\u00e8res :<\/strong> organza (polyester) et dentelle (80% nylon et 20% coton)<\/p>\n<p>Le Rideau FruFru de Chez Moi est con\u00e7u pour ceux qui aiment les pi\u00e8ces lumineuses et d\u00e9taill\u00e9es. Sur la photo, vous pouvez voir la base en organza (au dos) qui filtre doucement la lumi\u00e8re, en maintenant l&rsquo;intimit\u00e9 et l&rsquo;a\u00e9ration, tandis que les bandes de dentelle Pol divere Cipria cr\u00e9ent un jeu \u00e9l\u00e9gant de textures et de d\u00e9corations florales, avec un effet \u00a0\u00bb transparent \u00a0\u00bb typique du style Shabby Chic et Proven\u00e7al. Le tomb\u00e9 est doux et naturel, parfait pour \u00eatre laiss\u00e9 libre ou l\u00e9g\u00e8rement enroul\u00e9 sur le sol pour un look plus dramatique.  <\/p>\n<p>Id\u00e9ale dans la chambre \u00e0 coucher, le salon ou la salle \u00e0 manger, elle se marie bien avec des palettes neutres (ivoire, sable, poudre) et des d\u00e9tails en bois d\u00e9cap\u00e9 ou en or\/laiton. Essayez-la avec une embrasse d\u00e9licate ou une canne importante pour mettre encore plus en valeur la dentelle. <\/p>\n<p><strong>Points forts<\/strong><\/p>\n<ul>\n<li>4 bandes \u00e9l\u00e9gantes et d\u00e9coratives en dentelle de Polvere di Cipria de couleur poudr\u00e9e<\/li>\n<li>Organza l\u00e9ger qui illumine la pi\u00e8ce d&rsquo;un effet doux<\/li>\n<li>Des motifs floraux raffin\u00e9s, parfaits pour le Shabby Chic et le Proven\u00e7al.<\/li>\n<li>Hauteur 290 cm : id\u00e9al \u00e9galement pour les grandes fen\u00eatres ou les hauts plafonds<\/li>\n<li>Look romantique et intemporel, facile \u00e0 combiner avec des textiles neutres<\/li>\n<\/ul>\n\n\t<section class=\"section\" id=\"section_99917299\">\n\t\t<div class=\"section-bg fill\" >\n\t\t\t\t\t\t\t\t\t\n\t\t\t\n\n\t\t<\/div>\n\n\t\t\n\n\t\t<div class=\"section-content relative\">\n\t\t\t\n\n<div class=\"row\"  id=\"row-1719843615\">\n\n\n\t<div id=\"col-683749008\" class=\"col small-12 large-12\"  >\n\t\t\t\t<div class=\"col-inner\"  >\n\t\t\t\n\t\t\t\n\n\t<div id=\"text-2021922211\" class=\"text\">\n\t\t\n\n<h3><span style=\"font-size: 115%;\">Les conseils de Serena...<\/span><\/h3>\n<p>Traitez vos v\u00eatements comme ils le m\u00e9ritent, utilisez le spray et l'adoucissant originaux <strong>Chez Moi<\/strong> pour vos tissus pr\u00e9cieux.<\/p>\n\t\t\n<style>\n#text-2021922211 {\n  font-size: 1.3rem;\n}\n<\/style>\n\t<\/div>\n\t\n\n\t\t<\/div>\n\t\t\t\t\t<\/div>\n\n\t\n\n<\/div>\n<div class=\"row\"  id=\"row-1765663699\">\n\n\n\t<div id=\"col-1144312584\" class=\"col medium-6 small-6 large-6\"  >\n\t\t\t\t<div class=\"col-inner\"  >\n\t\t\t\n\t\t\t\n\n\t\n  \n    <div class=\"row large-columns-1 medium-columns- small-columns- row-small has-shadow row-box-shadow-1\" >\n  \n\t     <div class=\"product-small col has-hover product type-product post-74454 status-publish first instock product_cat-parfums-pour-tissus product_tag-dentelle product_tag-made-in-italy-fr has-post-thumbnail taxable shipping-taxable purchasable product-type-simple\">\n\t<div class=\"col-inner\">\n\t\n<div class=\"badge-container absolute left top z-1\">\n\n<\/div>\n\t<div class=\"product-small box \">\n\t\t<div class=\"box-image\">\n\t\t\t<div class=\"image-fade_in_back\">\n\t\t\t\t<a href=\"https:\/\/www.tendenzeshabbychic.it\/fr\/produit\/spray-pour-fleurs-en-tissu-chez-moi\/\">\n\t\t\t\t\t<img loading=\"lazy\" decoding=\"async\" width=\"500\" height=\"500\" src=\"https:\/\/www.tendenzeshabbychic.it\/wp-content\/uploads\/2022\/05\/soray-per-tessuti-fior-di-pizzo-chez-moi-500x500.jpg\" class=\"attachment-woocommerce_thumbnail size-woocommerce_thumbnail\" alt=\"spray Chez Moi fragrance dentelle fleur\" srcset=\"https:\/\/www.tendenzeshabbychic.it\/wp-content\/uploads\/2022\/05\/soray-per-tessuti-fior-di-pizzo-chez-moi-500x500.jpg 500w, https:\/\/www.tendenzeshabbychic.it\/wp-content\/uploads\/2022\/05\/soray-per-tessuti-fior-di-pizzo-chez-moi-100x100.jpg 100w, https:\/\/www.tendenzeshabbychic.it\/wp-content\/uploads\/2022\/05\/soray-per-tessuti-fior-di-pizzo-chez-moi-64x64.jpg 64w, https:\/\/www.tendenzeshabbychic.it\/wp-content\/uploads\/2022\/05\/soray-per-tessuti-fior-di-pizzo-chez-moi-400x400.jpg 400w, https:\/\/www.tendenzeshabbychic.it\/wp-content\/uploads\/2022\/05\/soray-per-tessuti-fior-di-pizzo-chez-moi-800x800.jpg 800w, https:\/\/www.tendenzeshabbychic.it\/wp-content\/uploads\/2022\/05\/soray-per-tessuti-fior-di-pizzo-chez-moi-280x280.jpg 280w, https:\/\/www.tendenzeshabbychic.it\/wp-content\/uploads\/2022\/05\/soray-per-tessuti-fior-di-pizzo-chez-moi-768x768.jpg 768w, https:\/\/www.tendenzeshabbychic.it\/wp-content\/uploads\/2022\/05\/soray-per-tessuti-fior-di-pizzo-chez-moi-247x247.jpg 247w, https:\/\/www.tendenzeshabbychic.it\/wp-content\/uploads\/2022\/05\/soray-per-tessuti-fior-di-pizzo-chez-moi-510x510.jpg 510w, https:\/\/www.tendenzeshabbychic.it\/wp-content\/uploads\/2022\/05\/soray-per-tessuti-fior-di-pizzo-chez-moi.jpg 1000w\" sizes=\"auto, (max-width: 500px) 100vw, 500px\" \/>\t\t\t\t<\/a>\n\t\t\t<\/div>\n\t\t\t<div class=\"image-tools is-small top right show-on-hover\">\n\t\t\t\t\t\t\t<\/div>\n\t\t\t<div class=\"image-tools is-small hide-for-small bottom left show-on-hover\">\n\t\t\t\t\t\t\t<\/div>\n\t\t\t<div class=\"image-tools grid-tools text-center hide-for-small bottom hover-slide-in show-on-hover\">\n\t\t\t\t\t\t\t<\/div>\n\t\t\t\t\t<\/div>\n\n\t\t<div class=\"box-text box-text-products\">\n\t\t\t<div class=\"title-wrapper\"><p class=\"name product-title woocommerce-loop-product__title\"><a href=\"https:\/\/www.tendenzeshabbychic.it\/fr\/produit\/spray-pour-fleurs-en-tissu-chez-moi\/\" class=\"woocommerce-LoopProduct-link woocommerce-loop-product__link\">Spray pour Tissus Fior di Pizzo Chez Moi<\/a><\/p><\/div><div class=\"price-wrapper\"><div class=\"star-rating star-rating--inline\" role=\"img\" aria-label=\"Note 5 sur 5\"><span style=\"width:100%\">Note <strong class=\"rating\">5<\/strong> sur 5<\/span><\/div>\n\t<span class=\"price\"><span class=\"woocommerce-Price-amount amount\"><bdi>14,90&nbsp;<span class=\"woocommerce-Price-currencySymbol\">&euro;<\/span><\/bdi><\/span><\/span>\n<\/div>\t\t<\/div>\n\t<\/div>\n\t\t\t\t<input type=\"hidden\" class=\"pmwProductId\" data-id=\"74454\">\n\t\t\t\t\t<script>\n\t\t\t(window.pmwDataLayer = window.pmwDataLayer || {}).products                = window.pmwDataLayer.products || {};\n\t\t\twindow.pmwDataLayer.products[74454] = {\"id\":\"74454\",\"sku\":\"SPRAYCHEZMOI\",\"price\":14.9,\"brand\":\"\",\"quantity\":1,\"dyn_r_ids\":{\"post_id\":\"74454\",\"sku\":\"SPRAYCHEZMOI\",\"gpf\":\"woocommerce_gpf_74454\",\"gla\":\"gla_74454\"},\"is_variable\":false,\"type\":\"simple\",\"name\":\"Spray pour Tissus Fior di Pizzo Chez Moi\",\"category\":[\"Parfums pour tissus\"],\"is_variation\":false};\n\t\t\t\t\twindow.pmw_product_position = window.pmw_product_position || 1;\n\t\twindow.pmwDataLayer.products[74454]['position'] = window.pmw_product_position++;\n\t\t\t\t<\/script>\n\t\t\t<\/div>\n<\/div><\/div>\n\n\n\t\t<\/div>\n\t\t\t\t\t<\/div>\n\n\t\n\n\t<div id=\"col-1982486190\" class=\"col medium-6 small-6 large-6\"  >\n\t\t\t\t<div class=\"col-inner\"  >\n\t\t\t\n\t\t\t\n\n\t\n  \n    <div class=\"row large-columns-1 medium-columns- small-columns- row-small has-shadow row-box-shadow-1\" >\n  \n\t     <\/div>\n\n\n\t\t<\/div>\n\t\t\t\t\t<\/div>\n\n\t\n\n<\/div>\n\n\t\t<\/div>\n\n\t\t\n<style>\n#section_99917299 {\n  padding-top: 30px;\n  padding-bottom: 30px;\n}\n<\/style>\n\t<\/section>\n\t\n","protected":false},"excerpt":{"rendered":"<p>Le <strong>luxueux<\/strong> rideau FruFru habille votre porte-fen\u00eatre avec une \u00e9l\u00e9gance romantique : un voile d&rsquo;organza transparent de couleur claire, enrichi de 4 bandes de dentelle de Provenza de couleur poudr\u00e9e qui dessinent de d\u00e9licats motifs floraux en tombant, cr\u00e9ant un effet doux et raffin\u00e9 dans la lumi\u00e8re.<\/p>\n<p><strong>DIMENSIONS : <\/strong>L 140 x H 290 cm<\/p>\n<p><strong>dans chaque paquet il y a un seul rideau.<\/strong><\/p>\n<p><strong>(sur demande \u00e9galement sur mesure ou dans une autre couleur)<\/strong><\/p>\n","protected":false},"featured_media":224993,"comment_status":"open","ping_status":"closed","template":"","meta":{"_joinchat":[]},"pwb-brand":[1567],"product_brand":[],"product_cat":[1535],"product_tag":[2847,1308,1300,1298,1335],"class_list":{"0":"post-74323","1":"product","2":"type-product","3":"status-publish","4":"has-post-thumbnail","6":"pwb-brand-chez-moi-fr","7":"product_cat-rideaux","8":"product_tag-chambre","9":"product_tag-dentelle","10":"product_tag-fatto-a-mano-fr","11":"product_tag-made-in-italy-fr","12":"product_tag-rose-poudre","14":"","15":"instock","16":"featured","17":"taxable","18":"shipping-taxable","19":"purchasable","20":"product-type-simple"},"brands":[{"id":1567,"name":"Chez Moi","slug":"chez-moi-fr"}],"_links":{"self":[{"href":"https:\/\/www.tendenzeshabbychic.it\/fr\/wp-json\/wp\/v2\/product\/74323","targetHints":{"allow":["GET"]}}],"collection":[{"href":"https:\/\/www.tendenzeshabbychic.it\/fr\/wp-json\/wp\/v2\/product"}],"about":[{"href":"https:\/\/www.tendenzeshabbychic.it\/fr\/wp-json\/wp\/v2\/types\/product"}],"replies":[{"embeddable":true,"href":"https:\/\/www.tendenzeshabbychic.it\/fr\/wp-json\/wp\/v2\/comments?post=74323"}],"wp:featuredmedia":[{"embeddable":true,"href":"https:\/\/www.tendenzeshabbychic.it\/fr\/wp-json\/wp\/v2\/media\/224993"}],"wp:attachment":[{"href":"https:\/\/www.tendenzeshabbychic.it\/fr\/wp-json\/wp\/v2\/media?parent=74323"}],"wp:term":[{"taxonomy":"pwb-brand","embeddable":true,"href":"https:\/\/www.tendenzeshabbychic.it\/fr\/wp-json\/wp\/v2\/pwb-brand?post=74323"},{"taxonomy":"product_brand","embeddable":true,"href":"https:\/\/www.tendenzeshabbychic.it\/fr\/wp-json\/wp\/v2\/product_brand?post=74323"},{"taxonomy":"product_cat","embeddable":true,"href":"https:\/\/www.tendenzeshabbychic.it\/fr\/wp-json\/wp\/v2\/product_cat?post=74323"},{"taxonomy":"product_tag","embeddable":true,"href":"https:\/\/www.tendenzeshabbychic.it\/fr\/wp-json\/wp\/v2\/product_tag?post=74323"}],"curies":[{"name":"wp","href":"https:\/\/api.w.org\/{rel}","templated":true}]}}