{"id":74318,"date":"2022-04-25T00:04:53","date_gmt":"2022-04-24T22:04:53","guid":{"rendered":"https:\/\/www.tendenzeshabbychic.it\/prodotto\/versailles-rideau-de-lin-a-incrustation-de-dentelle-blanc-naturel-220-x-300-chez-moi\/"},"modified":"2024-11-11T19:05:44","modified_gmt":"2024-11-11T18:05:44","slug":"rideau-lin-incrustation-en-dentelle-versailles-blanc-naturel-220-x-300-chez-moi","status":"publish","type":"product","link":"https:\/\/www.tendenzeshabbychic.it\/fr\/produit\/rideau-lin-incrustation-en-dentelle-versailles-blanc-naturel-220-x-300-chez-moi\/","title":{"rendered":"Rideau en lin incrust\u00e9 de dentelle Versailles blanc naturel 220 x 300 Chez Moi"},"content":{"rendered":"<ul>\n<li>mati\u00e8re : 100% lin et dentelle (80% nylon, 20% coton)<\/li>\n<li>couleur : blanc chaud<\/li>\n<li><strong>Chez Moi<\/strong> pur luxe italien<\/li>\n<\/ul>\n","protected":false},"excerpt":{"rendered":"<p><strong>DIMENSIONS :<\/strong> L 220 x H 300 cm<\/p>\n<p> Rideau pur <strong>lin<\/strong> avec incrustation lat\u00e9rale en dentelle Versailles sp\u00e9culaire blanc naturel fabriqu\u00e9 \u00e0 la main en Italie par <strong>Chez Moi .<\/strong> Vous pouvez l&rsquo;accrocher gr\u00e2ce aux lacets confortables cr\u00e9ant des n\u0153uds tr\u00e8s romantiques ou sur un b\u00e2ton gr\u00e2ce \u00e0 l&rsquo;unique boucle r\u00e9tractable.<\/p>\n<p> <strong>(\u00e9galement sur mesure ou dans une autre couleur sur demande)<\/strong><\/p>\n","protected":false},"featured_media":65956,"comment_status":"open","ping_status":"closed","template":"","meta":{"_joinchat":[]},"pwb-brand":[1567],"product_brand":[],"product_cat":[1535],"product_tag":[2509,2847,1300,1301,1298,2844],"class_list":{"0":"post-74318","1":"product","2":"type-product","3":"status-publish","4":"has-post-thumbnail","6":"pwb-brand-chez-moi-fr","7":"product_cat-rideaux","8":"product_tag-bianco-naturale-fr","9":"product_tag-chambre","10":"product_tag-fatto-a-mano-fr","11":"product_tag-lin","12":"product_tag-made-in-italy-fr","13":"product_tag-salle-a-manger","14":"product_shipping_class-no-contrassegno-fr","16":"first","17":"onbackorder","18":"taxable","19":"shipping-taxable","20":"purchasable","21":"product-type-simple"},"brands":[{"id":1567,"name":"Chez Moi","slug":"chez-moi-fr"}],"_links":{"self":[{"href":"https:\/\/www.tendenzeshabbychic.it\/fr\/wp-json\/wp\/v2\/product\/74318","targetHints":{"allow":["GET"]}}],"collection":[{"href":"https:\/\/www.tendenzeshabbychic.it\/fr\/wp-json\/wp\/v2\/product"}],"about":[{"href":"https:\/\/www.tendenzeshabbychic.it\/fr\/wp-json\/wp\/v2\/types\/product"}],"replies":[{"embeddable":true,"href":"https:\/\/www.tendenzeshabbychic.it\/fr\/wp-json\/wp\/v2\/comments?post=74318"}],"wp:featuredmedia":[{"embeddable":true,"href":"https:\/\/www.tendenzeshabbychic.it\/fr\/wp-json\/wp\/v2\/media\/65956"}],"wp:attachment":[{"href":"https:\/\/www.tendenzeshabbychic.it\/fr\/wp-json\/wp\/v2\/media?parent=74318"}],"wp:term":[{"taxonomy":"pwb-brand","embeddable":true,"href":"https:\/\/www.tendenzeshabbychic.it\/fr\/wp-json\/wp\/v2\/pwb-brand?post=74318"},{"taxonomy":"product_brand","embeddable":true,"href":"https:\/\/www.tendenzeshabbychic.it\/fr\/wp-json\/wp\/v2\/product_brand?post=74318"},{"taxonomy":"product_cat","embeddable":true,"href":"https:\/\/www.tendenzeshabbychic.it\/fr\/wp-json\/wp\/v2\/product_cat?post=74318"},{"taxonomy":"product_tag","embeddable":true,"href":"https:\/\/www.tendenzeshabbychic.it\/fr\/wp-json\/wp\/v2\/product_tag?post=74318"}],"curies":[{"name":"wp","href":"https:\/\/api.w.org\/{rel}","templated":true}]}}