{"id":74315,"date":"2022-04-25T16:36:21","date_gmt":"2022-04-25T14:36:21","guid":{"rendered":"https:\/\/www.tendenzeshabbychic.it\/prodotto\/housse-de-coussin-en-lin-avec-dentelle-versailles-vintage-fango-50x50\/"},"modified":"2022-04-25T16:36:21","modified_gmt":"2022-04-25T14:36:21","slug":"taie-doreiller-en-lin-avec-volants-en-dentelle-versailles-vintage-fango","status":"publish","type":"product","link":"https:\/\/www.tendenzeshabbychic.it\/fr\/produit\/taie-doreiller-en-lin-avec-volants-en-dentelle-versailles-vintage-fango\/","title":{"rendered":"Housse de coussin en lin avec dentelle Versailles vintage fango 50&#215;50"},"content":{"rendered":"<h2>Taie d&rsquo;oreiller en lin shabby chic avec volant de dentelle<\/h2>\n<ul>\n<li>Couleur : boue vintage (blanc naturel et boue)<\/li>\n<li><strong>mati\u00e8re<\/strong> : 100% lin et dentelle (80% nylon, 20% coton)<\/li>\n<\/ul>\n","protected":false},"excerpt":{"rendered":"<p><strong>DIMENSIONS<\/strong> : 50 x 50 cm<\/p>\n<p>Taie d&rsquo;oreiller en lin blanc naturel avec dentelle Versailles vintage couleur boue (le tissage de la dentelle est couleur boue tandis que la broderie est blanc naturel), recto-verso. Fermeture \u00e0 glissi\u00e8re dissimul\u00e9e. Tr\u00e8s raffin\u00e9, ce coussin avec une bordure en dentelle ajoutera du romantisme et de l&rsquo;\u00e9l\u00e9gance \u00e0 votre pi\u00e8ce. Fabriqu\u00e9 \u00e0 la main en Italie par Chez Moi.<\/p>\n<p><strong>L&rsquo;\u00e2me n&rsquo;est pas incluse<\/strong><\/p>\n","protected":false},"featured_media":65974,"comment_status":"open","ping_status":"closed","template":"","meta":{"_joinchat":[]},"pwb-brand":[1567],"product_brand":[],"product_cat":[1469],"product_tag":[2847,1307,1300,1298,1329],"class_list":{"0":"post-74315","1":"product","2":"type-product","3":"status-publish","4":"has-post-thumbnail","6":"pwb-brand-chez-moi-fr","7":"product_cat-coussins","8":"product_tag-chambre","9":"product_tag-dentelle-versailles","10":"product_tag-fatto-a-mano-fr","11":"product_tag-made-in-italy-fr","12":"product_tag-vintage-boue","14":"first","15":"outofstock","16":"taxable","17":"shipping-taxable","18":"purchasable","19":"product-type-simple"},"brands":[{"id":1567,"name":"Chez Moi","slug":"chez-moi-fr"}],"_links":{"self":[{"href":"https:\/\/www.tendenzeshabbychic.it\/fr\/wp-json\/wp\/v2\/product\/74315","targetHints":{"allow":["GET"]}}],"collection":[{"href":"https:\/\/www.tendenzeshabbychic.it\/fr\/wp-json\/wp\/v2\/product"}],"about":[{"href":"https:\/\/www.tendenzeshabbychic.it\/fr\/wp-json\/wp\/v2\/types\/product"}],"replies":[{"embeddable":true,"href":"https:\/\/www.tendenzeshabbychic.it\/fr\/wp-json\/wp\/v2\/comments?post=74315"}],"wp:featuredmedia":[{"embeddable":true,"href":"https:\/\/www.tendenzeshabbychic.it\/fr\/wp-json\/wp\/v2\/media\/65974"}],"wp:attachment":[{"href":"https:\/\/www.tendenzeshabbychic.it\/fr\/wp-json\/wp\/v2\/media?parent=74315"}],"wp:term":[{"taxonomy":"pwb-brand","embeddable":true,"href":"https:\/\/www.tendenzeshabbychic.it\/fr\/wp-json\/wp\/v2\/pwb-brand?post=74315"},{"taxonomy":"product_brand","embeddable":true,"href":"https:\/\/www.tendenzeshabbychic.it\/fr\/wp-json\/wp\/v2\/product_brand?post=74315"},{"taxonomy":"product_cat","embeddable":true,"href":"https:\/\/www.tendenzeshabbychic.it\/fr\/wp-json\/wp\/v2\/product_cat?post=74315"},{"taxonomy":"product_tag","embeddable":true,"href":"https:\/\/www.tendenzeshabbychic.it\/fr\/wp-json\/wp\/v2\/product_tag?post=74315"}],"curies":[{"name":"wp","href":"https:\/\/api.w.org\/{rel}","templated":true}]}}