{"id":74196,"date":"2022-06-07T19:46:28","date_gmt":"2022-06-07T17:46:28","guid":{"rendered":"https:\/\/www.tendenzeshabbychic.it\/prodotto\/provence-lace-mantova-160x85-vintage-mud\/"},"modified":"2023-06-12T11:17:34","modified_gmt":"2023-06-12T09:17:34","slug":"cantonniere-in-lace-160x85-vintage-mud","status":"publish","type":"product","link":"https:\/\/www.tendenzeshabbychic.it\/fr\/produit\/cantonniere-in-lace-160x85-vintage-mud\/","title":{"rendered":"Provence Lace Mantova 160&#215;85 Vintage Mud"},"content":{"rendered":"<ul>\n<li><strong>Mati\u00e8re<\/strong> : 100% dentelle<\/li>\n<li><strong>MADE IN ITALY<\/strong><\/li>\n<\/ul>\n<p>Provence lacemet, gr\u00e2ce \u00e0 la boucle unique dissimul\u00e9e et aux lacets, vous d\u00e9cidez de la fa\u00e7on de l&rsquo;accrocher.<\/p>\n","protected":false},"excerpt":{"rendered":"<p><strong>DIMENSIONS: <\/strong>L 160 x H 85 cm<\/p>\n<p>Cantonni\u00e8re en pure dentelle Provenza, couleur boue vintage, avec une seule boucle cach\u00e9e et des lacets en lin, fabriqu\u00e9s \u00e0 la main en Italie par Chez Moi par d&rsquo;habiles artisans.<\/p>\n<p><iframe loading=\"lazy\" title=\"YouTube video player\" src=\"https:\/\/www.youtube.com\/embed\/MZWbzWg6Krk\" width=\"540\" height=\"960\" frameborder=\"0\" allowfullscreen=\"allowfullscreen\"><\/iframe><\/p>\n","protected":false},"featured_media":66772,"comment_status":"open","ping_status":"closed","template":"","meta":{"_joinchat":[]},"pwb-brand":[1567],"product_brand":[],"product_cat":[1537],"product_tag":[1308,1306,1300,1298,1329],"class_list":{"0":"post-74196","1":"product","2":"type-product","3":"status-publish","4":"has-post-thumbnail","6":"pwb-brand-chez-moi-fr","7":"product_cat-mantovans","8":"product_tag-dentelle","9":"product_tag-dentelle-provenza","10":"product_tag-fatto-a-mano-fr","11":"product_tag-made-in-italy-fr","12":"product_tag-vintage-boue","14":"first","15":"outofstock","16":"taxable","17":"shipping-taxable","18":"purchasable","19":"product-type-simple"},"brands":[{"id":1567,"name":"Chez Moi","slug":"chez-moi-fr"}],"_links":{"self":[{"href":"https:\/\/www.tendenzeshabbychic.it\/fr\/wp-json\/wp\/v2\/product\/74196","targetHints":{"allow":["GET"]}}],"collection":[{"href":"https:\/\/www.tendenzeshabbychic.it\/fr\/wp-json\/wp\/v2\/product"}],"about":[{"href":"https:\/\/www.tendenzeshabbychic.it\/fr\/wp-json\/wp\/v2\/types\/product"}],"replies":[{"embeddable":true,"href":"https:\/\/www.tendenzeshabbychic.it\/fr\/wp-json\/wp\/v2\/comments?post=74196"}],"wp:featuredmedia":[{"embeddable":true,"href":"https:\/\/www.tendenzeshabbychic.it\/fr\/wp-json\/wp\/v2\/media\/66772"}],"wp:attachment":[{"href":"https:\/\/www.tendenzeshabbychic.it\/fr\/wp-json\/wp\/v2\/media?parent=74196"}],"wp:term":[{"taxonomy":"pwb-brand","embeddable":true,"href":"https:\/\/www.tendenzeshabbychic.it\/fr\/wp-json\/wp\/v2\/pwb-brand?post=74196"},{"taxonomy":"product_brand","embeddable":true,"href":"https:\/\/www.tendenzeshabbychic.it\/fr\/wp-json\/wp\/v2\/product_brand?post=74196"},{"taxonomy":"product_cat","embeddable":true,"href":"https:\/\/www.tendenzeshabbychic.it\/fr\/wp-json\/wp\/v2\/product_cat?post=74196"},{"taxonomy":"product_tag","embeddable":true,"href":"https:\/\/www.tendenzeshabbychic.it\/fr\/wp-json\/wp\/v2\/product_tag?post=74196"}],"curies":[{"name":"wp","href":"https:\/\/api.w.org\/{rel}","templated":true}]}}