{"id":74115,"date":"2024-02-25T16:13:41","date_gmt":"2024-02-25T15:13:41","guid":{"rendered":"https:\/\/www.tendenzeshabbychic.it\/prodotto\/bougie-alice-edg\/"},"modified":"2023-07-01T20:12:42","modified_gmt":"2023-07-01T18:12:42","slug":"bougie-dallumage-alice-edg","status":"publish","type":"product","link":"https:\/\/www.tendenzeshabbychic.it\/fr\/produit\/bougie-dallumage-alice-edg\/","title":{"rendered":"Bougie Alice EDG"},"content":{"rendered":"<ul>\n<li><strong>Mat\u00e9riau<\/strong> cire<\/li>\n<li><strong>Couleur<\/strong>: lavande<\/li>\n<\/ul>\n","protected":false},"excerpt":{"rendered":"<p><strong>PETIT: <\/strong>.H 7,5 x D 7,5 cm<\/p>\n<p><strong>GRAND: <\/strong>H 10 x D 7,5 cm<\/p>\n<p>Bougie Alice moccolo fabriqu\u00e9e par EDG. Bougie \u00e9l\u00e9gante avec un effet coul\u00e9 dans une bo\u00eete cadeau portant le logo de l&rsquo;EDG.<\/p>\n<p><strong>Dur\u00e9e<\/strong> grand 40 Heures<\/p>\n<p><strong>Durata<\/strong> petit 25 Heures<\/p>\n","protected":false},"featured_media":65146,"comment_status":"open","ping_status":"closed","template":"","meta":{"_joinchat":[]},"pwb-brand":[1564],"product_brand":[],"product_cat":[1460],"product_tag":[1296,1311,3285],"class_list":{"0":"post-74115","1":"product","2":"type-product","3":"status-publish","4":"has-post-thumbnail","6":"pwb-brand-edg-fr","7":"product_cat-bougies","8":"product_tag-idee-de-cadeau","9":"product_tag-paques","10":"product_tag-ventes","12":"first","13":"instock","14":"sale","15":"featured","16":"taxable","17":"shipping-taxable","18":"purchasable","19":"product-type-variable"},"brands":[{"id":1564,"name":"EDG \u2013 Enzo De Gasperi","slug":"edg-fr"}],"_links":{"self":[{"href":"https:\/\/www.tendenzeshabbychic.it\/fr\/wp-json\/wp\/v2\/product\/74115","targetHints":{"allow":["GET"]}}],"collection":[{"href":"https:\/\/www.tendenzeshabbychic.it\/fr\/wp-json\/wp\/v2\/product"}],"about":[{"href":"https:\/\/www.tendenzeshabbychic.it\/fr\/wp-json\/wp\/v2\/types\/product"}],"replies":[{"embeddable":true,"href":"https:\/\/www.tendenzeshabbychic.it\/fr\/wp-json\/wp\/v2\/comments?post=74115"}],"wp:featuredmedia":[{"embeddable":true,"href":"https:\/\/www.tendenzeshabbychic.it\/fr\/wp-json\/wp\/v2\/media\/65146"}],"wp:attachment":[{"href":"https:\/\/www.tendenzeshabbychic.it\/fr\/wp-json\/wp\/v2\/media?parent=74115"}],"wp:term":[{"taxonomy":"pwb-brand","embeddable":true,"href":"https:\/\/www.tendenzeshabbychic.it\/fr\/wp-json\/wp\/v2\/pwb-brand?post=74115"},{"taxonomy":"product_brand","embeddable":true,"href":"https:\/\/www.tendenzeshabbychic.it\/fr\/wp-json\/wp\/v2\/product_brand?post=74115"},{"taxonomy":"product_cat","embeddable":true,"href":"https:\/\/www.tendenzeshabbychic.it\/fr\/wp-json\/wp\/v2\/product_cat?post=74115"},{"taxonomy":"product_tag","embeddable":true,"href":"https:\/\/www.tendenzeshabbychic.it\/fr\/wp-json\/wp\/v2\/product_tag?post=74115"}],"curies":[{"name":"wp","href":"https:\/\/api.w.org\/{rel}","templated":true}]}}