{"id":73997,"date":"2024-07-08T16:49:49","date_gmt":"2024-07-08T15:49:49","guid":{"rendered":"https:\/\/www.tendenzeshabbychic.it\/prodotto\/rideau-de-lin-avec-pelmet-de-dentelle-palazzo-pitti-talco\/"},"modified":"2023-07-01T18:27:57","modified_gmt":"2023-07-01T16:27:57","slug":"tente-en-lin-con-mantovana-in-lace-palazzo-pitti-talco","status":"publish","type":"product","link":"https:\/\/www.tendenzeshabbychic.it\/fr\/produit\/tente-en-lin-con-mantovana-in-lace-palazzo-pitti-talco\/","title":{"rendered":"Rideau de lin avec pelmet de dentelle Palazzo Pitti Talco"},"content":{"rendered":"<ul>\n<li><strong>Mati\u00e8re<\/strong> : lin et coton<\/li>\n<li><strong>MADE IN ITALY<\/strong><\/li>\n<li>couleur : ivoire<\/li>\n<\/ul>\n","protected":false},"excerpt":{"rendered":"<p><strong>DIMENSIONS: <\/strong>140 x 300 cm<\/p>\n<p>Rideau en lin avec cantonni\u00e8re en dentelle, ivoire. Enti\u00e8rement fabriqu\u00e9 \u00e0 la main en Italie.<\/p>\n<p><strong>Chaque paquet contient un seul rideau<br \/>\n<\/strong><\/p>\n<p>\u00c9galement disponible sur commande dans d&rsquo;autres couleurs, pour en savoir plus, cliquez ici. <strong><a href=\"https:\/\/www.tendenzeshabbychic.it\/2022\/07\/08\/petracchi-1968-un-nuovo-viaggio-made-in-italy-nel-mondo-della-biancheria-per-la-casa\/\">ICI<\/a>.<\/strong><br \/>\n<iframe loading=\"lazy\" title=\"YouTube video player\" src=\"https:\/\/www.youtube.com\/embed\/NGzZ3MPrJ2w\" width=\"540\" height=\"960\" frameborder=\"0\" allowfullscreen=\"allowfullscreen\"><\/iframe><\/p>\n","protected":false},"featured_media":68660,"comment_status":"open","ping_status":"closed","template":"","meta":{"_joinchat":[]},"pwb-brand":[1574],"product_brand":[],"product_cat":[1535],"product_tag":[2847,1300,1301,1298,3285],"class_list":{"0":"post-73997","1":"product","2":"type-product","3":"status-publish","4":"has-post-thumbnail","6":"pwb-brand-petracchi-1968-fr","7":"product_cat-rideaux","8":"product_tag-chambre","9":"product_tag-fatto-a-mano-fr","10":"product_tag-lin","11":"product_tag-made-in-italy-fr","12":"product_tag-ventes","14":"first","15":"outofstock","16":"sale","17":"taxable","18":"shipping-taxable","19":"purchasable","20":"product-type-simple"},"brands":[{"id":1574,"name":"Petracchi 1968","slug":"petracchi-1968-fr"}],"_links":{"self":[{"href":"https:\/\/www.tendenzeshabbychic.it\/fr\/wp-json\/wp\/v2\/product\/73997","targetHints":{"allow":["GET"]}}],"collection":[{"href":"https:\/\/www.tendenzeshabbychic.it\/fr\/wp-json\/wp\/v2\/product"}],"about":[{"href":"https:\/\/www.tendenzeshabbychic.it\/fr\/wp-json\/wp\/v2\/types\/product"}],"replies":[{"embeddable":true,"href":"https:\/\/www.tendenzeshabbychic.it\/fr\/wp-json\/wp\/v2\/comments?post=73997"}],"wp:featuredmedia":[{"embeddable":true,"href":"https:\/\/www.tendenzeshabbychic.it\/fr\/wp-json\/wp\/v2\/media\/68660"}],"wp:attachment":[{"href":"https:\/\/www.tendenzeshabbychic.it\/fr\/wp-json\/wp\/v2\/media?parent=73997"}],"wp:term":[{"taxonomy":"pwb-brand","embeddable":true,"href":"https:\/\/www.tendenzeshabbychic.it\/fr\/wp-json\/wp\/v2\/pwb-brand?post=73997"},{"taxonomy":"product_brand","embeddable":true,"href":"https:\/\/www.tendenzeshabbychic.it\/fr\/wp-json\/wp\/v2\/product_brand?post=73997"},{"taxonomy":"product_cat","embeddable":true,"href":"https:\/\/www.tendenzeshabbychic.it\/fr\/wp-json\/wp\/v2\/product_cat?post=73997"},{"taxonomy":"product_tag","embeddable":true,"href":"https:\/\/www.tendenzeshabbychic.it\/fr\/wp-json\/wp\/v2\/product_tag?post=73997"}],"curies":[{"name":"wp","href":"https:\/\/api.w.org\/{rel}","templated":true}]}}