{"id":73844,"date":"2022-08-25T09:51:54","date_gmt":"2022-08-25T08:51:54","guid":{"rendered":"https:\/\/www.tendenzeshabbychic.it\/prodotto\/set-de-couverts-en-acier-4-pieces-shabby-chic\/"},"modified":"2022-08-25T09:51:54","modified_gmt":"2022-08-25T07:51:54","slug":"set-de-couverts-en-acier-4-pieces-shabby-chic","status":"publish","type":"product","link":"https:\/\/www.tendenzeshabbychic.it\/fr\/produit\/set-de-couverts-en-acier-4-pieces-shabby-chic\/","title":{"rendered":"Set de couverts en acier 4 pi\u00e8ces Shabby chic"},"content":{"rendered":"<div class=\"product-shop\">\n<div class=\"product-name\">\n<h2>Set de couverts 4 pi\u00e8ces avec d\u00e9coration argent\u00e9e<\/h2>\n<ul>\n<li>mat\u00e9riau : acier inoxydable 18\/10 &#8211; manche en acrylique<\/li>\n<li>Nous recommandons de laver les couverts \u00e0 la main<\/li>\n<\/ul>\n<\/div>\n<\/div>\n<div class=\"extra-tab\">\n<div class=\"extra-content active\"><\/div>\n<\/div>\n","protected":false},"excerpt":{"rendered":"<p><strong>DIMENSIONS:<\/strong> L 23 cm<\/p>\n<p>Ensemble de couverts 4 pi\u00e8ces :<\/p>\n<ul>\n<li>1 couteau<\/li>\n<li>1 fourchette<\/li>\n<li>1 cuill\u00e8re \u00e0 soupe<\/li>\n<li>1 cuill\u00e8re \u00e0 caf\u00e9<\/li>\n<\/ul>\n<p>avec d\u00e9coration argent\u00e9e. L&rsquo;\u00e9l\u00e9ment qui donne \u00e0 ta table la touche suppl\u00e9mentaire.<\/p>\n","protected":false},"featured_media":68315,"comment_status":"open","ping_status":"closed","template":"","meta":{"_joinchat":[]},"pwb-brand":[1569],"product_brand":[],"product_cat":[1489],"product_tag":[],"class_list":{"0":"post-73844","1":"product","2":"type-product","3":"status-publish","4":"has-post-thumbnail","6":"pwb-brand-chic-antique-fr","7":"product_cat-couverts","9":"first","10":"outofstock","11":"taxable","12":"shipping-taxable","13":"purchasable","14":"product-type-simple"},"brands":[{"id":1569,"name":"Chic Antique","slug":"chic-antique-fr"}],"_links":{"self":[{"href":"https:\/\/www.tendenzeshabbychic.it\/fr\/wp-json\/wp\/v2\/product\/73844","targetHints":{"allow":["GET"]}}],"collection":[{"href":"https:\/\/www.tendenzeshabbychic.it\/fr\/wp-json\/wp\/v2\/product"}],"about":[{"href":"https:\/\/www.tendenzeshabbychic.it\/fr\/wp-json\/wp\/v2\/types\/product"}],"replies":[{"embeddable":true,"href":"https:\/\/www.tendenzeshabbychic.it\/fr\/wp-json\/wp\/v2\/comments?post=73844"}],"wp:featuredmedia":[{"embeddable":true,"href":"https:\/\/www.tendenzeshabbychic.it\/fr\/wp-json\/wp\/v2\/media\/68315"}],"wp:attachment":[{"href":"https:\/\/www.tendenzeshabbychic.it\/fr\/wp-json\/wp\/v2\/media?parent=73844"}],"wp:term":[{"taxonomy":"pwb-brand","embeddable":true,"href":"https:\/\/www.tendenzeshabbychic.it\/fr\/wp-json\/wp\/v2\/pwb-brand?post=73844"},{"taxonomy":"product_brand","embeddable":true,"href":"https:\/\/www.tendenzeshabbychic.it\/fr\/wp-json\/wp\/v2\/product_brand?post=73844"},{"taxonomy":"product_cat","embeddable":true,"href":"https:\/\/www.tendenzeshabbychic.it\/fr\/wp-json\/wp\/v2\/product_cat?post=73844"},{"taxonomy":"product_tag","embeddable":true,"href":"https:\/\/www.tendenzeshabbychic.it\/fr\/wp-json\/wp\/v2\/product_tag?post=73844"}],"curies":[{"name":"wp","href":"https:\/\/api.w.org\/{rel}","templated":true}]}}