{"id":73826,"date":"2025-05-13T10:23:10","date_gmt":"2025-05-13T09:23:10","guid":{"rendered":"https:\/\/www.tendenzeshabbychic.it\/prodotto\/craie-parfumee-en-forme-de-coeur-decore-secret-de-santal\/"},"modified":"2025-09-05T20:49:45","modified_gmt":"2025-09-05T19:49:45","slug":"craie-parfumee-en-forme-de-coeur-decore-secret-de-santal","status":"publish","type":"product","link":"https:\/\/www.tendenzeshabbychic.it\/fr\/produit\/craie-parfumee-en-forme-de-coeur-decore-secret-de-santal\/","title":{"rendered":"Craie parfum\u00e9e en forme de c\u0153ur d\u00e9cor\u00e9 &#8211; Secret de Santal"},"content":{"rendered":"<ul>\n<li>mat\u00e9riau : pl\u00e2tre parfum\u00e9<\/li>\n<li>toutes les craies Mathilde M. sont parfum\u00e9es aussi bien au moment de la fabrication qu&rsquo;au produit fini, afin d&rsquo;avoir un parfum plus intense et plus durable. Les craies sont toutes cisel\u00e9es \u00e0 la main, par des artisans du m\u00e9tier, directement produites en France.<\/li>\n<\/ul>\n<div class=\"row row-solid\"  id=\"row-1930912605\">\n\n\n\t<div id=\"col-1160796359\" class=\"col small-12 large-12\"  >\n\t\t\t\t<div class=\"col-inner\"  >\n\t\t\t\n\t\t\t\n\n\n\t\t<div class=\"icon-box featured-box icon-box-center text-center\"  >\n\t\t\t\t<div class=\"icon-box-text last-reset\">\n\t\t\t<h5 class=\"uppercase\">Secret de Santal<\/h5>\t\t\t\t\t\t\n\n\t<div id=\"text-1594042746\" class=\"text\">\n\t\t\n\nT\u00e9moins d'intrigues, de romances et autres secrets intimes, les plus belles tapisseries ornent les murs des boudoirs. Une porte entrouverte laisse \u00e9chapper un doux parfum\nde ces lieux r\u00e9serv\u00e9s : des notes voluptueuses de bois de santal doux se m\u00ealent aux accents floraux d'un bouquet. Un parfum exquis, un mariage qui se termine sur des notes cr\u00e9meuses et vanill\u00e9es \u00e9manant d'\u00e9lixirs de beaut\u00e9.\nComme un murmure, au doux secret et au parfum envo\u00fbtant...\n\t\t\n<style>\n#text-1594042746 {\n  line-height: 1.75;\n}\n<\/style>\n\t<\/div>\n\t\n\n\t\t<\/div>\n\t<\/div>\n\t\n\t\n\n\t\t<\/div>\n\t\t\t\t\t<\/div>\n\n\t\n\n\t<div id=\"col-2145647419\" class=\"col small-12 large-12\"  >\n\t\t\t\t<div class=\"col-inner\"  >\n\t\t\t\n\t\t\t\n\n\n\t\t<div class=\"icon-box featured-box icon-box-left text-left\"  >\n\t\t\t\t\t<div class=\"icon-box-img\" style=\"width: 60px\">\n\t\t\t\t<div class=\"icon\">\n\t\t\t\t\t<div class=\"icon-inner\" style=\"color:rgb(230, 166, 129);\">\n\t\t\t\t\t\t<?xml version=\"1.0\" encoding=\"utf-8\"?><!-- Uploaded to: SVG Repo, www.svgrepo.com, Generator: SVG Repo Mixer Tools -->\r\n<svg fill=\"#000000\" width=\"800px\" height=\"800px\" viewBox=\"0 0 32 32\" xmlns=\"http:\/\/www.w3.org\/2000\/svg\">\r\n    <circle cx=\"16\" cy=\"16\" r=\"16\"\/>\r\n<\/svg>\t\t\t\t\t<\/div>\n\t\t\t\t<\/div>\n\t\t\t<\/div>\n\t\t\t\t<div class=\"icon-box-text last-reset\">\n\t\t\t\t\t\t\t\t\t\n\n\t<div id=\"text-1533245428\" class=\"text\">\n\t\t\n\n<h3>Notes de t\u00eate<\/h3>\n<p>Bergamote et Poivre<\/p>\n\t\t\n<style>\n#text-1533245428 {\n  line-height: 1;\n}\n<\/style>\n\t<\/div>\n\t\n\n\t\t<\/div>\n\t<\/div>\n\t\n\t\n\n\t\t<div class=\"icon-box featured-box icon-box-left text-left\"  >\n\t\t\t\t\t<div class=\"icon-box-img\" style=\"width: 60px\">\n\t\t\t\t<div class=\"icon\">\n\t\t\t\t\t<div class=\"icon-inner\" style=\"color:#e6a681;\">\n\t\t\t\t\t\t<?xml version=\"1.0\" encoding=\"utf-8\"?><!-- Uploaded to: SVG Repo, www.svgrepo.com, Generator: SVG Repo Mixer Tools -->\r\n<svg width=\"800px\" height=\"800px\" viewBox=\"0 0 24 24\" fill=\"none\" xmlns=\"http:\/\/www.w3.org\/2000\/svg\">\r\n<path d=\"M2 9.1371C2 14 6.01943 16.5914 8.96173 18.9109C10 19.7294 11 20.5 12 20.5C13 20.5 14 19.7294 15.0383 18.9109C17.9806 16.5914 22 14 22 9.1371C22 4.27416 16.4998 0.825464 12 5.50063C7.50016 0.825464 2 4.27416 2 9.1371Z\" fill=\"#1C274C\"\/>\r\n<\/svg>\t\t\t\t\t<\/div>\n\t\t\t\t<\/div>\n\t\t\t<\/div>\n\t\t\t\t<div class=\"icon-box-text last-reset\">\n\t\t\t\t\t\t\t\t\t\n\n\t<div id=\"text-3215624083\" class=\"text\">\n\t\t\n\n<h3>Notes de coeur<\/h3>\n<p>Jasmin<\/p>\n\t\t\n<style>\n#text-3215624083 {\n  line-height: 1;\n}\n<\/style>\n\t<\/div>\n\t\n\n\t\t<\/div>\n\t<\/div>\n\t\n\t\n\n\t\t<div class=\"icon-box featured-box icon-box-left text-left\"  >\n\t\t\t\t\t<div class=\"icon-box-img\" style=\"width: 60px\">\n\t\t\t\t<div class=\"icon\">\n\t\t\t\t\t<div class=\"icon-inner\" style=\"color:#e6a681;\">\n\t\t\t\t\t\t<?xml version=\"1.0\" encoding=\"UTF-8\" standalone=\"no\"?>\r\n<!-- Uploaded to: SVG Repo, www.svgrepo.com, Generator: SVG Repo Mixer Tools -->\r\n<svg width=\"800px\" height=\"800px\" viewBox=\"0 -12 32 32\" version=\"1.1\" xmlns=\"http:\/\/www.w3.org\/2000\/svg\" xmlns:xlink=\"http:\/\/www.w3.org\/1999\/xlink\" xmlns:sketch=\"http:\/\/www.bohemiancoding.com\/sketch\/ns\">\r\n    \r\n    <title>minus<\/title>\r\n    <desc>Created with Sketch Beta.<\/desc>\r\n    <defs>\r\n\r\n<\/defs>\r\n    <g id=\"Page-1\" stroke=\"none\" stroke-width=\"1\" fill=\"none\" fill-rule=\"evenodd\" sketch:type=\"MSPage\">\r\n        <g id=\"Icon-Set-Filled\" sketch:type=\"MSLayerGroup\" transform=\"translate(-414.000000, -1049.000000)\" fill=\"#000000\">\r\n            <path d=\"M442,1049 L418,1049 C415.791,1049 414,1050.79 414,1053 C414,1055.21 415.791,1057 418,1057 L442,1057 C444.209,1057 446,1055.21 446,1053 C446,1050.79 444.209,1049 442,1049\" id=\"minus\" sketch:type=\"MSShapeGroup\">\r\n\r\n<\/path>\r\n        <\/g>\r\n    <\/g>\r\n<\/svg>\t\t\t\t\t<\/div>\n\t\t\t\t<\/div>\n\t\t\t<\/div>\n\t\t\t\t<div class=\"icon-box-text last-reset\">\n\t\t\t\t\t\t\t\t\t\n\n\t<div id=\"text-3603918613\" class=\"text\">\n\t\t\n\n<h3>Notes de fond<\/h3>\n<p>Vanille, bois de santal et patchouli<\/p>\n\t\t\n<style>\n#text-3603918613 {\n  line-height: 1;\n}\n<\/style>\n\t<\/div>\n\t\n\n\t\t<\/div>\n\t<\/div>\n\t\n\t\n\n\t\t<\/div>\n\t\t\t\t\t<\/div>\n\n\t\n\n\t<div id=\"col-1865763938\" class=\"col small-12 large-12\"  >\n\t\t\t\t<div class=\"col-inner text-center\"  >\n\t\t\t\n\t\t\t\n\n<p style=\"text-align: center;\"><span style=\"font-size: 120%;\"><em>D\u00e9couvrez tous les produits essences Secret de Santal<\/em><\/span><\/p>\n<a href=\"https:\/\/www.tendenzeshabbychic.it\/fr\/Etiquette-produit\/secret-de-santal-fr\/\" class=\"button white is-gloss box-shadow-2\" >\n\t\t<span>SECRET DE SANTAL<\/span>\n\t<\/a>\n\n\n\n\t\t<\/div>\n\t\t\t\t\t<\/div>\n\n\t\n\n<\/div>\n<ul>\n<li>Craies parfum\u00e9es \u00e0 utiliser \u00e9galement comme cadeaux de f\u00eate<\/li>\n<li>Craies parfum\u00e9es pour tiroirs, cisel\u00e9e \u00e0 la main<\/li>\n<\/ul>\n","protected":false},"excerpt":{"rendered":"<p><strong>DIMENSIONS: <\/strong>5 x 5 x 1 cm<\/p>\n<p>D\u00e9coration en pl\u00e2tre parfum\u00e9e en forme de c\u0153ur avec d\u00e9coration en relief, petite fente centrale ressemblant \u00e0 un cadenas. Enrichi d&rsquo;un d\u00e9licieux n\u0153ud. Dans le nouveau parfum <strong>Secret de Santal<\/strong> une fragrance douce : les notes voluptueuses du bois de santal se m\u00ealent aux accents floraux d&rsquo;un bouquet.<\/p>\n<p>Utilisez-le pour parfumer vos pi\u00e8ces pr\u00e9f\u00e9r\u00e9es ou un tiroir. Ils sont \u00e9galement tr\u00e8s appr\u00e9ci\u00e9s comme id\u00e9e de cadeau ou pour des faveurs de mariage.<\/p>\n","protected":false},"featured_media":142070,"comment_status":"open","ping_status":"closed","template":"","meta":{"_joinchat":[]},"pwb-brand":[621],"product_brand":[],"product_cat":[1521,1457],"product_tag":[523,871],"class_list":{"0":"post-73826","1":"product","2":"type-product","3":"status-publish","4":"has-post-thumbnail","6":"pwb-brand-mathilde-m","7":"product_cat-craies-parfumees","8":"product_cat-faveurs","9":"product_tag-idea-regalo","10":"product_tag-secret-de-santal","12":"first","13":"outofstock","14":"taxable","15":"shipping-taxable","16":"purchasable","17":"product-type-simple"},"brands":[{"id":1562,"name":"Mathilde M.","slug":"mathilde-m-fr"}],"_links":{"self":[{"href":"https:\/\/www.tendenzeshabbychic.it\/fr\/wp-json\/wp\/v2\/product\/73826","targetHints":{"allow":["GET"]}}],"collection":[{"href":"https:\/\/www.tendenzeshabbychic.it\/fr\/wp-json\/wp\/v2\/product"}],"about":[{"href":"https:\/\/www.tendenzeshabbychic.it\/fr\/wp-json\/wp\/v2\/types\/product"}],"replies":[{"embeddable":true,"href":"https:\/\/www.tendenzeshabbychic.it\/fr\/wp-json\/wp\/v2\/comments?post=73826"}],"wp:featuredmedia":[{"embeddable":true,"href":"https:\/\/www.tendenzeshabbychic.it\/fr\/wp-json\/wp\/v2\/media\/142070"}],"wp:attachment":[{"href":"https:\/\/www.tendenzeshabbychic.it\/fr\/wp-json\/wp\/v2\/media?parent=73826"}],"wp:term":[{"taxonomy":"pwb-brand","embeddable":true,"href":"https:\/\/www.tendenzeshabbychic.it\/fr\/wp-json\/wp\/v2\/pwb-brand?post=73826"},{"taxonomy":"product_brand","embeddable":true,"href":"https:\/\/www.tendenzeshabbychic.it\/fr\/wp-json\/wp\/v2\/product_brand?post=73826"},{"taxonomy":"product_cat","embeddable":true,"href":"https:\/\/www.tendenzeshabbychic.it\/fr\/wp-json\/wp\/v2\/product_cat?post=73826"},{"taxonomy":"product_tag","embeddable":true,"href":"https:\/\/www.tendenzeshabbychic.it\/fr\/wp-json\/wp\/v2\/product_tag?post=73826"}],"curies":[{"name":"wp","href":"https:\/\/api.w.org\/{rel}","templated":true}]}}