{"id":73772,"date":"2022-09-15T11:00:29","date_gmt":"2022-09-15T09:00:29","guid":{"rendered":"https:\/\/www.tendenzeshabbychic.it\/prodotto\/housse-de-coussin-en-dentelle-provenza-clay\/"},"modified":"2022-09-15T11:00:29","modified_gmt":"2022-09-15T09:00:29","slug":"housse-de-coussin-en-dentelle-provence-clay","status":"publish","type":"product","link":"https:\/\/www.tendenzeshabbychic.it\/fr\/produit\/housse-de-coussin-en-dentelle-provence-clay\/","title":{"rendered":"Housse de coussin en dentelle Provenza Clay"},"content":{"rendered":"<h3>Doublure en lin et dentelle r\u00e9alis\u00e9e par Chez Moi<\/h3>\n<ul>\n<li><strong>mat\u00e9riel: <\/strong>lin et dentelle<\/li>\n<li><strong>couleur: <\/strong>argile<\/li>\n<li><strong>MADE IN TALY<\/strong><\/li>\n<li>fait \u00e0 la main<\/li>\n<\/ul>\n","protected":false},"excerpt":{"rendered":"<p><strong>DIMENSIONS<\/strong> : 50 x 50 cm<\/p>\n<p>Doublure en lin et dentelle de Provenza de couleur argile. Fabriqu\u00e9 \u00e0 la main en Italie par Chez Moi. L&rsquo;ensemble de la couronne de dentelle lui conf\u00e8re un charme intemporel, vous pouvez le placer sur le lit ou sur un joli canap\u00e9.<\/p>\n<p>Un produit de luxe italien, fabriqu\u00e9 \u00e0 la main en Italie par Chez Moi.<\/p>\n<p><strong>L&rsquo;\u00e2me n&rsquo;est pas incluse<\/strong><br \/>\n<iframe loading=\"lazy\" title=\"YouTube video player\" src=\"https:\/\/www.youtube.com\/embed\/DURYT3p82jM\" width=\"540\" height=\"960\" frameborder=\"0\" allowfullscreen=\"allowfullscreen\"><\/iframe><\/p>\n","protected":false},"featured_media":68625,"comment_status":"open","ping_status":"closed","template":"","meta":{"_joinchat":[]},"pwb-brand":[1567],"product_brand":[],"product_cat":[1469],"product_tag":[1345,1306,1300,1298],"class_list":{"0":"post-73772","1":"product","2":"type-product","3":"status-publish","4":"has-post-thumbnail","6":"pwb-brand-chez-moi-fr","7":"product_cat-coussins","8":"product_tag-argile","9":"product_tag-dentelle-provenza","10":"product_tag-fatto-a-mano-fr","11":"product_tag-made-in-italy-fr","13":"first","14":"outofstock","15":"taxable","16":"shipping-taxable","17":"purchasable","18":"product-type-simple"},"brands":[{"id":1567,"name":"Chez Moi","slug":"chez-moi-fr"}],"_links":{"self":[{"href":"https:\/\/www.tendenzeshabbychic.it\/fr\/wp-json\/wp\/v2\/product\/73772","targetHints":{"allow":["GET"]}}],"collection":[{"href":"https:\/\/www.tendenzeshabbychic.it\/fr\/wp-json\/wp\/v2\/product"}],"about":[{"href":"https:\/\/www.tendenzeshabbychic.it\/fr\/wp-json\/wp\/v2\/types\/product"}],"replies":[{"embeddable":true,"href":"https:\/\/www.tendenzeshabbychic.it\/fr\/wp-json\/wp\/v2\/comments?post=73772"}],"wp:featuredmedia":[{"embeddable":true,"href":"https:\/\/www.tendenzeshabbychic.it\/fr\/wp-json\/wp\/v2\/media\/68625"}],"wp:attachment":[{"href":"https:\/\/www.tendenzeshabbychic.it\/fr\/wp-json\/wp\/v2\/media?parent=73772"}],"wp:term":[{"taxonomy":"pwb-brand","embeddable":true,"href":"https:\/\/www.tendenzeshabbychic.it\/fr\/wp-json\/wp\/v2\/pwb-brand?post=73772"},{"taxonomy":"product_brand","embeddable":true,"href":"https:\/\/www.tendenzeshabbychic.it\/fr\/wp-json\/wp\/v2\/product_brand?post=73772"},{"taxonomy":"product_cat","embeddable":true,"href":"https:\/\/www.tendenzeshabbychic.it\/fr\/wp-json\/wp\/v2\/product_cat?post=73772"},{"taxonomy":"product_tag","embeddable":true,"href":"https:\/\/www.tendenzeshabbychic.it\/fr\/wp-json\/wp\/v2\/product_tag?post=73772"}],"curies":[{"name":"wp","href":"https:\/\/api.w.org\/{rel}","templated":true}]}}