{"id":73405,"date":"2022-09-22T16:09:53","date_gmt":"2022-09-22T14:09:53","guid":{"rendered":"https:\/\/www.tendenzeshabbychic.it\/prodotto\/tapis-caoutchoute-de-50x80-cm-avec-dedicace\/"},"modified":"2023-05-30T00:39:53","modified_gmt":"2023-05-29T22:39:53","slug":"tapis-avec-dedication-gomme-de-noel-50x80-cm","status":"publish","type":"product","link":"https:\/\/www.tendenzeshabbychic.it\/fr\/produit\/tapis-avec-dedication-gomme-de-noel-50x80-cm\/","title":{"rendered":"Tapis caoutchout\u00e9 de 50&#215;80 cm avec d\u00e9dicace"},"content":{"rendered":"<ul>\n<li>mat\u00e9riau : caoutchouc<\/li>\n<li>id\u00e9al pour ceux qui aiment se diff\u00e9rencier<\/li>\n<li>lavable<\/li>\n<\/ul>\n","protected":false},"excerpt":{"rendered":"<p><strong>DIMENSIONS :<\/strong> 50 x 80 cm<\/p>\n<p>Tapis caoutchout\u00e9 avec des lettres sur fond beige et rouge. En caoutchouc, il suffit d&rsquo;un chiffon humide pour le nettoyer. Disponible en 6 variantes, choisis ta pr\u00e9f\u00e9r\u00e9e.<\/p>\n","protected":false},"featured_media":67359,"comment_status":"open","ping_status":"closed","template":"","meta":{"_joinchat":[]},"pwb-brand":[1563],"product_brand":[],"product_cat":[1530],"product_tag":[1316],"class_list":{"0":"post-73405","1":"product","2":"type-product","3":"status-publish","4":"has-post-thumbnail","6":"pwb-brand-nuvole-di-stoffa-fr","7":"product_cat-tapis","8":"product_tag-bonnie-fr","10":"first","11":"instock","12":"sale","13":"taxable","14":"shipping-taxable","15":"purchasable","16":"product-type-variable"},"brands":[{"id":1563,"name":"Nuvole di Stoffa","slug":"nuvole-di-stoffa-fr"}],"_links":{"self":[{"href":"https:\/\/www.tendenzeshabbychic.it\/fr\/wp-json\/wp\/v2\/product\/73405","targetHints":{"allow":["GET"]}}],"collection":[{"href":"https:\/\/www.tendenzeshabbychic.it\/fr\/wp-json\/wp\/v2\/product"}],"about":[{"href":"https:\/\/www.tendenzeshabbychic.it\/fr\/wp-json\/wp\/v2\/types\/product"}],"replies":[{"embeddable":true,"href":"https:\/\/www.tendenzeshabbychic.it\/fr\/wp-json\/wp\/v2\/comments?post=73405"}],"wp:featuredmedia":[{"embeddable":true,"href":"https:\/\/www.tendenzeshabbychic.it\/fr\/wp-json\/wp\/v2\/media\/67359"}],"wp:attachment":[{"href":"https:\/\/www.tendenzeshabbychic.it\/fr\/wp-json\/wp\/v2\/media?parent=73405"}],"wp:term":[{"taxonomy":"pwb-brand","embeddable":true,"href":"https:\/\/www.tendenzeshabbychic.it\/fr\/wp-json\/wp\/v2\/pwb-brand?post=73405"},{"taxonomy":"product_brand","embeddable":true,"href":"https:\/\/www.tendenzeshabbychic.it\/fr\/wp-json\/wp\/v2\/product_brand?post=73405"},{"taxonomy":"product_cat","embeddable":true,"href":"https:\/\/www.tendenzeshabbychic.it\/fr\/wp-json\/wp\/v2\/product_cat?post=73405"},{"taxonomy":"product_tag","embeddable":true,"href":"https:\/\/www.tendenzeshabbychic.it\/fr\/wp-json\/wp\/v2\/product_tag?post=73405"}],"curies":[{"name":"wp","href":"https:\/\/api.w.org\/{rel}","templated":true}]}}