{"id":73345,"date":"2026-03-18T17:10:01","date_gmt":"2026-03-18T16:10:01","guid":{"rendered":"https:\/\/www.tendenzeshabbychic.it\/prodotto\/blanc-mariclo-elegant-grey-65-x-110-tapis\/"},"modified":"2026-03-19T23:34:42","modified_gmt":"2026-03-19T22:34:42","slug":"blanc-mariclo-elegant-grey-65-x-110-tapis","status":"publish","type":"product","link":"https:\/\/www.tendenzeshabbychic.it\/fr\/produit\/blanc-mariclo-elegant-grey-65-x-110-tapis\/","title":{"rendered":"Blanc Mariclo Tapis gris Elegant 65 x 110"},"content":{"rendered":"<h2>Tapis Blanc MariClo Elegant 65&#215;110<\/h2>\n<p>Ces chemins de table sont souvent achet\u00e9s par paire.<\/p>\n<p>Tapis anciens Blanc Mariclo enchantent par leur charme vintage. Les dessins sont inspir\u00e9s d&rsquo;anciens mod\u00e8les.<\/p>\n<p>Son design unique et sophistiqu\u00e9, ses mat\u00e9riaux de haute qualit\u00e9, son motif floral, ses d\u00e9corations et ses bordures en font la <strong>star incontest\u00e9e de votre maison<\/strong>.<\/p>\n<p>Les tapis Blanc Mariclo&rsquo; sont disponibles en diff\u00e9rents motifs et couleurs et peuvent \u00eatre combin\u00e9s avec diff\u00e9rents ameublements : dans les maisons de style classique avec de vieux parquets et de beaux meubles, ils apportent une atmosph\u00e8re unique et authentique ; dans les salons modernes, en revanche, ils offrent un fort contraste, donnant \u00e0 la maison une touche de nostalgie intelligente.<\/p>\n<ul>\n<li>mati\u00e8re : 40% acrylique &#8211; 30% coton &#8211; 30% polyester<\/li>\n<li>couleur : sable, beige, ivoire<\/li>\n<li>100% FABRIQU\u00c9 EN ITALIE<\/li>\n<li>avec antid\u00e9rapant<\/li>\n<li>lavable en machine<\/li>\n<\/ul>\n<h3>Lire notre <span style=\"color: #00a859;\"><a style=\"color: #00a859;\" href=\"https:\/\/www.tendenzeshabbychic.it\/tappeti-blanc-mariclo\/\"><strong>fiche technique<\/strong><\/a><\/span> sur les moquettes Blanc Mariclo.<\/h3>\n","protected":false},"excerpt":{"rendered":"<p><strong>DIMENSIONS : <\/strong>65 x 110 cm<\/p>\n<p>Tapis de Chevet <em><strong>Blanc Mariclo<\/strong><\/em> Elegant Azzurro Powder donnera \u00e0 votre maison une touche d&rsquo;\u00e9l\u00e9gance incroyable. Le motif floral avec des roses dans les tons gris (bleu clair) lui conf\u00e8re un style authentiquement vintage, parfait si vous aimez le Shabby Chic.<\/p>\n","protected":false},"featured_media":62367,"comment_status":"open","ping_status":"closed","template":"","meta":{"_joinchat":[]},"pwb-brand":[1561],"product_brand":[],"product_cat":[1530],"product_tag":[1286,2847,1543,1548,1298,2844],"class_list":{"0":"post-73345","1":"product","2":"type-product","3":"status-publish","4":"has-post-thumbnail","6":"pwb-brand-blanc-mariclo-fr","7":"product_cat-tapis","8":"product_tag-65x110-fr","9":"product_tag-chambre","10":"product_tag-elegant-fr","11":"product_tag-gris-elegant","12":"product_tag-made-in-italy-fr","13":"product_tag-salle-a-manger","15":"first","16":"outofstock","17":"taxable","18":"shipping-taxable","19":"purchasable","20":"product-type-simple"},"brands":[{"id":1561,"name":"Blanc Mariclo","slug":"blanc-mariclo-fr"}],"_links":{"self":[{"href":"https:\/\/www.tendenzeshabbychic.it\/fr\/wp-json\/wp\/v2\/product\/73345","targetHints":{"allow":["GET"]}}],"collection":[{"href":"https:\/\/www.tendenzeshabbychic.it\/fr\/wp-json\/wp\/v2\/product"}],"about":[{"href":"https:\/\/www.tendenzeshabbychic.it\/fr\/wp-json\/wp\/v2\/types\/product"}],"replies":[{"embeddable":true,"href":"https:\/\/www.tendenzeshabbychic.it\/fr\/wp-json\/wp\/v2\/comments?post=73345"}],"wp:featuredmedia":[{"embeddable":true,"href":"https:\/\/www.tendenzeshabbychic.it\/fr\/wp-json\/wp\/v2\/media\/62367"}],"wp:attachment":[{"href":"https:\/\/www.tendenzeshabbychic.it\/fr\/wp-json\/wp\/v2\/media?parent=73345"}],"wp:term":[{"taxonomy":"pwb-brand","embeddable":true,"href":"https:\/\/www.tendenzeshabbychic.it\/fr\/wp-json\/wp\/v2\/pwb-brand?post=73345"},{"taxonomy":"product_brand","embeddable":true,"href":"https:\/\/www.tendenzeshabbychic.it\/fr\/wp-json\/wp\/v2\/product_brand?post=73345"},{"taxonomy":"product_cat","embeddable":true,"href":"https:\/\/www.tendenzeshabbychic.it\/fr\/wp-json\/wp\/v2\/product_cat?post=73345"},{"taxonomy":"product_tag","embeddable":true,"href":"https:\/\/www.tendenzeshabbychic.it\/fr\/wp-json\/wp\/v2\/product_tag?post=73345"}],"curies":[{"name":"wp","href":"https:\/\/api.w.org\/{rel}","templated":true}]}}