{"id":73331,"date":"2020-06-11T19:29:27","date_gmt":"2020-06-11T17:29:27","guid":{"rendered":"https:\/\/www.tendenzeshabbychic.it\/prodotto\/chemin-de-table-elegant-sunset-differentes-couleurs-50x150\/"},"modified":"2023-03-23T18:36:06","modified_gmt":"2023-03-23T17:36:06","slug":"coureur-elegant-coucher-de-soleil-varietes-couleurs-50x150","status":"publish","type":"product","link":"https:\/\/www.tendenzeshabbychic.it\/fr\/produit\/coureur-elegant-coucher-de-soleil-varietes-couleurs-50x150\/","title":{"rendered":"Chemin de table Elegant SUNSET diff\u00e9rentes couleurs 50&#215;150"},"content":{"rendered":"<h2>\u00c9l\u00e9gant Chemin de table en dentelle Shabby Chic.<\/h2>\n<ul>\n<li>Mati\u00e8re : 100 % polyester<\/li>\n<li>Chemin de table en dentelle.<\/li>\n<li>D\u00e9corations tr\u00e8s raffin\u00e9es<\/li>\n<li>Pour une mise en place \u00e9l\u00e9gante<\/li>\n<li>S&rsquo;accorde avec de nombreux styles, du shabby chic au proven\u00e7al.<\/li>\n<li>Couleurs : ivoire, blanc et mauve<\/li>\n<\/ul>\n","protected":false},"excerpt":{"rendered":"<p>\u00c9l\u00e9gant Chemin de table en dentelle <a href=\"https:\/\/www.tendenzeshabbychic.it\/tag-prodotto\/sunset\/\">SUNSET<\/a> de L&rsquo; Atelier 17.<br \/>\n<strong>DIMENSIONS :<\/strong> 150&#215;50 cm<\/p>\n<p><strong>Pour acheter : choisissez la couleur d\u00e9sir\u00e9e, la quantit\u00e9 et cliquez sur ajouter au panier.<\/strong><\/p>\n<div id=\"gtx-trans\" style=\"position: absolute; left: 115px; top: 164.2px;\">\n<div class=\"gtx-trans-icon\"><\/div>\n<\/div>\n","protected":false},"featured_media":62796,"comment_status":"open","ping_status":"closed","template":"","meta":{"_joinchat":[]},"pwb-brand":[1560],"product_brand":[],"product_cat":[1490],"product_tag":[1308,2844,1559],"class_list":{"0":"post-73331","1":"product","2":"type-product","3":"status-publish","4":"has-post-thumbnail","6":"pwb-brand-atelier-17-fr","7":"product_cat-chemin-de-table","8":"product_tag-dentelle","9":"product_tag-salle-a-manger","10":"product_tag-sunset-fr","11":"pa_colore-blanc","12":"pa_colore-ivoire","13":"pa_colore-mauve","15":"first","16":"outofstock","17":"taxable","18":"shipping-taxable","19":"product-type-variable"},"brands":[{"id":1560,"name":"L\u2019Atelier 17","slug":"atelier-17-fr"}],"_links":{"self":[{"href":"https:\/\/www.tendenzeshabbychic.it\/fr\/wp-json\/wp\/v2\/product\/73331","targetHints":{"allow":["GET"]}}],"collection":[{"href":"https:\/\/www.tendenzeshabbychic.it\/fr\/wp-json\/wp\/v2\/product"}],"about":[{"href":"https:\/\/www.tendenzeshabbychic.it\/fr\/wp-json\/wp\/v2\/types\/product"}],"replies":[{"embeddable":true,"href":"https:\/\/www.tendenzeshabbychic.it\/fr\/wp-json\/wp\/v2\/comments?post=73331"}],"wp:featuredmedia":[{"embeddable":true,"href":"https:\/\/www.tendenzeshabbychic.it\/fr\/wp-json\/wp\/v2\/media\/62796"}],"wp:attachment":[{"href":"https:\/\/www.tendenzeshabbychic.it\/fr\/wp-json\/wp\/v2\/media?parent=73331"}],"wp:term":[{"taxonomy":"pwb-brand","embeddable":true,"href":"https:\/\/www.tendenzeshabbychic.it\/fr\/wp-json\/wp\/v2\/pwb-brand?post=73331"},{"taxonomy":"product_brand","embeddable":true,"href":"https:\/\/www.tendenzeshabbychic.it\/fr\/wp-json\/wp\/v2\/product_brand?post=73331"},{"taxonomy":"product_cat","embeddable":true,"href":"https:\/\/www.tendenzeshabbychic.it\/fr\/wp-json\/wp\/v2\/product_cat?post=73331"},{"taxonomy":"product_tag","embeddable":true,"href":"https:\/\/www.tendenzeshabbychic.it\/fr\/wp-json\/wp\/v2\/product_tag?post=73331"}],"curies":[{"name":"wp","href":"https:\/\/api.w.org\/{rel}","templated":true}]}}