{"id":73318,"date":"2026-05-07T10:40:48","date_gmt":"2026-05-07T08:40:48","guid":{"rendered":"https:\/\/www.tendenzeshabbychic.it\/prodotto\/paire-de-draps-doubles-en-dentelle-sophie\/"},"modified":"2026-05-07T12:51:31","modified_gmt":"2026-05-07T10:51:31","slug":"feuilles-de-couple-feuille-de-mariage-avec-lace-sophie","status":"publish","type":"product","link":"https:\/\/www.tendenzeshabbychic.it\/fr\/produit\/feuilles-de-couple-feuille-de-mariage-avec-lace-sophie\/","title":{"rendered":"Paire de draps doubles en dentelle Sophie"},"content":{"rendered":"<h3 style=\"text-align: center;\">Paire de draps doubles en dentelle \u00ab\u00a0Sophie<\/h3>\n<p>L&rsquo;Atelier 17 est une entreprise 100% Made In Italy<\/p>\n<ul>\n<li>Mati\u00e8re 100% coton<\/li>\n<li>produit artisanal cousu \u00e0 la main<\/li>\n<\/ul>\n","protected":false},"excerpt":{"rendered":"<p>La paire de draps doubles en dentelle \u00ab\u00a0Sophie\u00a0\u00bb conf\u00e8re \u00e0 votre chambre une touche de romantisme suppl\u00e9mentaire :<\/p>\n<ul>\n<li>paire de taies d&rsquo;oreiller 52&#215;82 cm<\/li>\n<li>drap plat 250&#215;300 cm<\/li>\n<li>draps-housses 180&#215;200 cm<\/li>\n<\/ul>\n<p><strong>Pour acheter : choisissez la couleur d\u00e9sir\u00e9e, la quantit\u00e9 et cliquez sur ajouter au panier.<\/strong><\/p>\n","protected":false},"featured_media":61964,"comment_status":"open","ping_status":"closed","template":"","meta":{"_joinchat":[]},"pwb-brand":[1560],"product_brand":[],"product_cat":[1478],"product_tag":[2847,1308,1298,1437],"class_list":{"0":"post-73318","1":"product","2":"type-product","3":"status-publish","4":"has-post-thumbnail","6":"pwb-brand-atelier-17-fr","7":"product_cat-feuilles-doubles","8":"product_tag-chambre","9":"product_tag-dentelle","10":"product_tag-made-in-italy-fr","11":"product_tag-sophie-fr","12":"pa_colore-beige-fr","13":"pa_colore-blanc","14":"pa_colore-ivoire","15":"pa_colore-mauve","16":"pa_colore-rose","18":"first","19":"instock","20":"taxable","21":"shipping-taxable","22":"purchasable","23":"product-type-variable"},"brands":[{"id":1560,"name":"L\u2019Atelier 17","slug":"atelier-17-fr"}],"_links":{"self":[{"href":"https:\/\/www.tendenzeshabbychic.it\/fr\/wp-json\/wp\/v2\/product\/73318","targetHints":{"allow":["GET"]}}],"collection":[{"href":"https:\/\/www.tendenzeshabbychic.it\/fr\/wp-json\/wp\/v2\/product"}],"about":[{"href":"https:\/\/www.tendenzeshabbychic.it\/fr\/wp-json\/wp\/v2\/types\/product"}],"replies":[{"embeddable":true,"href":"https:\/\/www.tendenzeshabbychic.it\/fr\/wp-json\/wp\/v2\/comments?post=73318"}],"wp:featuredmedia":[{"embeddable":true,"href":"https:\/\/www.tendenzeshabbychic.it\/fr\/wp-json\/wp\/v2\/media\/61964"}],"wp:attachment":[{"href":"https:\/\/www.tendenzeshabbychic.it\/fr\/wp-json\/wp\/v2\/media?parent=73318"}],"wp:term":[{"taxonomy":"pwb-brand","embeddable":true,"href":"https:\/\/www.tendenzeshabbychic.it\/fr\/wp-json\/wp\/v2\/pwb-brand?post=73318"},{"taxonomy":"product_brand","embeddable":true,"href":"https:\/\/www.tendenzeshabbychic.it\/fr\/wp-json\/wp\/v2\/product_brand?post=73318"},{"taxonomy":"product_cat","embeddable":true,"href":"https:\/\/www.tendenzeshabbychic.it\/fr\/wp-json\/wp\/v2\/product_cat?post=73318"},{"taxonomy":"product_tag","embeddable":true,"href":"https:\/\/www.tendenzeshabbychic.it\/fr\/wp-json\/wp\/v2\/product_tag?post=73318"}],"curies":[{"name":"wp","href":"https:\/\/api.w.org\/{rel}","templated":true}]}}