{"id":73317,"date":"2026-05-07T10:50:51","date_gmt":"2026-05-07T08:50:51","guid":{"rendered":"https:\/\/www.tendenzeshabbychic.it\/prodotto\/paire-de-draps-en-dentelle-sangallo-nicole\/"},"modified":"2026-05-07T12:57:30","modified_gmt":"2026-05-07T10:57:30","slug":"couple-feuille-avec-lace-sangallo-nicole","status":"publish","type":"product","link":"https:\/\/www.tendenzeshabbychic.it\/fr\/produit\/couple-feuille-avec-lace-sangallo-nicole\/","title":{"rendered":"Paire de draps en dentelle sangallo de Nicole"},"content":{"rendered":"<h3 style=\"text-align: center;\">Atelier 17 dentelle sangallo &lsquo;Nicole&rsquo; paire de draps de lit double<\/h3>\n<p>Mais quelle sensation agr\u00e9able que celle de draps fra\u00eechement repass\u00e9s, sentant l&rsquo;assouplissant, et d&rsquo;un lit parfait&#8230; ?<\/p>\n<p>Dimensions des feuilles doubles<\/p>\n<ul>\n<li>paire de taies d&rsquo;oreiller 52*82 cm<\/li>\n<li>drap plat 250*300 cm<\/li>\n<li>drap-housse 180*200 cm<\/li>\n<li>mati\u00e8re : 100% coton, dentelle san gallo<\/li>\n<li>Couleurs disponibles : ivoire, blanc, rose<\/li>\n<li>produit artisanal cousu \u00e0 la main<\/li>\n<\/ul>\n","protected":false},"excerpt":{"rendered":"<p>Atelier 17 paire de draps avec dentelle sangallo \u00ab\u00a0Nicole\u00a0\u00bb lit double, 100% coton<\/p>\n<p>L&rsquo;Atelier 17 est une entreprise 100% Made In Italy<\/p>\n<ul>\n<li>Drap de dessus avec volants : 250 x 300 cm<\/li>\n<li>Feuille de fond : 180 x 200 cm avec coins<\/li>\n<li>2 taies d&rsquo;oreiller \u00e0 volants : 50 x 80 cm<\/li>\n<\/ul>\n<p><strong>Pour acheter : choisissez la couleur d\u00e9sir\u00e9e, la quantit\u00e9 et cliquez sur ajouter au panier.<\/strong><\/p>\n","protected":false},"featured_media":61962,"comment_status":"open","ping_status":"closed","template":"","meta":{"_joinchat":[]},"pwb-brand":[1560],"product_brand":[],"product_cat":[1478],"product_tag":[2847,1309,1298],"class_list":{"0":"post-73317","1":"product","2":"type-product","3":"status-publish","4":"has-post-thumbnail","6":"pwb-brand-atelier-17-fr","7":"product_cat-feuilles-doubles","8":"product_tag-chambre","9":"product_tag-dentelle-sangallo","10":"product_tag-made-in-italy-fr","11":"pa_colore-blanc","12":"pa_colore-ivoire","13":"pa_colore-rose","15":"first","16":"instock","17":"sale","18":"taxable","19":"shipping-taxable","20":"purchasable","21":"product-type-variable"},"brands":[{"id":1560,"name":"L\u2019Atelier 17","slug":"atelier-17-fr"}],"_links":{"self":[{"href":"https:\/\/www.tendenzeshabbychic.it\/fr\/wp-json\/wp\/v2\/product\/73317","targetHints":{"allow":["GET"]}}],"collection":[{"href":"https:\/\/www.tendenzeshabbychic.it\/fr\/wp-json\/wp\/v2\/product"}],"about":[{"href":"https:\/\/www.tendenzeshabbychic.it\/fr\/wp-json\/wp\/v2\/types\/product"}],"replies":[{"embeddable":true,"href":"https:\/\/www.tendenzeshabbychic.it\/fr\/wp-json\/wp\/v2\/comments?post=73317"}],"wp:featuredmedia":[{"embeddable":true,"href":"https:\/\/www.tendenzeshabbychic.it\/fr\/wp-json\/wp\/v2\/media\/61962"}],"wp:attachment":[{"href":"https:\/\/www.tendenzeshabbychic.it\/fr\/wp-json\/wp\/v2\/media?parent=73317"}],"wp:term":[{"taxonomy":"pwb-brand","embeddable":true,"href":"https:\/\/www.tendenzeshabbychic.it\/fr\/wp-json\/wp\/v2\/pwb-brand?post=73317"},{"taxonomy":"product_brand","embeddable":true,"href":"https:\/\/www.tendenzeshabbychic.it\/fr\/wp-json\/wp\/v2\/product_brand?post=73317"},{"taxonomy":"product_cat","embeddable":true,"href":"https:\/\/www.tendenzeshabbychic.it\/fr\/wp-json\/wp\/v2\/product_cat?post=73317"},{"taxonomy":"product_tag","embeddable":true,"href":"https:\/\/www.tendenzeshabbychic.it\/fr\/wp-json\/wp\/v2\/product_tag?post=73317"}],"curies":[{"name":"wp","href":"https:\/\/api.w.org\/{rel}","templated":true}]}}