{"id":73292,"date":"2022-09-14T22:15:08","date_gmt":"2022-09-14T20:15:08","guid":{"rendered":"https:\/\/www.tendenzeshabbychic.it\/prodotto\/drap-double-et-2-taies-doreiller-en-percale-avec-dentelle-corinthienne-clay\/"},"modified":"2023-07-29T18:22:53","modified_gmt":"2023-07-29T16:22:53","slug":"drap-et-2-faith-en-perchalle-avec-lace-argile-corinthienne","status":"publish","type":"product","link":"https:\/\/www.tendenzeshabbychic.it\/fr\/produit\/drap-et-2-faith-en-perchalle-avec-lace-argile-corinthienne\/","title":{"rendered":"Drap double et 2 taies d&rsquo;oreiller en percale avec dentelle corinthienne Clay"},"content":{"rendered":"<h2>Drap double avec deux taies d&rsquo;oreiller.<\/h2>\n<p>Comme il s&rsquo;agit d&rsquo;un produit fait \u00e0 la main et fabriqu\u00e9 en Italie, vous pouvez le combiner avec tous les produits de Chez Moi (courtepointes, rideaux, napperons, etc.).<\/p>\n<ul>\n<li><strong>MADE IN ITALY<\/strong><\/li>\n<li>couleur : argile (beige)<\/li>\n<\/ul>\n","protected":false},"excerpt":{"rendered":"<p><strong>DIMENSIONS : <\/strong>240 x 270 cm<\/p>\n<p>Drap double en percale de coton accompagn\u00e9 de deux taies d&rsquo;oreiller et d\u00e9cor\u00e9 d&rsquo;une dentelle corinthienne ton sur ton. L&rsquo;argile est une couleur tr\u00e8s raffin\u00e9e et \u00e9l\u00e9gante, combin\u00e9e \u00e0 l&rsquo;\u00e9l\u00e9gance de la dentelle, parfaite pour une chambre shabby chic.<\/p>\n<p>Un produit de luxe italien, fabriqu\u00e9 \u00e0 la main en Italie par Chez Moi.<\/p>\n<p><strong>Dans le paquet, vous trouverez 1 drap de percale avec dentelle 240&#215;70 cm et 2 taies d&rsquo;oreiller 50&#215;80 cm.<\/strong><br \/>\n<iframe loading=\"lazy\" title=\"YouTube video player\" src=\"https:\/\/www.youtube.com\/embed\/lZSCfXMyhv0\" width=\"540\" height=\"960\" frameborder=\"0\" allowfullscreen=\"allowfullscreen\"><\/iframe><\/p>\n","protected":false},"featured_media":68609,"comment_status":"open","ping_status":"closed","template":"","meta":{"_joinchat":[]},"pwb-brand":[1567],"product_brand":[],"product_cat":[1478],"product_tag":[1345,2847,1305,1300,1298],"class_list":{"0":"post-73292","1":"product","2":"type-product","3":"status-publish","4":"has-post-thumbnail","6":"pwb-brand-chez-moi-fr","7":"product_cat-feuilles-doubles","8":"product_tag-argile","9":"product_tag-chambre","10":"product_tag-dentelle-corinzio","11":"product_tag-fatto-a-mano-fr","12":"product_tag-made-in-italy-fr","13":"product_shipping_class-no-contrassegno-fr","15":"first","16":"onbackorder","17":"taxable","18":"shipping-taxable","19":"purchasable","20":"product-type-simple"},"brands":[{"id":1567,"name":"Chez Moi","slug":"chez-moi-fr"}],"_links":{"self":[{"href":"https:\/\/www.tendenzeshabbychic.it\/fr\/wp-json\/wp\/v2\/product\/73292","targetHints":{"allow":["GET"]}}],"collection":[{"href":"https:\/\/www.tendenzeshabbychic.it\/fr\/wp-json\/wp\/v2\/product"}],"about":[{"href":"https:\/\/www.tendenzeshabbychic.it\/fr\/wp-json\/wp\/v2\/types\/product"}],"replies":[{"embeddable":true,"href":"https:\/\/www.tendenzeshabbychic.it\/fr\/wp-json\/wp\/v2\/comments?post=73292"}],"wp:featuredmedia":[{"embeddable":true,"href":"https:\/\/www.tendenzeshabbychic.it\/fr\/wp-json\/wp\/v2\/media\/68609"}],"wp:attachment":[{"href":"https:\/\/www.tendenzeshabbychic.it\/fr\/wp-json\/wp\/v2\/media?parent=73292"}],"wp:term":[{"taxonomy":"pwb-brand","embeddable":true,"href":"https:\/\/www.tendenzeshabbychic.it\/fr\/wp-json\/wp\/v2\/pwb-brand?post=73292"},{"taxonomy":"product_brand","embeddable":true,"href":"https:\/\/www.tendenzeshabbychic.it\/fr\/wp-json\/wp\/v2\/product_brand?post=73292"},{"taxonomy":"product_cat","embeddable":true,"href":"https:\/\/www.tendenzeshabbychic.it\/fr\/wp-json\/wp\/v2\/product_cat?post=73292"},{"taxonomy":"product_tag","embeddable":true,"href":"https:\/\/www.tendenzeshabbychic.it\/fr\/wp-json\/wp\/v2\/product_tag?post=73292"}],"curies":[{"name":"wp","href":"https:\/\/api.w.org\/{rel}","templated":true}]}}