{"id":73212,"date":"2022-10-31T08:52:43","date_gmt":"2022-10-31T07:52:43","guid":{"rendered":"https:\/\/www.tendenzeshabbychic.it\/prodotto\/chemin-de-table-en-lin-rose-antique-avec-volant-en-dentelle-arabesque\/"},"modified":"2023-03-23T17:51:53","modified_gmt":"2023-03-23T16:51:53","slug":"chemin-de-table-en-lin-rose-antique-avec-volant-en-dentelle-arabesque","status":"publish","type":"product","link":"https:\/\/www.tendenzeshabbychic.it\/fr\/produit\/chemin-de-table-en-lin-rose-antique-avec-volant-en-dentelle-arabesque\/","title":{"rendered":"Chemin de table en lin rose antique avec volant en dentelle arabesque"},"content":{"rendered":"<h3>Chemin de table en lin et dentelle Arabesque fait \u00e0 la main en Italie par Chez Moi Disponible en plusieurs couleurs.<\/h3>\n<ul>\n<li><strong>MADE IN ITALY<\/strong><\/li>\n<li>Fabriqu\u00e9 \u00e0 la main en Italie<\/li>\n<li><strong>mati\u00e8re : <\/strong>dentelle et lin<\/li>\n<\/ul>\n","protected":false},"excerpt":{"rendered":"<p>DIMENSIONS : 40 x 140 cm<\/p>\n<p>Chemin de table en lin et dentelle arabesque avec volants (galette), rose antique. Fabriqu\u00e9 enti\u00e8rement \u00e0 la main en Italie par Chez Moi<\/p>\n<p>Habillez votre maison d&rsquo;un luxe italien pur.<\/p>\n","protected":false},"featured_media":69218,"comment_status":"open","ping_status":"closed","template":"","meta":{"_joinchat":[]},"pwb-brand":[1567],"product_brand":[],"product_cat":[1490],"product_tag":[1304,1300,1301,1298,1425,2844],"class_list":{"0":"post-73212","1":"product","2":"type-product","3":"status-publish","4":"has-post-thumbnail","6":"pwb-brand-chez-moi-fr","7":"product_cat-chemin-de-table","8":"product_tag-dentelle-arabesque","9":"product_tag-fatto-a-mano-fr","10":"product_tag-lin","11":"product_tag-made-in-italy-fr","12":"product_tag-rose-antique","13":"product_tag-salle-a-manger","15":"first","16":"outofstock","17":"taxable","18":"shipping-taxable","19":"purchasable","20":"product-type-simple"},"brands":[{"id":1567,"name":"Chez Moi","slug":"chez-moi-fr"}],"_links":{"self":[{"href":"https:\/\/www.tendenzeshabbychic.it\/fr\/wp-json\/wp\/v2\/product\/73212","targetHints":{"allow":["GET"]}}],"collection":[{"href":"https:\/\/www.tendenzeshabbychic.it\/fr\/wp-json\/wp\/v2\/product"}],"about":[{"href":"https:\/\/www.tendenzeshabbychic.it\/fr\/wp-json\/wp\/v2\/types\/product"}],"replies":[{"embeddable":true,"href":"https:\/\/www.tendenzeshabbychic.it\/fr\/wp-json\/wp\/v2\/comments?post=73212"}],"wp:featuredmedia":[{"embeddable":true,"href":"https:\/\/www.tendenzeshabbychic.it\/fr\/wp-json\/wp\/v2\/media\/69218"}],"wp:attachment":[{"href":"https:\/\/www.tendenzeshabbychic.it\/fr\/wp-json\/wp\/v2\/media?parent=73212"}],"wp:term":[{"taxonomy":"pwb-brand","embeddable":true,"href":"https:\/\/www.tendenzeshabbychic.it\/fr\/wp-json\/wp\/v2\/pwb-brand?post=73212"},{"taxonomy":"product_brand","embeddable":true,"href":"https:\/\/www.tendenzeshabbychic.it\/fr\/wp-json\/wp\/v2\/product_brand?post=73212"},{"taxonomy":"product_cat","embeddable":true,"href":"https:\/\/www.tendenzeshabbychic.it\/fr\/wp-json\/wp\/v2\/product_cat?post=73212"},{"taxonomy":"product_tag","embeddable":true,"href":"https:\/\/www.tendenzeshabbychic.it\/fr\/wp-json\/wp\/v2\/product_tag?post=73212"}],"curies":[{"name":"wp","href":"https:\/\/api.w.org\/{rel}","templated":true}]}}