{"id":73200,"date":"2025-02-27T12:45:49","date_gmt":"2025-02-27T11:45:49","guid":{"rendered":"https:\/\/www.tendenzeshabbychic.it\/prodotto\/swamy-rose-poudre-55x240-tapis-cuddles-of-home\/"},"modified":"2025-02-27T13:01:57","modified_gmt":"2025-02-27T12:01:57","slug":"tapis-swamy-pink-cypress-55x240-coccole-de-la-maison","status":"publish","type":"product","link":"https:\/\/www.tendenzeshabbychic.it\/fr\/produit\/tapis-swamy-pink-cypress-55x240-coccole-de-la-maison\/","title":{"rendered":"Swamy rose poudr\u00e9 55&#215;240 Tapis Cuddles of Home"},"content":{"rendered":"<p>Mat\u00e9riaux : 40% acrylique, 30% coton, 30% polyester (antid\u00e9rapant). Produit FABRIQU\u00c9 EN ITALIE. Lavable en machine \u00e0 basse temp\u00e9rature, vous pouvez \u00e9galement le repasser \u00e0 basse temp\u00e9rature, n&rsquo;utilisez pas de batteur \u00e0 tapis.<\/p>\n<p>Signed Coccole di Casa fait partie de la collection Swamy.<\/p>\n","protected":false},"excerpt":{"rendered":"<p>Tapis \u00e0 motifs floraux vintage Shabby Chic 55&#215;240 rose poudr\u00e9 compl\u00e9t\u00e9 par un antid\u00e9rapant (\u00e9l\u00e9ment indispensable pour ce type de tapis).<\/p>\n<p>Compte tenu de sa taille, vous pouvez le placer \u00e0 l&rsquo;entr\u00e9e, dans le couloir ou dans la cuisine.<\/p>\n","protected":false},"featured_media":71346,"comment_status":"open","ping_status":"closed","template":"","meta":{"_joinchat":[]},"pwb-brand":[1054],"product_brand":[],"product_cat":[1530],"product_tag":[788,1059,3284],"class_list":{"0":"post-73200","1":"product","2":"type-product","3":"status-publish","4":"has-post-thumbnail","6":"pwb-brand-coccole-di-casa","7":"product_cat-tapis","8":"product_tag-made-in-italy","9":"product_tag-swamy","10":"product_tag-saldi","12":"first","13":"outofstock","14":"sale","15":"taxable","16":"shipping-taxable","17":"purchasable","18":"product-type-simple"},"brands":[{"id":1565,"name":"Coccole di Casa","slug":"coccole-di-casa-fr"}],"_links":{"self":[{"href":"https:\/\/www.tendenzeshabbychic.it\/fr\/wp-json\/wp\/v2\/product\/73200","targetHints":{"allow":["GET"]}}],"collection":[{"href":"https:\/\/www.tendenzeshabbychic.it\/fr\/wp-json\/wp\/v2\/product"}],"about":[{"href":"https:\/\/www.tendenzeshabbychic.it\/fr\/wp-json\/wp\/v2\/types\/product"}],"replies":[{"embeddable":true,"href":"https:\/\/www.tendenzeshabbychic.it\/fr\/wp-json\/wp\/v2\/comments?post=73200"}],"wp:featuredmedia":[{"embeddable":true,"href":"https:\/\/www.tendenzeshabbychic.it\/fr\/wp-json\/wp\/v2\/media\/71346"}],"wp:attachment":[{"href":"https:\/\/www.tendenzeshabbychic.it\/fr\/wp-json\/wp\/v2\/media?parent=73200"}],"wp:term":[{"taxonomy":"pwb-brand","embeddable":true,"href":"https:\/\/www.tendenzeshabbychic.it\/fr\/wp-json\/wp\/v2\/pwb-brand?post=73200"},{"taxonomy":"product_brand","embeddable":true,"href":"https:\/\/www.tendenzeshabbychic.it\/fr\/wp-json\/wp\/v2\/product_brand?post=73200"},{"taxonomy":"product_cat","embeddable":true,"href":"https:\/\/www.tendenzeshabbychic.it\/fr\/wp-json\/wp\/v2\/product_cat?post=73200"},{"taxonomy":"product_tag","embeddable":true,"href":"https:\/\/www.tendenzeshabbychic.it\/fr\/wp-json\/wp\/v2\/product_tag?post=73200"}],"curies":[{"name":"wp","href":"https:\/\/api.w.org\/{rel}","templated":true}]}}