{"id":73170,"date":"2022-11-13T13:21:20","date_gmt":"2022-11-13T12:21:20","guid":{"rendered":"https:\/\/www.tendenzeshabbychic.it\/prodotto\/paire-de-rideaux-de-fenetre-en-dentelle-flora-natural-white-60x130\/"},"modified":"2023-06-04T13:03:41","modified_gmt":"2023-06-04T11:03:41","slug":"paire-de-rideaux-de-fenetres-en-fleur-de-lacis-blanc-naturel-60x130","status":"publish","type":"product","link":"https:\/\/www.tendenzeshabbychic.it\/fr\/produit\/paire-de-rideaux-de-fenetres-en-fleur-de-lacis-blanc-naturel-60x130\/","title":{"rendered":"Paire de rideaux de fen\u00eatre en dentelle Flora Natural White 60&#215;130"},"content":{"rendered":"<ul>\n<li>mati\u00e8re : dentelle pure (60% nylon &#8211; 40% coton)<\/li>\n<li>MADE IN ITALY<\/li>\n<li>fait \u00e0 la main<\/li>\n<\/ul>\n","protected":false},"excerpt":{"rendered":"<p>DIMENSIONS : L 60 x H 130 cm (tissu)<\/p>\n<p>Paire de rideaux de fen\u00eatre en pure dentelle Flora en blanc chaud. Fabriqu\u00e9 \u00e0 la main par Chez Moi.<\/p>\n<p>Accrochez-les aux fen\u00eatres \u00e0 l&rsquo;aide de la boucle unique dissimul\u00e9e. Habillez vos fen\u00eatres d&rsquo;un luxe italien.<\/p>\n<p>Deux feuilles sont incluses dans chaque paquet.<\/p>\n<p><iframe loading=\"lazy\" title=\"YouTube video player\" src=\"https:\/\/www.youtube.com\/embed\/VwYkymhn7qY\" width=\"540\" height=\"960\" frameborder=\"0\" allowfullscreen=\"allowfullscreen\"><\/iframe><\/p>\n","protected":false},"featured_media":69388,"comment_status":"open","ping_status":"closed","template":"","meta":{"_joinchat":[]},"pwb-brand":[1567],"product_brand":[],"product_cat":[1535,2758],"product_tag":[2509,1300,1298,1323],"class_list":{"0":"post-73170","1":"product","2":"type-product","3":"status-publish","4":"has-post-thumbnail","6":"pwb-brand-chez-moi-fr","7":"product_cat-rideaux","8":"product_cat-rideaux-de-fenetre","9":"product_tag-bianco-naturale-fr","10":"product_tag-fatto-a-mano-fr","11":"product_tag-made-in-italy-fr","12":"product_tag-mer","14":"first","15":"outofstock","16":"taxable","17":"shipping-taxable","18":"purchasable","19":"product-type-simple"},"brands":[{"id":1567,"name":"Chez Moi","slug":"chez-moi-fr"}],"_links":{"self":[{"href":"https:\/\/www.tendenzeshabbychic.it\/fr\/wp-json\/wp\/v2\/product\/73170","targetHints":{"allow":["GET"]}}],"collection":[{"href":"https:\/\/www.tendenzeshabbychic.it\/fr\/wp-json\/wp\/v2\/product"}],"about":[{"href":"https:\/\/www.tendenzeshabbychic.it\/fr\/wp-json\/wp\/v2\/types\/product"}],"replies":[{"embeddable":true,"href":"https:\/\/www.tendenzeshabbychic.it\/fr\/wp-json\/wp\/v2\/comments?post=73170"}],"wp:featuredmedia":[{"embeddable":true,"href":"https:\/\/www.tendenzeshabbychic.it\/fr\/wp-json\/wp\/v2\/media\/69388"}],"wp:attachment":[{"href":"https:\/\/www.tendenzeshabbychic.it\/fr\/wp-json\/wp\/v2\/media?parent=73170"}],"wp:term":[{"taxonomy":"pwb-brand","embeddable":true,"href":"https:\/\/www.tendenzeshabbychic.it\/fr\/wp-json\/wp\/v2\/pwb-brand?post=73170"},{"taxonomy":"product_brand","embeddable":true,"href":"https:\/\/www.tendenzeshabbychic.it\/fr\/wp-json\/wp\/v2\/product_brand?post=73170"},{"taxonomy":"product_cat","embeddable":true,"href":"https:\/\/www.tendenzeshabbychic.it\/fr\/wp-json\/wp\/v2\/product_cat?post=73170"},{"taxonomy":"product_tag","embeddable":true,"href":"https:\/\/www.tendenzeshabbychic.it\/fr\/wp-json\/wp\/v2\/product_tag?post=73170"}],"curies":[{"name":"wp","href":"https:\/\/api.w.org\/{rel}","templated":true}]}}