{"id":73167,"date":"2022-11-12T15:53:06","date_gmt":"2022-11-12T14:53:06","guid":{"rendered":"https:\/\/www.tendenzeshabbychic.it\/prodotto\/napperon-corinthien-couleur-luxe-menthe-35-x-50-chez-moi\/"},"modified":"2023-03-23T17:44:38","modified_gmt":"2023-03-23T16:44:38","slug":"napperon-corinthien-couleur-luxe-menthe-35-x-50-chez-moi","status":"publish","type":"product","link":"https:\/\/www.tendenzeshabbychic.it\/fr\/produit\/napperon-corinthien-couleur-luxe-menthe-35-x-50-chez-moi\/","title":{"rendered":"Napperon corinthien Couleur luxe Menthe 35 x 50 Chez Moi"},"content":{"rendered":"<p>Magnifique napperon enti\u00e8rement fabriqu\u00e9 en Italie par Chez Moi La dentelle corinthienne est enrichie dans le luxe par le merveilleux festonnage sur tous les c\u00f4t\u00e9s.<\/p>\n<p>Le napperon Luxury Corinthian de couleur menthe s&rsquo;adapte \u00e0 tous les styles, du classique au moderne, et apporte lumi\u00e8re et \u00e9l\u00e9gance \u00e0 votre d\u00e9cor. La transparence du tulle met en valeur la richesse et la beaut\u00e9 de la broderie 100% pur coton. Gr\u00e2ce \u00e0 son format modeste de 35 x 50, vous pourrez l&rsquo;adapter \u00e0 diff\u00e9rents meubles, vous pouvez le placer directement sur le meuble ou sur une nappe, un chemin de table en dessous en contraste, vous ferez ressortir encore plus la richesse de la dentelle.<\/p>\n<p>&nbsp;<\/p>\n<ul>\n<li>taille : 35 x 55<\/li>\n<li>Mati\u00e8re : 80% nylon, 20% coton<\/li>\n<li><strong>MADE IN ITALY<\/strong><\/li>\n<li>Lavable en machine \u00e0 30\u00b0, de pr\u00e9f\u00e9rence en douceur<\/li>\n<li><strong>couleur : <\/strong>menthe (vert)<\/li>\n<\/ul>\n","protected":false},"excerpt":{"rendered":"<p><strong>DIMENSIONS : <\/strong>35 x 50 cm<\/p>\n<p>L&rsquo;\u00e9l\u00e9gance et la sophistication sont r\u00e9unies dans cette collection de Chez Moi. Magnifique napperon en pr\u00e9cieuse dentelle de Corinthe de couleur menthe, enrichi de magnifiques bords festonn\u00e9s devenant Luxury. Parfait pour votre d\u00e9cor shabby et proven\u00e7al.<\/p>\n","protected":false},"featured_media":69335,"comment_status":"open","ping_status":"closed","template":"","meta":{"_joinchat":[]},"pwb-brand":[1567],"product_brand":[],"product_cat":[1488],"product_tag":[1345,2847,1305,1300,1298,2844],"class_list":{"0":"post-73167","1":"product","2":"type-product","3":"status-publish","4":"has-post-thumbnail","6":"pwb-brand-chez-moi-fr","7":"product_cat-napperons","8":"product_tag-argile","9":"product_tag-chambre","10":"product_tag-dentelle-corinzio","11":"product_tag-fatto-a-mano-fr","12":"product_tag-made-in-italy-fr","13":"product_tag-salle-a-manger","15":"first","16":"outofstock","17":"taxable","18":"shipping-taxable","19":"purchasable","20":"product-type-simple"},"brands":[{"id":1567,"name":"Chez Moi","slug":"chez-moi-fr"}],"_links":{"self":[{"href":"https:\/\/www.tendenzeshabbychic.it\/fr\/wp-json\/wp\/v2\/product\/73167","targetHints":{"allow":["GET"]}}],"collection":[{"href":"https:\/\/www.tendenzeshabbychic.it\/fr\/wp-json\/wp\/v2\/product"}],"about":[{"href":"https:\/\/www.tendenzeshabbychic.it\/fr\/wp-json\/wp\/v2\/types\/product"}],"replies":[{"embeddable":true,"href":"https:\/\/www.tendenzeshabbychic.it\/fr\/wp-json\/wp\/v2\/comments?post=73167"}],"wp:featuredmedia":[{"embeddable":true,"href":"https:\/\/www.tendenzeshabbychic.it\/fr\/wp-json\/wp\/v2\/media\/69335"}],"wp:attachment":[{"href":"https:\/\/www.tendenzeshabbychic.it\/fr\/wp-json\/wp\/v2\/media?parent=73167"}],"wp:term":[{"taxonomy":"pwb-brand","embeddable":true,"href":"https:\/\/www.tendenzeshabbychic.it\/fr\/wp-json\/wp\/v2\/pwb-brand?post=73167"},{"taxonomy":"product_brand","embeddable":true,"href":"https:\/\/www.tendenzeshabbychic.it\/fr\/wp-json\/wp\/v2\/product_brand?post=73167"},{"taxonomy":"product_cat","embeddable":true,"href":"https:\/\/www.tendenzeshabbychic.it\/fr\/wp-json\/wp\/v2\/product_cat?post=73167"},{"taxonomy":"product_tag","embeddable":true,"href":"https:\/\/www.tendenzeshabbychic.it\/fr\/wp-json\/wp\/v2\/product_tag?post=73167"}],"curies":[{"name":"wp","href":"https:\/\/api.w.org\/{rel}","templated":true}]}}