{"id":73161,"date":"2022-11-12T19:49:31","date_gmt":"2022-11-12T18:49:31","guid":{"rendered":"https:\/\/www.tendenzeshabbychic.it\/prodotto\/chez-moi-120x300-rideau-arabesque-en-dentelle-de-boue-vintage\/"},"modified":"2023-03-23T17:44:36","modified_gmt":"2023-03-23T16:44:36","slug":"chez-moi-120x300-rideau-arabesque-en-dentelle-de-boue-vintage","status":"publish","type":"product","link":"https:\/\/www.tendenzeshabbychic.it\/fr\/produit\/chez-moi-120x300-rideau-arabesque-en-dentelle-de-boue-vintage\/","title":{"rendered":"Chez Moi 120&#215;300 Rideau Arabesque en dentelle de boue vintage"},"content":{"rendered":"<ul>\n<li>mati\u00e8re : 60% nylon &#8211; 40% coton<\/li>\n<li>MADE IN ITALY<\/li>\n<li>fait \u00e0 la main<\/li>\n<li>couleur : boue vintage (d\u00e9cor blanc chaud, texture de dentelle couleur boue)<\/li>\n<\/ul>\n","protected":false},"excerpt":{"rendered":"<p>DIMENSIONS : L 120 x H 300 cm<\/p>\n<p>Rideau shabby chic en dentelle pr\u00e9cieuse arabesque par Chez Moi Couleur boue vintage.<\/p>\n<p>En choisissant Chez Moi, vous habillez votre maison d&rsquo;un luxe italien pur. Uniquement des produits artisanaux fabriqu\u00e9s \u00e0 partir d&rsquo;excellents mat\u00e9riaux.<\/p>\n<p>Vous pouvez le suspendre \u00e0 l&rsquo;aide des liens en lin, en cr\u00e9ant des n\u0153uds duveteux, ou \u00e0 l&rsquo;aide de la boucle unique dissimul\u00e9e.<\/p>\n<p>Chaque paquet contient une seule feuille.<\/p>\n<p><iframe loading=\"lazy\" title=\"YouTube video player\" src=\"https:\/\/www.youtube.com\/embed\/echT_VqsHOw\" width=\"540\" height=\"960\" frameborder=\"0\" allowfullscreen=\"allowfullscreen\"><\/iframe><\/p>\n","protected":false},"featured_media":69365,"comment_status":"open","ping_status":"closed","template":"","meta":{"_joinchat":[]},"pwb-brand":[1567],"product_brand":[],"product_cat":[1535],"product_tag":[1304,1300,1298,1329],"class_list":{"0":"post-73161","1":"product","2":"type-product","3":"status-publish","4":"has-post-thumbnail","6":"pwb-brand-chez-moi-fr","7":"product_cat-rideaux","8":"product_tag-dentelle-arabesque","9":"product_tag-fatto-a-mano-fr","10":"product_tag-made-in-italy-fr","11":"product_tag-vintage-boue","13":"first","14":"outofstock","15":"taxable","16":"shipping-taxable","17":"purchasable","18":"product-type-simple"},"brands":[{"id":1567,"name":"Chez Moi","slug":"chez-moi-fr"}],"_links":{"self":[{"href":"https:\/\/www.tendenzeshabbychic.it\/fr\/wp-json\/wp\/v2\/product\/73161","targetHints":{"allow":["GET"]}}],"collection":[{"href":"https:\/\/www.tendenzeshabbychic.it\/fr\/wp-json\/wp\/v2\/product"}],"about":[{"href":"https:\/\/www.tendenzeshabbychic.it\/fr\/wp-json\/wp\/v2\/types\/product"}],"replies":[{"embeddable":true,"href":"https:\/\/www.tendenzeshabbychic.it\/fr\/wp-json\/wp\/v2\/comments?post=73161"}],"wp:featuredmedia":[{"embeddable":true,"href":"https:\/\/www.tendenzeshabbychic.it\/fr\/wp-json\/wp\/v2\/media\/69365"}],"wp:attachment":[{"href":"https:\/\/www.tendenzeshabbychic.it\/fr\/wp-json\/wp\/v2\/media?parent=73161"}],"wp:term":[{"taxonomy":"pwb-brand","embeddable":true,"href":"https:\/\/www.tendenzeshabbychic.it\/fr\/wp-json\/wp\/v2\/pwb-brand?post=73161"},{"taxonomy":"product_brand","embeddable":true,"href":"https:\/\/www.tendenzeshabbychic.it\/fr\/wp-json\/wp\/v2\/product_brand?post=73161"},{"taxonomy":"product_cat","embeddable":true,"href":"https:\/\/www.tendenzeshabbychic.it\/fr\/wp-json\/wp\/v2\/product_cat?post=73161"},{"taxonomy":"product_tag","embeddable":true,"href":"https:\/\/www.tendenzeshabbychic.it\/fr\/wp-json\/wp\/v2\/product_tag?post=73161"}],"curies":[{"name":"wp","href":"https:\/\/api.w.org\/{rel}","templated":true}]}}