{"id":72345,"date":"2026-03-04T00:00:01","date_gmt":"2026-03-03T23:00:01","guid":{"rendered":"https:\/\/www.tendenzeshabbychic.it\/prodotto\/housse-de-table-en-dentelle-ciel-par-latelier-17\/"},"modified":"2026-04-04T21:48:52","modified_gmt":"2026-04-04T19:48:52","slug":"housse-de-table-en-dentelle-ciel-par-latelier-17","status":"publish","type":"product","link":"https:\/\/www.tendenzeshabbychic.it\/fr\/produit\/housse-de-table-en-dentelle-ciel-par-latelier-17\/","title":{"rendered":"Nappe dentelle Ciel par L&rsquo;Atelier 17"},"content":{"rendered":"<h2>Nappe carr\u00e9e en dentelle.<\/h2>\n<ul>\n<li>Mati\u00e8re : 100 % polyester<\/li>\n<li>Couvre-chef en dentelle.<\/li>\n<li>D\u00e9corations tr\u00e8s raffin\u00e9es<\/li>\n<li>Il s&rsquo;accorde avec de nombreux styles, du shabby chic au proven\u00e7al.<\/li>\n<li>Couleurs : ivoire, blanc et mauve<\/li>\n<\/ul>\n","protected":false},"excerpt":{"rendered":"<p>Nappe de table en dentelle \u00e0 motif floral, appartenant \u00e0 la ligne <a href=\"https:\/\/www.tendenzeshabbychic.it\/tag-prodotto\/ciel\/\">Ciel<\/a> de L&rsquo;Atelier 17. Disponible en trois couleurs.<br \/>\n<strong>DIMENSIONS<\/strong>: 90&#215;90<\/p>\n<p><strong>Pour acheter : choisissez la couleur d\u00e9sir\u00e9e, la quantit\u00e9 et cliquez sur ajouter au panier.<\/strong><\/p>\n","protected":false},"featured_media":62818,"comment_status":"open","ping_status":"closed","template":"","meta":{"_joinchat":[]},"pwb-brand":[1560],"product_brand":[],"product_cat":[1488,1490],"product_tag":[2847,1558,1308,2844],"class_list":{"0":"post-72345","1":"product","2":"type-product","3":"status-publish","4":"has-post-thumbnail","6":"pwb-brand-atelier-17-fr","7":"product_cat-napperons","8":"product_cat-chemin-de-table","9":"product_tag-chambre","10":"product_tag-ciel-fr","11":"product_tag-dentelle","12":"product_tag-salle-a-manger","13":"pa_colore-blanc","14":"pa_colore-ivoire","15":"pa_colore-mauve","17":"first","18":"instock","19":"taxable","20":"shipping-taxable","21":"purchasable","22":"product-type-variable"},"brands":[{"id":1560,"name":"L\u2019Atelier 17","slug":"atelier-17-fr"}],"_links":{"self":[{"href":"https:\/\/www.tendenzeshabbychic.it\/fr\/wp-json\/wp\/v2\/product\/72345","targetHints":{"allow":["GET"]}}],"collection":[{"href":"https:\/\/www.tendenzeshabbychic.it\/fr\/wp-json\/wp\/v2\/product"}],"about":[{"href":"https:\/\/www.tendenzeshabbychic.it\/fr\/wp-json\/wp\/v2\/types\/product"}],"replies":[{"embeddable":true,"href":"https:\/\/www.tendenzeshabbychic.it\/fr\/wp-json\/wp\/v2\/comments?post=72345"}],"wp:featuredmedia":[{"embeddable":true,"href":"https:\/\/www.tendenzeshabbychic.it\/fr\/wp-json\/wp\/v2\/media\/62818"}],"wp:attachment":[{"href":"https:\/\/www.tendenzeshabbychic.it\/fr\/wp-json\/wp\/v2\/media?parent=72345"}],"wp:term":[{"taxonomy":"pwb-brand","embeddable":true,"href":"https:\/\/www.tendenzeshabbychic.it\/fr\/wp-json\/wp\/v2\/pwb-brand?post=72345"},{"taxonomy":"product_brand","embeddable":true,"href":"https:\/\/www.tendenzeshabbychic.it\/fr\/wp-json\/wp\/v2\/product_brand?post=72345"},{"taxonomy":"product_cat","embeddable":true,"href":"https:\/\/www.tendenzeshabbychic.it\/fr\/wp-json\/wp\/v2\/product_cat?post=72345"},{"taxonomy":"product_tag","embeddable":true,"href":"https:\/\/www.tendenzeshabbychic.it\/fr\/wp-json\/wp\/v2\/product_tag?post=72345"}],"curies":[{"name":"wp","href":"https:\/\/api.w.org\/{rel}","templated":true}]}}