{"id":71975,"date":"2023-09-07T11:05:03","date_gmt":"2023-09-07T09:05:03","guid":{"rendered":"https:\/\/www.tendenzeshabbychic.it\/prodotto\/tapis-blanc-mariclo-roses-140-x-200-teatro\/"},"modified":"2024-06-17T13:27:12","modified_gmt":"2024-06-17T11:27:12","slug":"tappeto-blanc-mariclo-roses-140-x-200-teatro","status":"publish","type":"product","link":"https:\/\/www.tendenzeshabbychic.it\/fr\/produit\/tappeto-blanc-mariclo-roses-140-x-200-teatro\/","title":{"rendered":"Tapis Blanc Mariclo&rsquo; Roses 140 x 200 Teatro"},"content":{"rendered":"<h2>Tapis 140&#215;200 collection Teatro by Blanc Maricl\u00f2 Roses<\/h2>\n<p>Tapis anciens <strong>Blanc Mariclo<\/strong> enchantent par leur charme vintage. Les dessins sont inspir\u00e9s d&rsquo;anciens mod\u00e8les.<\/p>\n<p>Son design unique et sophistiqu\u00e9, ses mat\u00e9riaux de haute qualit\u00e9, son motif floral, ses d\u00e9corations et ses bordures en font la <strong>star incontest\u00e9e de votre maison<\/strong>.<\/p>\n<p>Les tapis Blanc Mariclo&rsquo; sont disponibles en diff\u00e9rents motifs et couleurs et peuvent \u00eatre combin\u00e9s avec diff\u00e9rents ameublements : dans les maisons de style classique avec de vieux parquets et de beaux meubles, ils apportent une atmosph\u00e8re unique et authentique ; dans les salons modernes, en revanche, ils offrent un fort contraste, donnant \u00e0 la maison une touche de nostalgie intelligente.<\/p>\n<ul>\n<li>mati\u00e8re : 40% acrylique &#8211; 30% coton &#8211; 30% polyester<\/li>\n<li>couleur : d\u00e9grade les diff\u00e9rentes nuances de rose<\/li>\n<li>100% FABRIQU\u00c9 EN ITALIE<\/li>\n<li>avec antid\u00e9rapant<\/li>\n<li>lavable en machine<\/li>\n<\/ul>\n<h3>Lire notre <span style=\"color: #00a859;\"><a style=\"color: #00a859;\" href=\"https:\/\/www.tendenzeshabbychic.it\/fr\/tapis-blanc-mariclo\/\"><strong>fiche technique<\/strong><\/a> <\/span>sur les moquettes Blanc Mariclo.<\/h3>\n","protected":false},"excerpt":{"rendered":"<p><strong>DIMENSIONS<\/strong>: 140&#215;200<br \/>\nTapis mod. Le Teatro<em>Dusty Rose de <strong>Blanc Maricl\u00f2 <\/strong><\/em>donnera \u00e0 votre int\u00e9rieur une incroyable touche d&rsquo;\u00e9l\u00e9gance. Le motif l\u00e9g\u00e8rement us\u00e9 et les diff\u00e9rentes nuances de rose lui conf\u00e8rent un aspect authentiquement vintage, parfait si vous aimez le style shabby chic.<\/p>\n","protected":false},"featured_media":62298,"comment_status":"open","ping_status":"closed","template":"","meta":{"_joinchat":[]},"pwb-brand":[1561],"product_brand":[],"product_cat":[1530],"product_tag":[1291,2847,1298,2844,1545,1549],"class_list":{"0":"post-71975","1":"product","2":"type-product","3":"status-publish","4":"has-post-thumbnail","6":"pwb-brand-blanc-mariclo-fr","7":"product_cat-tapis","8":"product_tag-140x200-fr","9":"product_tag-chambre","10":"product_tag-made-in-italy-fr","11":"product_tag-salle-a-manger","12":"product_tag-teatro-fr","13":"product_tag-theatre-de-la-rose","15":"first","16":"outofstock","17":"taxable","18":"shipping-taxable","19":"purchasable","20":"product-type-simple"},"brands":[{"id":1561,"name":"Blanc Mariclo","slug":"blanc-mariclo-fr"}],"_links":{"self":[{"href":"https:\/\/www.tendenzeshabbychic.it\/fr\/wp-json\/wp\/v2\/product\/71975","targetHints":{"allow":["GET"]}}],"collection":[{"href":"https:\/\/www.tendenzeshabbychic.it\/fr\/wp-json\/wp\/v2\/product"}],"about":[{"href":"https:\/\/www.tendenzeshabbychic.it\/fr\/wp-json\/wp\/v2\/types\/product"}],"replies":[{"embeddable":true,"href":"https:\/\/www.tendenzeshabbychic.it\/fr\/wp-json\/wp\/v2\/comments?post=71975"}],"wp:featuredmedia":[{"embeddable":true,"href":"https:\/\/www.tendenzeshabbychic.it\/fr\/wp-json\/wp\/v2\/media\/62298"}],"wp:attachment":[{"href":"https:\/\/www.tendenzeshabbychic.it\/fr\/wp-json\/wp\/v2\/media?parent=71975"}],"wp:term":[{"taxonomy":"pwb-brand","embeddable":true,"href":"https:\/\/www.tendenzeshabbychic.it\/fr\/wp-json\/wp\/v2\/pwb-brand?post=71975"},{"taxonomy":"product_brand","embeddable":true,"href":"https:\/\/www.tendenzeshabbychic.it\/fr\/wp-json\/wp\/v2\/product_brand?post=71975"},{"taxonomy":"product_cat","embeddable":true,"href":"https:\/\/www.tendenzeshabbychic.it\/fr\/wp-json\/wp\/v2\/product_cat?post=71975"},{"taxonomy":"product_tag","embeddable":true,"href":"https:\/\/www.tendenzeshabbychic.it\/fr\/wp-json\/wp\/v2\/product_tag?post=71975"}],"curies":[{"name":"wp","href":"https:\/\/api.w.org\/{rel}","templated":true}]}}