{"id":71968,"date":"2023-01-18T11:02:55","date_gmt":"2023-01-18T10:02:55","guid":{"rendered":"https:\/\/www.tendenzeshabbychic.it\/prodotto\/blanc-mariclo-teatro-tapis-gris-65-x-150\/"},"modified":"2024-07-07T17:37:50","modified_gmt":"2024-07-07T15:37:50","slug":"tapis-blanc-mariclo-theatre-gris-65-x-150","status":"publish","type":"product","link":"https:\/\/www.tendenzeshabbychic.it\/fr\/produit\/tapis-blanc-mariclo-theatre-gris-65-x-150\/","title":{"rendered":"Tapis Blanc Mariclo Teatro Gris 65 X 150"},"content":{"rendered":"<h2>Tapis Teatro Blanc Maricl\u00f2 Gris 65 x 150 cm<\/h2>\n<p>Son design unique et sophistiqu\u00e9, ses mat\u00e9riaux de haute qualit\u00e9, son motif floral, ses d\u00e9corations et ses bordures en font la <strong>star incontest\u00e9e de votre maison<\/strong>.<\/p>\n<div class=\"o9v6fnle cxmmr5t8 oygrvhab hcukyx3x c1et5uql ii04i59q\">\n<div dir=\"auto\"><\/div>\n<\/div>\n<ul>\n<li>mati\u00e8re : 40% acrylique &#8211; 30% coton &#8211; 30% polyester<\/li>\n<li>couleur : d\u00e9grad\u00e9 de diff\u00e9rentes nuances de gris et de bleu clair\/bleu<\/li>\n<li>100% FABRIQU\u00c9 EN ITALIE<\/li>\n<li>avec antid\u00e9rapant<\/li>\n<li>lavable en machine<\/li>\n<\/ul>\n<h3><em>Lisez cet article o\u00f9 se trouve une <span style=\"color: #00a859;\"><a style=\"color: #00a859;\" href=\"https:\/\/www.tendenzeshabbychic.it\/fr\/tapis-blanc-mariclo\/\"><strong>fiche technique<\/strong><\/a><\/span> sur les tapis Blanc Mariclo .<\/em><\/h3>\n","protected":false},"excerpt":{"rendered":"<p>Tapis Teatro <a href=\"https:\/\/www.tendenzeshabbychic.it\/brand\/blanc-mariclo\/\"><em><strong>Blanc Maricl\u00f2<\/strong><\/em><\/a> <em>Gris par<strong> <\/strong><\/em>Il donnera \u00e0 votre int\u00e9rieur une touche d&rsquo;\u00e9l\u00e9gance incroyable. Le motif l\u00e9g\u00e8rement us\u00e9 et les diff\u00e9rentes nuances de gris lui conf\u00e8rent un aspect authentiquement vintage, parfait si vous aimez le style shabby chic.<br \/>\n<strong>DIMENSIONS : <\/strong>65&#215;150 cm<\/p>\n<p><iframe loading=\"lazy\" title=\"YouTube video player\" src=\"https:\/\/www.youtube.com\/embed\/WXz8tUnJbMw\" width=\"470\" height=\"470\" frameborder=\"0\" allowfullscreen=\"allowfullscreen\"><\/iframe><\/p>\n","protected":false},"featured_media":62698,"comment_status":"open","ping_status":"closed","template":"","meta":{"_joinchat":[]},"pwb-brand":[1561],"product_brand":[],"product_cat":[1530],"product_tag":[1293,2847,1298,2844,1545,1547],"class_list":{"0":"post-71968","1":"product","2":"type-product","3":"status-publish","4":"has-post-thumbnail","6":"pwb-brand-blanc-mariclo-fr","7":"product_cat-tapis","8":"product_tag-65x150-fr","9":"product_tag-chambre","10":"product_tag-made-in-italy-fr","11":"product_tag-salle-a-manger","12":"product_tag-teatro-fr","13":"product_tag-theatre-gris","15":"first","16":"outofstock","17":"taxable","18":"shipping-taxable","19":"purchasable","20":"product-type-simple"},"brands":[{"id":1561,"name":"Blanc Mariclo","slug":"blanc-mariclo-fr"}],"_links":{"self":[{"href":"https:\/\/www.tendenzeshabbychic.it\/fr\/wp-json\/wp\/v2\/product\/71968","targetHints":{"allow":["GET"]}}],"collection":[{"href":"https:\/\/www.tendenzeshabbychic.it\/fr\/wp-json\/wp\/v2\/product"}],"about":[{"href":"https:\/\/www.tendenzeshabbychic.it\/fr\/wp-json\/wp\/v2\/types\/product"}],"replies":[{"embeddable":true,"href":"https:\/\/www.tendenzeshabbychic.it\/fr\/wp-json\/wp\/v2\/comments?post=71968"}],"wp:featuredmedia":[{"embeddable":true,"href":"https:\/\/www.tendenzeshabbychic.it\/fr\/wp-json\/wp\/v2\/media\/62698"}],"wp:attachment":[{"href":"https:\/\/www.tendenzeshabbychic.it\/fr\/wp-json\/wp\/v2\/media?parent=71968"}],"wp:term":[{"taxonomy":"pwb-brand","embeddable":true,"href":"https:\/\/www.tendenzeshabbychic.it\/fr\/wp-json\/wp\/v2\/pwb-brand?post=71968"},{"taxonomy":"product_brand","embeddable":true,"href":"https:\/\/www.tendenzeshabbychic.it\/fr\/wp-json\/wp\/v2\/product_brand?post=71968"},{"taxonomy":"product_cat","embeddable":true,"href":"https:\/\/www.tendenzeshabbychic.it\/fr\/wp-json\/wp\/v2\/product_cat?post=71968"},{"taxonomy":"product_tag","embeddable":true,"href":"https:\/\/www.tendenzeshabbychic.it\/fr\/wp-json\/wp\/v2\/product_tag?post=71968"}],"curies":[{"name":"wp","href":"https:\/\/api.w.org\/{rel}","templated":true}]}}