{"id":71966,"date":"2024-05-08T11:25:28","date_gmt":"2024-05-08T09:25:28","guid":{"rendered":"https:\/\/www.tendenzeshabbychic.it\/prodotto\/blanc-mariclo-tapis-de-teatro-naturel-65x150\/"},"modified":"2024-05-14T10:26:12","modified_gmt":"2024-05-14T08:26:12","slug":"tapis-blanc-mariclo-theatre-naturel-65x150","status":"publish","type":"product","link":"https:\/\/www.tendenzeshabbychic.it\/fr\/produit\/tapis-blanc-mariclo-theatre-naturel-65x150\/","title":{"rendered":"Blanc Mariclo Tapis de th\u00e9\u00e2tre naturel 65&#215;150"},"content":{"rendered":"<h2>Tapis Teatro Blanc Maricl\u00f2 Nocciola 65&#215;150 cm<\/h2>\n<p>Tapis anciens <a href=\"https:\/\/www.tendenzeshabbychic.it\/fr\/brand\/blanc-mariclo-fr\/\"><br \/>\n  <strong>Blanc Mariclo<\/strong><br \/>\n<\/a> enchantent par leur charme vintage. Les dessins sont inspir\u00e9s d&rsquo;anciens mod\u00e8les.<\/p>\n<p>Son design unique et sophistiqu\u00e9, ses mat\u00e9riaux de haute qualit\u00e9, son motif floral, ses d\u00e9corations et ses bordures en font la <strong>star incontest\u00e9e de votre maison<\/strong>.<\/p>\n<p>Les tapis Blanc Mariclo&rsquo; sont disponibles en diff\u00e9rents motifs et couleurs et peuvent \u00eatre combin\u00e9s avec diff\u00e9rents ameublements : dans les maisons de style classique avec de vieux parquets et de beaux meubles, ils apportent une atmosph\u00e8re unique et authentique ; dans les salons modernes, en revanche, ils offrent un fort contraste, donnant \u00e0 la maison une touche de nostalgie intelligente.<\/p>\n<div class=\"kvgmc6g5 cxmmr5t8 oygrvhab hcukyx3x c1et5uql ii04i59q\">\n<div dir=\"auto\">La majest\u00e9 est d\u00e9j\u00e0 apparente dans le nom : \u00ab\u00a0TEATRO\u00a0\u00bb, c&rsquo;est ainsi que s&rsquo;appelle ce tapis blanc mariclo.<\/div>\n<\/div>\n<div class=\"o9v6fnle cxmmr5t8 oygrvhab hcukyx3x c1et5uql ii04i59q\">\n<div dir=\"auto\">Belle, \u00e9l\u00e9gante, polyvalente, harmonieuse, les adjectifs ne suffisent pas \u00e0 la d\u00e9crire. Id\u00e9ale dans tous les environnements, elle illumine votre d\u00e9cor, qu&rsquo;il soit shabby chic ou moderne contemporain, en apportant cette touche d\u00e9licate et romantique que peu d&rsquo;accessoires peuvent vous donner.<\/div>\n<\/div>\n<ul>\n<li>mati\u00e8re : 40% acrylique &#8211; 30% coton &#8211; 30% polyester<\/li>\n<li>couleur : diverses nuances de noisette et de brun<\/li>\n<li>100% FABRIQU\u00c9 EN ITALIE<\/li>\n<li>avec antid\u00e9rapant<\/li>\n<li>lavable en machine<\/li>\n<\/ul>\n<h3>Lire notre <span style=\"color: #00a859;\"><a style=\"color: #00a859;\" href=\"https:\/\/www.tendenzeshabbychic.it\/fr\/tapis-blanc-mariclo\/\"><strong>fiche technique<\/strong><\/a> <\/span>sur les moquettes Blanc Mariclo.<\/h3>\n","protected":false},"excerpt":{"rendered":"<p>Tapis <em><br \/>\n  <strong>Blanc Maricl\u00f2 <\/strong><br \/>\n<\/em>Teatro<em> Nocciola <\/em>donnera \u00e0 votre int\u00e9rieur une incroyable touche d&rsquo;\u00e9l\u00e9gance. Le motif l\u00e9g\u00e8rement us\u00e9 et les diff\u00e9rentes nuances de noisette lui conf\u00e8rent un aspect authentiquement vintage, parfait si vous aimez le style shabby chic.<br \/>\n<strong>DIMENSIONS : <\/strong>65&#215;150 cm<\/p>\n<p><iframe loading=\"lazy\" title=\"YouTube video player\" src=\"https:\/\/www.youtube.com\/embed\/PfqOT0Uy21Y\" width=\"470\" height=\"470\" frameborder=\"0\" allowfullscreen=\"allowfullscreen\"><\/iframe><\/p>\n","protected":false},"featured_media":62699,"comment_status":"open","ping_status":"closed","template":"","meta":{"_joinchat":[]},"pwb-brand":[1561],"product_brand":[],"product_cat":[1530],"product_tag":[1293,2847,1298,2844,1545,1546],"class_list":{"0":"post-71966","1":"product","2":"type-product","3":"status-publish","4":"has-post-thumbnail","6":"pwb-brand-blanc-mariclo-fr","7":"product_cat-tapis","8":"product_tag-65x150-fr","9":"product_tag-chambre","10":"product_tag-made-in-italy-fr","11":"product_tag-salle-a-manger","12":"product_tag-teatro-fr","13":"product_tag-theatre-de-la-noisette","15":"first","16":"outofstock","17":"taxable","18":"shipping-taxable","19":"purchasable","20":"product-type-simple"},"brands":[{"id":1561,"name":"Blanc Mariclo","slug":"blanc-mariclo-fr"}],"_links":{"self":[{"href":"https:\/\/www.tendenzeshabbychic.it\/fr\/wp-json\/wp\/v2\/product\/71966","targetHints":{"allow":["GET"]}}],"collection":[{"href":"https:\/\/www.tendenzeshabbychic.it\/fr\/wp-json\/wp\/v2\/product"}],"about":[{"href":"https:\/\/www.tendenzeshabbychic.it\/fr\/wp-json\/wp\/v2\/types\/product"}],"replies":[{"embeddable":true,"href":"https:\/\/www.tendenzeshabbychic.it\/fr\/wp-json\/wp\/v2\/comments?post=71966"}],"wp:featuredmedia":[{"embeddable":true,"href":"https:\/\/www.tendenzeshabbychic.it\/fr\/wp-json\/wp\/v2\/media\/62699"}],"wp:attachment":[{"href":"https:\/\/www.tendenzeshabbychic.it\/fr\/wp-json\/wp\/v2\/media?parent=71966"}],"wp:term":[{"taxonomy":"pwb-brand","embeddable":true,"href":"https:\/\/www.tendenzeshabbychic.it\/fr\/wp-json\/wp\/v2\/pwb-brand?post=71966"},{"taxonomy":"product_brand","embeddable":true,"href":"https:\/\/www.tendenzeshabbychic.it\/fr\/wp-json\/wp\/v2\/product_brand?post=71966"},{"taxonomy":"product_cat","embeddable":true,"href":"https:\/\/www.tendenzeshabbychic.it\/fr\/wp-json\/wp\/v2\/product_cat?post=71966"},{"taxonomy":"product_tag","embeddable":true,"href":"https:\/\/www.tendenzeshabbychic.it\/fr\/wp-json\/wp\/v2\/product_tag?post=71966"}],"curies":[{"name":"wp","href":"https:\/\/api.w.org\/{rel}","templated":true}]}}